{"id":2,"date":"2011-11-18T08:38:59","date_gmt":"2011-11-18T08:38:59","guid":{"rendered":"https:\/\/blogs.ua.es\/documentalesedadmoderna\/?page_id=2"},"modified":"2012-01-18T15:35:13","modified_gmt":"2012-01-18T15:35:13","slug":"pagina-ejemplo","status":"publish","type":"page","link":"https:\/\/blogs.ua.es\/documentalesedadmoderna\/pagina-ejemplo\/","title":{"rendered":"Metodolog\u00eda"},"content":{"rendered":"<p>Para la realizaci\u00f3n de este blog, hemos decidido utilizar, en mayor medida,\u00a0v\u00eddeos\u00a0documentales que reflejan correctamente el tema escogido. Al ser un tema muy\u00a0amplio, hemos optado por basarnos en varias series documentales ya existentes.<\/p>\n<p>Principalmente, las referencias han sido tomadas de la p\u00e1gina web de Rtve, donde hemos podido disfrutar de la gran mayor\u00eda de los documentales que aqu\u00ed exponemos para la utilizaci\u00f3n de los usuarios. Tambi\u00e9n hacemos referencia a documentales extra\u00eddos de Youtube y al canal &#8220;Artehistoria&#8221; perteneciente a \u00e9ste.<\/p>\n<p>Por \u00faltimo, debemos aclarar que los comentario cr\u00edticos que aparecen en las entradas, son comentarios propios, elaborados bajo nuestro punto de vista.<\/p>\n<p>&nbsp;<\/p>\n","protected":false},"excerpt":{"rendered":"<p>Para la realizaci\u00f3n de este blog, hemos decidido utilizar, en mayor medida,\u00a0v\u00eddeos\u00a0documentales que reflejan correctamente el tema escogido. Al ser un tema muy\u00a0amplio, hemos optado por basarnos en varias series documentales ya existentes. Principalmente, las referencias han sido tomadas de la p\u00e1gina web de Rtve, donde hemos podido disfrutar de la gran mayor\u00eda de los [&hellip;]<\/p>\n","protected":false},"author":2342,"featured_media":0,"parent":0,"menu_order":0,"comment_status":"open","ping_status":"open","template":"","meta":{"footnotes":""},"class_list":["post-2","page","type-page","status-publish","hentry"],"_links":{"self":[{"href":"https:\/\/blogs.ua.es\/documentalesedadmoderna\/wp-json\/wp\/v2\/pages\/2","targetHints":{"allow":["GET"]}}],"collection":[{"href":"https:\/\/blogs.ua.es\/documentalesedadmoderna\/wp-json\/wp\/v2\/pages"}],"about":[{"href":"https:\/\/blogs.ua.es\/documentalesedadmoderna\/wp-json\/wp\/v2\/types\/page"}],"author":[{"embeddable":true,"href":"https:\/\/blogs.ua.es\/documentalesedadmoderna\/wp-json\/wp\/v2\/users\/2342"}],"replies":[{"embeddable":true,"href":"https:\/\/blogs.ua.es\/documentalesedadmoderna\/wp-json\/wp\/v2\/comments?post=2"}],"version-history":[{"count":8,"href":"https:\/\/blogs.ua.es\/documentalesedadmoderna\/wp-json\/wp\/v2\/pages\/2\/revisions"}],"predecessor-version":[{"id":197,"href":"https:\/\/blogs.ua.es\/documentalesedadmoderna\/wp-json\/wp\/v2\/pages\/2\/revisions\/197"}],"wp:attachment":[{"href":"https:\/\/blogs.ua.es\/documentalesedadmoderna\/wp-json\/wp\/v2\/media?parent=2"}],"curies":[{"name":"wp","href":"https:\/\/api.w.org\/{rel}","templated":true}]}}