{"id":51,"date":"2011-12-22T10:24:05","date_gmt":"2011-12-22T10:24:05","guid":{"rendered":"https:\/\/blogs.ua.es\/documentalesedadmoderna\/?page_id=51"},"modified":"2012-01-18T15:38:25","modified_gmt":"2012-01-18T15:38:25","slug":"explicacion","status":"publish","type":"page","link":"https:\/\/blogs.ua.es\/documentalesedadmoderna\/explicacion\/","title":{"rendered":"Explicaci\u00f3n"},"content":{"rendered":"<p>Aqu\u00ed os dejamos una breve explicaci\u00f3n sobre el tema que vamos a tratar en este blog.<\/p>\n<p>El tema en cuesti\u00f3n son los documentales a cerca de la Edad Moderna. Hemos escogido este tema porque nos pareci\u00f3 muy interesante y creemos que podemos encontrar una gran cantidad de informaci\u00f3n a cerca de este periodo hist\u00f3rico que nos pueda ayudar en la redacci\u00f3n del blog.<\/p>\n<p>Nuestro prop\u00f3sito es investigar en fuentes que nos ayuden a encontrar documentales que traten cualquier tipo de temas\u00a0 relacionados de alguna forma con los siglos XV a XVIII (concretamente desde mediados del siglo XV hasta la Revoluci\u00f3n Francesa en 1789).<\/p>\n<p>Por \u00faltimo, dentro de esta tem\u00e1tica cabe destacar dos t\u00edtulos especialmente interesantes:<\/p>\n<p>&#8211; Mujeres en la Historia: Dentro de este tema hemos hallado documentales biogr\u00e1ficos sobre mujeres de los siglos referentes a nuestro tema, como por ejemplo Isabel la Cat\u00f3lica, Juana de Castilla o Ana de Austria. A lo largo de la Historia han destacado muchos personajes, sin embargo las mujeres siempre han estado situadas en un segundo lugar y, la mayor\u00eda, a la sombra de una figura masculina, por lo que creemos que estod documentales pueden resultar muy interesantes para conocer la otra &#8220;cara&#8221; de la Historia.<\/p>\n<p>&#8211; Memoria de Espa\u00f1a: Entre los muchos documentales que podemos encontrar bajo este t\u00edtulo hemos encontrado especialmente interesante los capitulos que tratan el reinado de los Austrias hasta la llegada de los Borbones y La Nueva Espa\u00f1a de Felipe V.<\/p>\n<p>Tambi\u00e9n nos ha parecido interesante indagar en Youtube y extraer de ah\u00ed una serie de documentales que tambi\u00e9n hemos considerado oportunos. Adem\u00e1s, mostramos los peque\u00f1os documentales que ofrece &#8220;Artehistoria&#8221;, canal perteneciente al, anteriormente nombrado, Youtube.<\/p>\n<p>&nbsp;<\/p>\n","protected":false},"excerpt":{"rendered":"<p>Aqu\u00ed os dejamos una breve explicaci\u00f3n sobre el tema que vamos a tratar en este blog. El tema en cuesti\u00f3n son los documentales a cerca de la Edad Moderna. Hemos escogido este tema porque nos pareci\u00f3 muy interesante y creemos que podemos encontrar una gran cantidad de informaci\u00f3n a cerca de este periodo hist\u00f3rico que [&hellip;]<\/p>\n","protected":false},"author":2357,"featured_media":0,"parent":0,"menu_order":0,"comment_status":"open","ping_status":"open","template":"","meta":{"footnotes":""},"class_list":["post-51","page","type-page","status-publish","hentry"],"_links":{"self":[{"href":"https:\/\/blogs.ua.es\/documentalesedadmoderna\/wp-json\/wp\/v2\/pages\/51","targetHints":{"allow":["GET"]}}],"collection":[{"href":"https:\/\/blogs.ua.es\/documentalesedadmoderna\/wp-json\/wp\/v2\/pages"}],"about":[{"href":"https:\/\/blogs.ua.es\/documentalesedadmoderna\/wp-json\/wp\/v2\/types\/page"}],"author":[{"embeddable":true,"href":"https:\/\/blogs.ua.es\/documentalesedadmoderna\/wp-json\/wp\/v2\/users\/2357"}],"replies":[{"embeddable":true,"href":"https:\/\/blogs.ua.es\/documentalesedadmoderna\/wp-json\/wp\/v2\/comments?post=51"}],"version-history":[{"count":6,"href":"https:\/\/blogs.ua.es\/documentalesedadmoderna\/wp-json\/wp\/v2\/pages\/51\/revisions"}],"predecessor-version":[{"id":60,"href":"https:\/\/blogs.ua.es\/documentalesedadmoderna\/wp-json\/wp\/v2\/pages\/51\/revisions\/60"}],"wp:attachment":[{"href":"https:\/\/blogs.ua.es\/documentalesedadmoderna\/wp-json\/wp\/v2\/media?parent=51"}],"curies":[{"name":"wp","href":"https:\/\/api.w.org\/{rel}","templated":true}]}}