{"id":53,"date":"2011-12-22T10:24:51","date_gmt":"2011-12-22T10:24:51","guid":{"rendered":"https:\/\/blogs.ua.es\/documentalesedadmoderna\/?page_id=53"},"modified":"2012-01-02T11:45:26","modified_gmt":"2012-01-02T11:45:26","slug":"fuentes","status":"publish","type":"page","link":"https:\/\/blogs.ua.es\/documentalesedadmoderna\/fuentes\/","title":{"rendered":"Fuentes"},"content":{"rendered":"<p>Las fuentes de investigaci\u00f3n que hemos utilizado para llevar a cabo este blog han sido las siguientes:<\/p>\n<p>&#8211; Buscadores: Especialmente Google y sus distintas opciones que nos han permitido encontrar una gran cantidad de informaci\u00f3n que nos ha ayudado en la investigaci\u00f3n del tema y a encontrar algunos documentales interesantes. La informaci\u00f3n encontrada que nos ha sido \u00fatil o ha sido publicada en este blog tiene los enlaces correspondientes a la p\u00e1gina de origen.<\/p>\n<p>&#8211; V\u00eddeos: Han sido la fuente principal de las investigaciones, ya que la gran mayor\u00eda de los ducumentales que hemos encontrado se presenta en este formato. Los v\u00eddeos documentales que hemos encontrado han sido enlazados a este blog para que los visitantes puedan acceder a los documentales desde esta p\u00e1gina. Tambi\u00e9n hemos subido aquellos documentales que as\u00ed lo permit\u00edan para poder verlos dir\u00e9ctamente desde este blog.<\/p>\n","protected":false},"excerpt":{"rendered":"<p>Las fuentes de investigaci\u00f3n que hemos utilizado para llevar a cabo este blog han sido las siguientes: &#8211; Buscadores: Especialmente Google y sus distintas opciones que nos han permitido encontrar una gran cantidad de informaci\u00f3n que nos ha ayudado en la investigaci\u00f3n del tema y a encontrar algunos documentales interesantes. La informaci\u00f3n encontrada que nos [&hellip;]<\/p>\n","protected":false},"author":2357,"featured_media":0,"parent":0,"menu_order":0,"comment_status":"open","ping_status":"open","template":"","meta":{"footnotes":""},"class_list":["post-53","page","type-page","status-publish","hentry"],"_links":{"self":[{"href":"https:\/\/blogs.ua.es\/documentalesedadmoderna\/wp-json\/wp\/v2\/pages\/53","targetHints":{"allow":["GET"]}}],"collection":[{"href":"https:\/\/blogs.ua.es\/documentalesedadmoderna\/wp-json\/wp\/v2\/pages"}],"about":[{"href":"https:\/\/blogs.ua.es\/documentalesedadmoderna\/wp-json\/wp\/v2\/types\/page"}],"author":[{"embeddable":true,"href":"https:\/\/blogs.ua.es\/documentalesedadmoderna\/wp-json\/wp\/v2\/users\/2357"}],"replies":[{"embeddable":true,"href":"https:\/\/blogs.ua.es\/documentalesedadmoderna\/wp-json\/wp\/v2\/comments?post=53"}],"version-history":[{"count":3,"href":"https:\/\/blogs.ua.es\/documentalesedadmoderna\/wp-json\/wp\/v2\/pages\/53\/revisions"}],"predecessor-version":[{"id":64,"href":"https:\/\/blogs.ua.es\/documentalesedadmoderna\/wp-json\/wp\/v2\/pages\/53\/revisions\/64"}],"wp:attachment":[{"href":"https:\/\/blogs.ua.es\/documentalesedadmoderna\/wp-json\/wp\/v2\/media?parent=53"}],"curies":[{"name":"wp","href":"https:\/\/api.w.org\/{rel}","templated":true}]}}