{"id":55,"date":"2011-12-22T10:26:03","date_gmt":"2011-12-22T10:26:03","guid":{"rendered":"https:\/\/blogs.ua.es\/documentalesedadmoderna\/?page_id=55"},"modified":"2012-01-18T14:43:53","modified_gmt":"2012-01-18T14:43:53","slug":"valoracion","status":"publish","type":"page","link":"https:\/\/blogs.ua.es\/documentalesedadmoderna\/valoracion\/","title":{"rendered":"Valoraci\u00f3n"},"content":{"rendered":"<p>Tras hacer diferentes investigaciones hemos elegido biograf\u00edas y temas monogr\u00e1ficos para la realizaci\u00f3n de este blog. Hemos podido apreciar que son los temas m\u00e1s abundantes tratados en documentales de esta \u00e9poca.<\/p>\n<p>Nos ha resultado muy interesante la realizaci\u00f3n de este blog porque hemos aprendido cosas nuevas sobre la Edad Moderna, hemos perfilado cosas que ya sab\u00edamos y, lo m\u00e1s importante, hemos aprendido a hacer un blog -que anteriormente desconoc\u00edamos c\u00f3mo se hac\u00eda- que podemos seguir completando con documentales interesantes que vayamos descubriendo a lo largo del grado.<\/p>\n","protected":false},"excerpt":{"rendered":"<p>Tras hacer diferentes investigaciones hemos elegido biograf\u00edas y temas monogr\u00e1ficos para la realizaci\u00f3n de este blog. Hemos podido apreciar que son los temas m\u00e1s abundantes tratados en documentales de esta \u00e9poca. Nos ha resultado muy interesante la realizaci\u00f3n de este blog porque hemos aprendido cosas nuevas sobre la Edad Moderna, hemos perfilado cosas que ya [&hellip;]<\/p>\n","protected":false},"author":2357,"featured_media":0,"parent":0,"menu_order":0,"comment_status":"open","ping_status":"open","template":"","meta":{"footnotes":""},"class_list":["post-55","page","type-page","status-publish","hentry"],"_links":{"self":[{"href":"https:\/\/blogs.ua.es\/documentalesedadmoderna\/wp-json\/wp\/v2\/pages\/55","targetHints":{"allow":["GET"]}}],"collection":[{"href":"https:\/\/blogs.ua.es\/documentalesedadmoderna\/wp-json\/wp\/v2\/pages"}],"about":[{"href":"https:\/\/blogs.ua.es\/documentalesedadmoderna\/wp-json\/wp\/v2\/types\/page"}],"author":[{"embeddable":true,"href":"https:\/\/blogs.ua.es\/documentalesedadmoderna\/wp-json\/wp\/v2\/users\/2357"}],"replies":[{"embeddable":true,"href":"https:\/\/blogs.ua.es\/documentalesedadmoderna\/wp-json\/wp\/v2\/comments?post=55"}],"version-history":[{"count":3,"href":"https:\/\/blogs.ua.es\/documentalesedadmoderna\/wp-json\/wp\/v2\/pages\/55\/revisions"}],"predecessor-version":[{"id":188,"href":"https:\/\/blogs.ua.es\/documentalesedadmoderna\/wp-json\/wp\/v2\/pages\/55\/revisions\/188"}],"wp:attachment":[{"href":"https:\/\/blogs.ua.es\/documentalesedadmoderna\/wp-json\/wp\/v2\/media?parent=55"}],"curies":[{"name":"wp","href":"https:\/\/api.w.org\/{rel}","templated":true}]}}