{"id":18,"date":"2010-09-28T13:45:50","date_gmt":"2010-09-28T13:45:50","guid":{"rendered":"https:\/\/blogs.ua.es\/documentaleshistoriamoderna\/?page_id=18"},"modified":"2010-12-12T11:05:08","modified_gmt":"2010-12-12T09:05:08","slug":"presentacion","status":"publish","type":"page","link":"https:\/\/blogs.ua.es\/documentaleshistoriamoderna\/presentacion\/","title":{"rendered":"Presentaci\u00f3n"},"content":{"rendered":"<p style=\"text-align: justify\">Mi nombre es Roberto Palencia y soy alumno de la Universidad de Alicante. Este blog\u00a0forma parte, como pr\u00e1ctica, de la docencia de la asignatura &#8220;Historia Moderna de Espa\u00f1a&#8221;, dentro de\u00a0la Licenciatura en Humanidades. Comenzamos esta andadura reci\u00e9n comenzado el\u00a0curso acad\u00e9mico 2010-2011.<\/p>\n<p style=\"text-align: justify\">My name is Roberto Palencia and I am a student at the University of Alicante. This blog is a part, as a practice of teaching the course &#8220;Modern History of Spain&#8221;, within the\u00a0Humanities studies. We began this journey has just begun the academic year 2010-2011.<\/p>\n<p style=\"text-align: justify\">Mon nom est Roberto Palencia et je suis \u00e9tudiant \u00e0 l&#8217;Universit\u00e9 d&#8217;Alicante. Ce blog est une partie, comme une pratique de l&#8217;enseignement du cours \u00abHistoire moderne de l&#8217;Espagne&#8221;, dans\u00a0les\u00a0\u00e9tudes de Sciences Humaines. Nous avons commenc\u00e9 ce voyage vient de commencer l&#8217;ann\u00e9e acad\u00e9mique 2010-2011.<\/p>\n<p style=\"text-align: justify\">Il mio nome \u00e8 Roberto Palencia e io sono uno studente presso l&#8217;Universit\u00e0 di Alicante. Questo blog \u00e8 una parte, come una pratica di insegnamento della &#8220;Storia Moderna di Spagna&#8221; corso, entro il studi Umanistici. Abbiamo iniziato questo viaggio \u00e8 appena iniziato l&#8217;anno accademico 2010-2011.<\/p>\n<p style=\"text-align: justify\">Mein Name ist Roberto Palencia und ich bin ein Student an der Universit\u00e4t von Alicante. Dieser Blog ist ein Teil, als eine Praxis der Lehre des Kurses &#8220;Modern History of Spain&#8221;, innerhalb des Humanwissenschaften. Wir begannen diese Reise hat gerade erst begonnen das akademische Jahr 2010-2011.<\/p>\n","protected":false},"excerpt":{"rendered":"<p>Mi nombre es Roberto Palencia y soy alumno de la Universidad de Alicante. Este blog\u00a0forma parte, como pr\u00e1ctica, de la docencia de la asignatura &#8220;Historia Moderna de Espa\u00f1a&#8221;, dentro de\u00a0la Licenciatura en Humanidades. Comenzamos esta andadura reci\u00e9n comenzado el\u00a0curso acad\u00e9mico 2010-2011. My name is Roberto Palencia and I am a student at the University of [&hellip;]<\/p>\n","protected":false},"author":1783,"featured_media":0,"parent":0,"menu_order":0,"comment_status":"open","ping_status":"open","template":"","meta":{"footnotes":""},"class_list":["post-18","page","type-page","status-publish","hentry"],"_links":{"self":[{"href":"https:\/\/blogs.ua.es\/documentaleshistoriamoderna\/wp-json\/wp\/v2\/pages\/18","targetHints":{"allow":["GET"]}}],"collection":[{"href":"https:\/\/blogs.ua.es\/documentaleshistoriamoderna\/wp-json\/wp\/v2\/pages"}],"about":[{"href":"https:\/\/blogs.ua.es\/documentaleshistoriamoderna\/wp-json\/wp\/v2\/types\/page"}],"author":[{"embeddable":true,"href":"https:\/\/blogs.ua.es\/documentaleshistoriamoderna\/wp-json\/wp\/v2\/users\/1783"}],"replies":[{"embeddable":true,"href":"https:\/\/blogs.ua.es\/documentaleshistoriamoderna\/wp-json\/wp\/v2\/comments?post=18"}],"version-history":[{"count":8,"href":"https:\/\/blogs.ua.es\/documentaleshistoriamoderna\/wp-json\/wp\/v2\/pages\/18\/revisions"}],"predecessor-version":[{"id":31,"href":"https:\/\/blogs.ua.es\/documentaleshistoriamoderna\/wp-json\/wp\/v2\/pages\/18\/revisions\/31"}],"wp:attachment":[{"href":"https:\/\/blogs.ua.es\/documentaleshistoriamoderna\/wp-json\/wp\/v2\/media?parent=18"}],"curies":[{"name":"wp","href":"https:\/\/api.w.org\/{rel}","templated":true}]}}