{"id":2,"date":"2010-09-21T13:30:35","date_gmt":"2010-09-21T13:30:35","guid":{"rendered":""},"modified":"2010-12-12T11:23:33","modified_gmt":"2010-12-12T09:23:33","slug":"informacion","status":"publish","type":"page","link":"https:\/\/blogs.ua.es\/documentaleshistoriamoderna\/informacion\/","title":{"rendered":"Informaci\u00f3n"},"content":{"rendered":"<p style=\"text-align: justify\">Un documental es la representaci\u00f3n de la <strong>realidad<\/strong> en un soporte audiovisual. Este blog nace con el prop\u00f3sito de analizar cr\u00edticamente aquella informaci\u00f3n que nos llega a trav\u00e9s de los\u00a0numerosos\u00a0documentales realizados sobre\u00a0el <strong>tema hist\u00f3rico<\/strong>.\u00a0Es conocido\u00a0el efecto significativo que\u00a0la informaci\u00f3n visual\u00a0ejerce sobre la &#8220;no informaci\u00f3n&#8221; y sobre la &#8220;informaci\u00f3n verbal&#8221;. Es por ello que,\u00a0tal vez,\u00a0sea este\u00a0soporte\u00a0el que m\u00e1s rigor exige, tanto en su forma como\u00a0en su contenido. Cuando hablamos de documentales, adem\u00e1s, \u00e9stos tienen\u00a0un plus de credibilidad\u00a0adquirida que muchas veces puede empujarnos a\u00a0conclusiones err\u00f3neas. Si al cine le otorgamos, sin dudarlo,\u00a0un considerable margen de fantas\u00eda -l\u00e9ase falsedad-, no ocurre lo mismo con estas producciones. Y es por ello que debemos\u00a0estar siempre\u00a0atentos a lo que vemos y a saber diferenciar entre documental puro, documental de producci\u00f3n, reportajes, docudramas e, incluso, documentales\u00a0falsos, conocidos como <span style=\"text-decoration: underline\"><a title=\"Falso documental\" href=\"http:\/\/www.scribd.com\/doc\/3427083\/Mockumentary-El-falso-documental\" target=\"_blank\">mockumentary<\/a><\/span>.<\/p>\n<p style=\"text-align: justify\">A documentary is a representation of <strong>reality<\/strong> in an audiovisual medium. This blog was created with the purpose to critically analyze information that comes through the many documentaries made on the <strong>historical theme<\/strong>. Significant effect is well known that visual information exerts on the &#8220;no information&#8221; and the &#8220;spoken information.&#8221; That is why, perhaps, is this support the most rigorous demands, both in form and content. When it comes to documentaries, as well, plus they have gained credibility that can often drive us to wrong conclusions. If we grant the movies, without doubt, a considerable degree of false-fantasy-read, not so with these productions. And that is why we must always be attentive to what we see and know the difference between pure documentary, documentary production, reports, docu-drama and even fake documentary, <span style=\"text-decoration: underline\"><a title=\"Mockumentary\" href=\"http:\/\/www.scribd.com\/doc\/3427083\/Mockumentary-El-falso-documental\" target=\"_blank\">mockumentary<\/a><\/span> called.<\/p>\n<p style=\"text-align: justify\">Un documentaire est une repr\u00e9sentation de la <strong>r\u00e9alit\u00e9<\/strong> dans un milieu audiovisuel. Ce blog a \u00e9t\u00e9 cr\u00e9\u00e9 dans le but d&#8217;analyser de fa\u00e7on critique l&#8217;information qui vient \u00e0 travers le fait de nombreux documentaires sur le <strong>th\u00e8me historique<\/strong>. Effet important est bien connu qui exerce des informations visuelles sur la \u00abaucune information\u00bb et \u00abl&#8217;information verbale.&#8221; C&#8217;est pourquoi, peut-\u00eatre, est-ce le soutien des exigences les plus rigoureuses, tant dans la forme et le contenu. Quand il s&#8217;agit de documentaires, ainsi, plus ils ont gagn\u00e9 en cr\u00e9dibilit\u00e9 qui peut souvent nous conduire \u00e0 des conclusions erron\u00e9es. Si nous accordons au cin\u00e9ma, sans doute, un degr\u00e9 consid\u00e9rable de faux-fantasy \u00e0 lire, pas si avec ces productions. Et c&#8217;est pourquoi nous devons toujours \u00eatre attentifs \u00e0 ce que nous voyons et de savoir la diff\u00e9rence entre le documentaire pur, la production de documentaires, reportages, docu-fiction et m\u00eame faux documentaire,\u00a0<span style=\"text-decoration: underline\"><a title=\"Faux documentaire\" href=\"http:\/\/www.scribd.com\/doc\/3427083\/Mockumentary-El-falso-documental\" target=\"_blank\">mockumentary<\/a><\/span> appel\u00e9.<\/p>\n<p style=\"text-align: justify\">Un documentario \u00e8 una rappresentazione della <strong>realt\u00e0<\/strong> in un mezzo audiovisivo. Questo blog \u00e8 stato creato con lo scopo di analizzare criticamente le informazioni che passa attraverso il fatto molti documentari sul <strong>tema storico<\/strong>. significativo effetto \u00e8 ben noto che esercita informazioni visive su &#8220;nessuna informazione&#8221; e &#8220;informazioni verbali.&#8221; Per questo motivo, forse, \u00e8 questo supporto le richieste pi\u00f9 rigorose, sia nella forma e nei contenuti. Quando si tratta di documentari, nonch\u00e9, pi\u00f9 hanno guadagnato credibilit\u00e0 che spesso ci spingono a conclusioni sbagliate. Se vogliamo concedere il film, senza dubbio, un notevole grado di falso-fantasy-letto, non tanto con queste produzioni. Ed \u00e8 per questo che dobbiamo sempre essere attenti a ci\u00f2 che vediamo e conosciamo la differenza tra il documentario puro, produzione di documentari, relazioni, docu-fiction e anche falso documentario, <span style=\"text-decoration: underline\"><a title=\"Falso documentario\" href=\"http:\/\/www.scribd.com\/doc\/3427083\/Mockumentary-El-falso-documental\" target=\"_blank\">mockumentary<\/a><\/span> chiamato.<\/p>\n<p style=\"text-align: justify\">Ein Dokumentarfilm ist eine Darstellung der <strong>Wirklichkeit<\/strong> in ein audiovisuelles Medium. Dieser Blog wurde mit dem Zweck gegr\u00fcndet, um kritisch zu analysieren Informationen, die durch die vielen Dokumentationen \u00fcber das <strong>historische Thema<\/strong> gemacht wird. Signifikanten Effekt ist bekannt, dass visuelle Informationen \u00fcbt auf die &#8220;ohne Angabe&#8221; und die &#8220;verbale Informationen.&#8221; Deshalb, vielleicht ist diese Unterst\u00fctzung ganz besonders gefordert, sowohl in Form und Inhalt. Wenn es um Dokumentationen geht, als auch, plus haben sie die Glaubw\u00fcrdigkeit, die oft fahren kann uns zu falschen Schlussfolgerungen gewonnen. Wenn wir die Filme, ohne Zweifel zu gew\u00e4hren, ein beachtliches Ma\u00df an falsch-Fantasy-lesen, nicht so mit diesen Produktionen. Und deshalb m\u00fcssen wir stets wachsam sein, was wir sehen und kennen den Unterschied zwischen reiner Dokumentarfilm, Dokumentarfilm Produktion, Reportagen, Doku-Drama und sogar gef\u00e4lschte Dokumentation, genannt <span style=\"text-decoration: underline\"><a title=\"Mockumentary\" href=\"http:\/\/www.scribd.com\/doc\/3427083\/Mockumentary-El-falso-documental\" target=\"_blank\">Mockumentary<\/a><\/span>.<\/p>\n","protected":false},"excerpt":{"rendered":"<p>Un documental es la representaci\u00f3n de la realidad en un soporte audiovisual. Este blog nace con el prop\u00f3sito de analizar cr\u00edticamente aquella informaci\u00f3n que nos llega a trav\u00e9s de los\u00a0numerosos\u00a0documentales realizados sobre\u00a0el tema hist\u00f3rico.\u00a0Es conocido\u00a0el efecto significativo que\u00a0la informaci\u00f3n visual\u00a0ejerce sobre la &#8220;no informaci\u00f3n&#8221; y sobre la &#8220;informaci\u00f3n verbal&#8221;. Es por ello que,\u00a0tal vez,\u00a0sea este\u00a0soporte\u00a0el [&hellip;]<\/p>\n","protected":false},"author":1783,"featured_media":0,"parent":0,"menu_order":0,"comment_status":"open","ping_status":"open","template":"","meta":{"footnotes":""},"class_list":["post-2","page","type-page","status-publish","hentry"],"_links":{"self":[{"href":"https:\/\/blogs.ua.es\/documentaleshistoriamoderna\/wp-json\/wp\/v2\/pages\/2","targetHints":{"allow":["GET"]}}],"collection":[{"href":"https:\/\/blogs.ua.es\/documentaleshistoriamoderna\/wp-json\/wp\/v2\/pages"}],"about":[{"href":"https:\/\/blogs.ua.es\/documentaleshistoriamoderna\/wp-json\/wp\/v2\/types\/page"}],"author":[{"embeddable":true,"href":"https:\/\/blogs.ua.es\/documentaleshistoriamoderna\/wp-json\/wp\/v2\/users\/1783"}],"replies":[{"embeddable":true,"href":"https:\/\/blogs.ua.es\/documentaleshistoriamoderna\/wp-json\/wp\/v2\/comments?post=2"}],"version-history":[{"count":10,"href":"https:\/\/blogs.ua.es\/documentaleshistoriamoderna\/wp-json\/wp\/v2\/pages\/2\/revisions"}],"predecessor-version":[{"id":27,"href":"https:\/\/blogs.ua.es\/documentaleshistoriamoderna\/wp-json\/wp\/v2\/pages\/2\/revisions\/27"}],"wp:attachment":[{"href":"https:\/\/blogs.ua.es\/documentaleshistoriamoderna\/wp-json\/wp\/v2\/media?parent=2"}],"curies":[{"name":"wp","href":"https:\/\/api.w.org\/{rel}","templated":true}]}}