{"id":215,"date":"2010-10-18T13:17:55","date_gmt":"2010-10-18T11:17:55","guid":{"rendered":"https:\/\/blogs.ua.es\/documentaleshistoriamoderna\/"},"modified":"2010-12-07T11:03:14","modified_gmt":"2010-12-07T09:03:14","slug":"fernando-ii-de-aragon","status":"publish","type":"page","link":"https:\/\/blogs.ua.es\/documentaleshistoriamoderna\/fernando-ii-de-aragon\/","title":{"rendered":"Fernando II de Arag\u00f3n"},"content":{"rendered":"<p style=\"text-align: justify\">Posiblemente la imagen m\u00e1s conocida de Fernando <em>el Cat\u00f3lico<\/em> sea este retrato realizado por el pintor flamenco <span style=\"text-decoration: underline\"><a title=\"The National Gallery \" href=\"http:\/\/www.nationalgallery.org.uk\/artists\/michel-sittow\" target=\"_blank\">Michel Sittow<\/a><\/span>, tambi\u00e9n llamado Maestro Michiel, Mychel Flamenco o Melchior Alem\u00e1n. Fue pintor de c\u00e1mara de los Reyes Cat\u00f3licos y de la casa de Habsburgo. Comparti\u00f3 este trabajo con otros pintores de distintas partes de Europa, como el ya revisado Juan de Flandes. Vivi\u00f3 en Toledo desde 1492 hasta 1502, cuando viaj\u00f3 a Flandes para trabajar junto a <span style=\"text-decoration: underline\"><a title=\"Cervantes virtual\" href=\"http:\/\/www.cervantesvirtual.com\/historia\/monarquia\/felipe1.shtml\" target=\"_blank\">Felipe <em>el Hermoso<\/em><\/a><\/span>.<\/p>\n<p style=\"text-align: center\"><a title=\"Fernando el Cat\u00f3lico\" rel=\"attachment wp-att-275\" href=\"https:\/\/blogs.ua.es\/documentaleshistoriamoderna\/fernando-ii-de-aragon\/fdo\/\"><img loading=\"lazy\" decoding=\"async\" class=\"aligncenter size-full wp-image-275\" style=\"margin: 0px;border: 0px\" src=\"https:\/\/blogs.ua.es\/documentaleshistoriamoderna\/files\/2010\/10\/FDO.jpg\" alt=\"\" width=\"195\" height=\"259\" srcset=\"https:\/\/blogs.ua.es\/documentaleshistoriamoderna\/files\/2010\/10\/FDO.jpg 195w, https:\/\/blogs.ua.es\/documentaleshistoriamoderna\/files\/2010\/10\/FDO-112x150.jpg 112w\" sizes=\"auto, (max-width: 195px) 100vw, 195px\" \/><\/a><\/p>\n<p style=\"text-align: justify\">La imagen comedida\u00a0que a veces ha querido transmitir la historia sobre su persona, en realidad nunca se correspondi\u00f3 con la realidad. El mismo <span style=\"text-decoration: underline\"><a title=\"&quot;El pr\u00edncipe&quot; en Cervantes virtual\" href=\"http:\/\/www.cervantesvirtual.com\/servlet\/SirveObras\/01593307324583882990035\/index.htm\" target=\"_blank\">Maquiavelo<\/a><\/span> (en la imagen)\u00a0lo citaba como\u00a0el &#8220;perfecto pr\u00edncipe&#8221;, dadas sus dotes para la acci\u00f3n pol\u00edtica en general y diplom\u00e1tica en particular.<\/p>\n<p style=\"text-align: center\"><a title=\"Maquiavelo\" rel=\"attachment wp-att-284\" href=\"https:\/\/blogs.ua.es\/documentaleshistoriamoderna\/fernando-ii-de-aragon\/maquiavelo\/\"><img loading=\"lazy\" decoding=\"async\" class=\"aligncenter size-full wp-image-284\" style=\"margin: 0px;border: 0px\" src=\"https:\/\/blogs.ua.es\/documentaleshistoriamoderna\/files\/2010\/10\/MAQUIAVELO.jpg\" alt=\"\" width=\"435\" height=\"557\" srcset=\"https:\/\/blogs.ua.es\/documentaleshistoriamoderna\/files\/2010\/10\/MAQUIAVELO.jpg 435w, https:\/\/blogs.ua.es\/documentaleshistoriamoderna\/files\/2010\/10\/MAQUIAVELO-117x150.jpg 117w, https:\/\/blogs.ua.es\/documentaleshistoriamoderna\/files\/2010\/10\/MAQUIAVELO-234x300.jpg 234w\" sizes=\"auto, (max-width: 435px) 100vw, 435px\" \/><\/a><\/p>\n<p style=\"text-align: justify\">\u201cY muchos se han imaginado rep\u00fablicas y principados que nunca se han visto ni se ha sabido que existieran realmente; porque hay tanta diferencia de c\u00f3mo se vive a c\u00f3mo se debe vivir, que quien deja lo que se hace por lo que se deber\u00eda hacer, aprende m\u00e1s bien su ruina que su salvaci\u00f3n: porque un hombre que quiera en todo hacer profesi\u00f3n de bueno fracasar\u00e1 necesariamente entre tantos que no lo son. De donde le es necesario al pr\u00edncipe que quiera seguir si\u00e9ndolo aprender a poder no ser bueno y utilizar o no este conocimiento seg\u00fan lo necesite.\u201d Nicol\u00e1s de Maquiavelo, <em>El pr\u00edncipe.<\/em><\/p>\n","protected":false},"excerpt":{"rendered":"<p>Posiblemente la imagen m\u00e1s conocida de Fernando el Cat\u00f3lico sea este retrato realizado por el pintor flamenco Michel Sittow, tambi\u00e9n llamado Maestro Michiel, Mychel Flamenco o Melchior Alem\u00e1n. Fue pintor de c\u00e1mara de los Reyes Cat\u00f3licos y de la casa de Habsburgo. Comparti\u00f3 este trabajo con otros pintores de distintas partes de Europa, como el [&hellip;]<\/p>\n","protected":false},"author":1783,"featured_media":0,"parent":0,"menu_order":0,"comment_status":"open","ping_status":"open","template":"","meta":{"footnotes":""},"class_list":["post-215","page","type-page","status-publish","hentry"],"_links":{"self":[{"href":"https:\/\/blogs.ua.es\/documentaleshistoriamoderna\/wp-json\/wp\/v2\/pages\/215","targetHints":{"allow":["GET"]}}],"collection":[{"href":"https:\/\/blogs.ua.es\/documentaleshistoriamoderna\/wp-json\/wp\/v2\/pages"}],"about":[{"href":"https:\/\/blogs.ua.es\/documentaleshistoriamoderna\/wp-json\/wp\/v2\/types\/page"}],"author":[{"embeddable":true,"href":"https:\/\/blogs.ua.es\/documentaleshistoriamoderna\/wp-json\/wp\/v2\/users\/1783"}],"replies":[{"embeddable":true,"href":"https:\/\/blogs.ua.es\/documentaleshistoriamoderna\/wp-json\/wp\/v2\/comments?post=215"}],"version-history":[{"count":24,"href":"https:\/\/blogs.ua.es\/documentaleshistoriamoderna\/wp-json\/wp\/v2\/pages\/215\/revisions"}],"predecessor-version":[{"id":274,"href":"https:\/\/blogs.ua.es\/documentaleshistoriamoderna\/wp-json\/wp\/v2\/pages\/215\/revisions\/274"}],"wp:attachment":[{"href":"https:\/\/blogs.ua.es\/documentaleshistoriamoderna\/wp-json\/wp\/v2\/media?parent=215"}],"curies":[{"name":"wp","href":"https:\/\/api.w.org\/{rel}","templated":true}]}}