{"id":217,"date":"2010-10-18T13:23:55","date_gmt":"2010-10-18T11:23:55","guid":{"rendered":"https:\/\/blogs.ua.es\/documentaleshistoriamoderna\/"},"modified":"2010-11-22T10:07:56","modified_gmt":"2010-11-22T08:07:56","slug":"carlos-i","status":"publish","type":"page","link":"https:\/\/blogs.ua.es\/documentaleshistoriamoderna\/carlos-i\/","title":{"rendered":"Carlos V"},"content":{"rendered":"<p style=\"text-align: justify\">Hay varias im\u00e1genes de <span style=\"text-decoration: underline\"><a title=\"Cervantes virtual\" href=\"http:\/\/www.cervantesvirtual.com\/historia\/monarquia\/carlos1.shtml\" target=\"_blank\">Carlos V<\/a><\/span>\u00a0que nos resultan muy familiares. La primera, tal vez, la ecuestre de Tiziano <em>Carlos V a caballo en M\u00fchlberg<\/em>. Pintado en 1548, el\u00a0Emperador es mostrado triunfante tras la batalla de M\u00fchlberg. Puede admirarse en el Museo del Prado de Madrid.<\/p>\n<p style=\"text-align: center\"><a title=\"Carlos V a caballo en M\u00fchlberg\" rel=\"attachment wp-att-290\" href=\"https:\/\/blogs.ua.es\/documentaleshistoriamoderna\/carlos-i\/retrato-ecuestre-carlosv-tiziano\/\"><img loading=\"lazy\" decoding=\"async\" class=\"aligncenter size-full wp-image-290\" style=\"margin: 0px;border: 0px\" src=\"https:\/\/blogs.ua.es\/documentaleshistoriamoderna\/files\/2010\/10\/retrato-ecuestre-carlosv-tiziano.jpg\" alt=\"\" width=\"560\" height=\"678\" srcset=\"https:\/\/blogs.ua.es\/documentaleshistoriamoderna\/files\/2010\/10\/retrato-ecuestre-carlosv-tiziano.jpg 560w, https:\/\/blogs.ua.es\/documentaleshistoriamoderna\/files\/2010\/10\/retrato-ecuestre-carlosv-tiziano-123x150.jpg 123w, https:\/\/blogs.ua.es\/documentaleshistoriamoderna\/files\/2010\/10\/retrato-ecuestre-carlosv-tiziano-247x300.jpg 247w\" sizes=\"auto, (max-width: 560px) 100vw, 560px\" \/><\/a><\/p>\n<p style=\"text-align: justify\">Tambi\u00e9n de Tiziano, y tambi\u00e9n mostrada en el Museo del Prado, la segunda im\u00e1gen m\u00e1s familiar es la de <em>Carlos V con perro<\/em>. Fue un encargo del monarca, el\u00a0de reinterpretar el retrato realizado a\u00f1os antes por Jacob Seisseneger, pintor austriaco al servicio de Carlos, que le fue entregado finalmente\u00a0en 1533.\u00a0<\/p>\n<p style=\"text-align: center\"><a title=\"Carlos V con perro\" rel=\"attachment wp-att-293\" href=\"https:\/\/blogs.ua.es\/documentaleshistoriamoderna\/carlos-i\/carlos-v-con-perro\/\"><img loading=\"lazy\" decoding=\"async\" class=\"aligncenter size-full wp-image-293\" style=\"margin: 0px;border: 0px\" src=\"https:\/\/blogs.ua.es\/documentaleshistoriamoderna\/files\/2010\/10\/carlos-v-con-perro.png\" alt=\"\" width=\"350\" height=\"514\" srcset=\"https:\/\/blogs.ua.es\/documentaleshistoriamoderna\/files\/2010\/10\/carlos-v-con-perro.png 350w, https:\/\/blogs.ua.es\/documentaleshistoriamoderna\/files\/2010\/10\/carlos-v-con-perro-102x150.png 102w, https:\/\/blogs.ua.es\/documentaleshistoriamoderna\/files\/2010\/10\/carlos-v-con-perro-204x300.png 204w\" sizes=\"auto, (max-width: 350px) 100vw, 350px\" \/><\/a><\/p>\n","protected":false},"excerpt":{"rendered":"<p>Hay varias im\u00e1genes de Carlos V\u00a0que nos resultan muy familiares. La primera, tal vez, la ecuestre de Tiziano Carlos V a caballo en M\u00fchlberg. Pintado en 1548, el\u00a0Emperador es mostrado triunfante tras la batalla de M\u00fchlberg. Puede admirarse en el Museo del Prado de Madrid. Tambi\u00e9n de Tiziano, y tambi\u00e9n mostrada en el Museo del [&hellip;]<\/p>\n","protected":false},"author":1783,"featured_media":0,"parent":0,"menu_order":0,"comment_status":"open","ping_status":"open","template":"","meta":{"footnotes":""},"class_list":["post-217","page","type-page","status-publish","hentry"],"_links":{"self":[{"href":"https:\/\/blogs.ua.es\/documentaleshistoriamoderna\/wp-json\/wp\/v2\/pages\/217","targetHints":{"allow":["GET"]}}],"collection":[{"href":"https:\/\/blogs.ua.es\/documentaleshistoriamoderna\/wp-json\/wp\/v2\/pages"}],"about":[{"href":"https:\/\/blogs.ua.es\/documentaleshistoriamoderna\/wp-json\/wp\/v2\/types\/page"}],"author":[{"embeddable":true,"href":"https:\/\/blogs.ua.es\/documentaleshistoriamoderna\/wp-json\/wp\/v2\/users\/1783"}],"replies":[{"embeddable":true,"href":"https:\/\/blogs.ua.es\/documentaleshistoriamoderna\/wp-json\/wp\/v2\/comments?post=217"}],"version-history":[{"count":9,"href":"https:\/\/blogs.ua.es\/documentaleshistoriamoderna\/wp-json\/wp\/v2\/pages\/217\/revisions"}],"predecessor-version":[{"id":311,"href":"https:\/\/blogs.ua.es\/documentaleshistoriamoderna\/wp-json\/wp\/v2\/pages\/217\/revisions\/311"}],"wp:attachment":[{"href":"https:\/\/blogs.ua.es\/documentaleshistoriamoderna\/wp-json\/wp\/v2\/media?parent=217"}],"curies":[{"name":"wp","href":"https:\/\/api.w.org\/{rel}","templated":true}]}}