{"id":219,"date":"2010-10-18T13:24:06","date_gmt":"2010-10-18T11:24:06","guid":{"rendered":"https:\/\/blogs.ua.es\/documentaleshistoriamoderna\/"},"modified":"2010-11-25T21:05:37","modified_gmt":"2010-11-25T19:05:37","slug":"felipe-ii","status":"publish","type":"page","link":"https:\/\/blogs.ua.es\/documentaleshistoriamoderna\/felipe-ii\/","title":{"rendered":"Felipe II"},"content":{"rendered":"<p style=\"text-align: justify\">Posiblemente la imagen m\u00e1s conocida de <span style=\"text-decoration: underline\"><a title=\"Cervantes virtual\" href=\"http:\/\/www.cervantesvirtual.com\/historia\/monarquia\/felipe2.shtml\" target=\"_blank\">Felipe II<\/a><\/span> sea este retrato del autor renacentista\u00a0<span style=\"text-decoration: underline\"><a title=\"Museo del Prado\" href=\"http:\/\/www.museodelprado.es\/enciclopedia\/enciclopedia-on-line\/voz\/sanchez-coello-alonso\/\" target=\"_blank\">Alonso S\u00e1nchez Coello<\/a><\/span>, que ser\u00eda su pintor de c\u00e1mara. La obra data de 1557 y se encuentra en el Museo de Historia del Arte de Viena.<\/p>\n<p style=\"text-align: center\"><a title=\"Retrato de Felipe II\" rel=\"attachment wp-att-305\" href=\"https:\/\/blogs.ua.es\/documentaleshistoriamoderna\/felipe-ii\/felipe-ii-sanchez-coello\/\"><img loading=\"lazy\" decoding=\"async\" class=\"aligncenter size-full wp-image-305\" style=\"margin: 0px;border: 0px\" src=\"https:\/\/blogs.ua.es\/documentaleshistoriamoderna\/files\/2010\/10\/felipe-ii-sanchez-coello.jpg\" alt=\"\" width=\"502\" height=\"600\" srcset=\"https:\/\/blogs.ua.es\/documentaleshistoriamoderna\/files\/2010\/10\/felipe-ii-sanchez-coello.jpg 502w, https:\/\/blogs.ua.es\/documentaleshistoriamoderna\/files\/2010\/10\/felipe-ii-sanchez-coello-125x150.jpg 125w, https:\/\/blogs.ua.es\/documentaleshistoriamoderna\/files\/2010\/10\/felipe-ii-sanchez-coello-251x300.jpg 251w\" sizes=\"auto, (max-width: 502px) 100vw, 502px\" \/><\/a><\/p>\n<p>Tambi\u00e9n muy familiar es este otro <em>Retrato de Felipe II<\/em> pintado por Tiziano en 1551 y albergado en el Museo del Prado madrile\u00f1o. De esta obra\u00a0existe una copia\u00a0realizada por <span style=\"text-decoration: underline\"><a title=\"Museo del Prado\" href=\"http:\/\/www.museodelprado.es\/exposiciones\/info\/en-el-museo\/rubens\/\" target=\"_blank\">Rubens<\/a><\/span> durante su estancia en el Alc\u00e1zar de Madrid.<\/p>\n<p style=\"text-align: center\"><a title=\"Retrato de Felipe II\" rel=\"attachment wp-att-318\" href=\"https:\/\/blogs.ua.es\/documentaleshistoriamoderna\/felipe-ii\/felipe-ii-por-tiziano\/\"><img loading=\"lazy\" decoding=\"async\" class=\"aligncenter size-full wp-image-318\" style=\"margin: 0px;border: 0px\" src=\"https:\/\/blogs.ua.es\/documentaleshistoriamoderna\/files\/2010\/10\/FELIPE-II-POR-TIZIANO.jpg\" alt=\"\" width=\"250\" height=\"435\" srcset=\"https:\/\/blogs.ua.es\/documentaleshistoriamoderna\/files\/2010\/10\/FELIPE-II-POR-TIZIANO.jpg 250w, https:\/\/blogs.ua.es\/documentaleshistoriamoderna\/files\/2010\/10\/FELIPE-II-POR-TIZIANO-86x150.jpg 86w, https:\/\/blogs.ua.es\/documentaleshistoriamoderna\/files\/2010\/10\/FELIPE-II-POR-TIZIANO-172x300.jpg 172w\" sizes=\"auto, (max-width: 250px) 100vw, 250px\" \/><\/a><\/p>\n<p style=\"text-align: justify\">Pero citar a Felipe II es citar el <span style=\"text-decoration: underline\"><a title=\"Patrimonio Nacional\" href=\"http:\/\/www.patrimonionacional.es\/Home\/Palacios-Reales\/Real-Sitio-de-San-Lorenzo-del-Escorial.aspx\" target=\"_blank\">Real Sitio del San Lorenzo\u00a0de El Escorial<\/a><\/span>. Palacio, bas\u00edlica y monasterio, ser\u00e1 su fara\u00f3nica obra cumbre. Sobre proyecto de Juan Bautista de Toledo, en \u00e9l intervinieron mi paisano Juan de Herrera (dando nombre al estilo <em>Herreriano<\/em>), Juan de Mijares, <em>El Bergamasco<\/em> o Francisco de Mora. Os dejo un grabado de \u00e9poca, que me gusta m\u00e1s que las much\u00edsimas fotos que pod\u00e9is encontrar en mil sitios.<\/p>\n<p style=\"text-align: center\"><a title=\"Real Sitio de San Lorenzo de El Escorial\" rel=\"attachment wp-att-321\" href=\"https:\/\/blogs.ua.es\/documentaleshistoriamoderna\/felipe-ii\/el-escorial\/\"><img loading=\"lazy\" decoding=\"async\" class=\"aligncenter size-full wp-image-321\" style=\"margin: 0px;border: 0px\" src=\"https:\/\/blogs.ua.es\/documentaleshistoriamoderna\/files\/2010\/10\/el-escorial.jpg\" alt=\"\" width=\"600\" height=\"450\" srcset=\"https:\/\/blogs.ua.es\/documentaleshistoriamoderna\/files\/2010\/10\/el-escorial.jpg 600w, https:\/\/blogs.ua.es\/documentaleshistoriamoderna\/files\/2010\/10\/el-escorial-150x112.jpg 150w, https:\/\/blogs.ua.es\/documentaleshistoriamoderna\/files\/2010\/10\/el-escorial-300x225.jpg 300w\" sizes=\"auto, (max-width: 600px) 100vw, 600px\" \/><\/a><\/p>\n<p style=\"text-align: justify\">\u00a0<\/p>\n","protected":false},"excerpt":{"rendered":"<p>Posiblemente la imagen m\u00e1s conocida de Felipe II sea este retrato del autor renacentista\u00a0Alonso S\u00e1nchez Coello, que ser\u00eda su pintor de c\u00e1mara. La obra data de 1557 y se encuentra en el Museo de Historia del Arte de Viena. Tambi\u00e9n muy familiar es este otro Retrato de Felipe II pintado por Tiziano en 1551 y [&hellip;]<\/p>\n","protected":false},"author":1783,"featured_media":0,"parent":0,"menu_order":0,"comment_status":"open","ping_status":"open","template":"","meta":{"footnotes":""},"class_list":["post-219","page","type-page","status-publish","hentry"],"_links":{"self":[{"href":"https:\/\/blogs.ua.es\/documentaleshistoriamoderna\/wp-json\/wp\/v2\/pages\/219","targetHints":{"allow":["GET"]}}],"collection":[{"href":"https:\/\/blogs.ua.es\/documentaleshistoriamoderna\/wp-json\/wp\/v2\/pages"}],"about":[{"href":"https:\/\/blogs.ua.es\/documentaleshistoriamoderna\/wp-json\/wp\/v2\/types\/page"}],"author":[{"embeddable":true,"href":"https:\/\/blogs.ua.es\/documentaleshistoriamoderna\/wp-json\/wp\/v2\/users\/1783"}],"replies":[{"embeddable":true,"href":"https:\/\/blogs.ua.es\/documentaleshistoriamoderna\/wp-json\/wp\/v2\/comments?post=219"}],"version-history":[{"count":14,"href":"https:\/\/blogs.ua.es\/documentaleshistoriamoderna\/wp-json\/wp\/v2\/pages\/219\/revisions"}],"predecessor-version":[{"id":304,"href":"https:\/\/blogs.ua.es\/documentaleshistoriamoderna\/wp-json\/wp\/v2\/pages\/219\/revisions\/304"}],"wp:attachment":[{"href":"https:\/\/blogs.ua.es\/documentaleshistoriamoderna\/wp-json\/wp\/v2\/media?parent=219"}],"curies":[{"name":"wp","href":"https:\/\/api.w.org\/{rel}","templated":true}]}}