{"id":10,"date":"2011-11-18T09:19:01","date_gmt":"2011-11-18T09:19:01","guid":{"rendered":"https:\/\/blogs.ua.es\/documentalespeliculasgreciaclasica\/?page_id=10"},"modified":"2012-01-19T22:59:04","modified_gmt":"2012-01-19T22:59:04","slug":"presentacion","status":"publish","type":"page","link":"https:\/\/blogs.ua.es\/documentalespeliculasgreciaclasica\/presentacion\/","title":{"rendered":"Presentaci\u00f3n"},"content":{"rendered":"<p style=\"text-align: justify\">Hola, somos Francisco Armengol y Juan Cascales. Vamos a hacer un blog sobre la <strong>Grecia Cl\u00e1sica<\/strong>, fij\u00e1ndonos principalmente en las pel\u00edculas y documentales m\u00e1s representativos que se han hecho a lo largo de la historia. Estas pel\u00edculas nos ayudar\u00e1n a comprender esta importante cultura ancestral, que pusieron las bases de nuestra cultura occidental.<\/p>\n","protected":false},"excerpt":{"rendered":"<p>Hola, somos Francisco Armengol y Juan Cascales. Vamos a hacer un blog sobre la Grecia Cl\u00e1sica, fij\u00e1ndonos principalmente en las pel\u00edculas y documentales m\u00e1s representativos que se han hecho a lo largo de la historia. Estas pel\u00edculas nos ayudar\u00e1n a &hellip; <a href=\"https:\/\/blogs.ua.es\/documentalespeliculasgreciaclasica\/presentacion\/\">Continue reading <span class=\"meta-nav\">&rarr;<\/span><\/a><\/p>\n","protected":false},"author":2348,"featured_media":0,"parent":0,"menu_order":1,"comment_status":"open","ping_status":"closed","template":"","meta":{"footnotes":""},"class_list":["post-10","page","type-page","status-publish","hentry"],"_links":{"self":[{"href":"https:\/\/blogs.ua.es\/documentalespeliculasgreciaclasica\/wp-json\/wp\/v2\/pages\/10","targetHints":{"allow":["GET"]}}],"collection":[{"href":"https:\/\/blogs.ua.es\/documentalespeliculasgreciaclasica\/wp-json\/wp\/v2\/pages"}],"about":[{"href":"https:\/\/blogs.ua.es\/documentalespeliculasgreciaclasica\/wp-json\/wp\/v2\/types\/page"}],"author":[{"embeddable":true,"href":"https:\/\/blogs.ua.es\/documentalespeliculasgreciaclasica\/wp-json\/wp\/v2\/users\/2348"}],"replies":[{"embeddable":true,"href":"https:\/\/blogs.ua.es\/documentalespeliculasgreciaclasica\/wp-json\/wp\/v2\/comments?post=10"}],"version-history":[{"count":4,"href":"https:\/\/blogs.ua.es\/documentalespeliculasgreciaclasica\/wp-json\/wp\/v2\/pages\/10\/revisions"}],"predecessor-version":[{"id":152,"href":"https:\/\/blogs.ua.es\/documentalespeliculasgreciaclasica\/wp-json\/wp\/v2\/pages\/10\/revisions\/152"}],"wp:attachment":[{"href":"https:\/\/blogs.ua.es\/documentalespeliculasgreciaclasica\/wp-json\/wp\/v2\/media?parent=10"}],"curies":[{"name":"wp","href":"https:\/\/api.w.org\/{rel}","templated":true}]}}