{"id":18,"date":"2012-01-09T17:46:12","date_gmt":"2012-01-09T17:46:12","guid":{"rendered":"https:\/\/blogs.ua.es\/documentalespeliculasgreciaclasica\/?page_id=18"},"modified":"2012-01-19T22:41:55","modified_gmt":"2012-01-19T22:41:55","slug":"fuentes","status":"publish","type":"page","link":"https:\/\/blogs.ua.es\/documentalespeliculasgreciaclasica\/fuentes\/","title":{"rendered":"Fuentes"},"content":{"rendered":"<div style=\"text-align: justify\">Para la realizaci\u00f3n de este blog \u00a0hemos consultado sobre todo recursos electr\u00f3nicos, destacando p\u00e1ginas web como\u00a0<a href=\"http:\/\/www.filmaffinity.com\/es\/\">http:\/\/www.filmaffinity.com\/es\/<\/a>\u00a0y\u00a0<a href=\"http:\/\/www.imdb.es\/\">http:\/\/www.imdb.es\/<\/a>, de las que hemos encontrado diferentes pel\u00edculas y documentales que sin su ayuda nos hubiera sido muy dif\u00edciles de encontrar debido a la\u00a0antig\u00fcedad\u00a0de dichos documentos. A su vez, dichas p\u00e1ginas nos han servido para recopilar informaci\u00f3n de pel\u00edculas y documentales, como director, a\u00f1o, productora, distribuidora, etc. Tambi\u00e9n nos ha sido de gran ayuda el buscador Google Books.<\/div>\n<div style=\"text-align: justify\">Por otro lado, hemos cre\u00eddo conveniente intentar a\u00f1adir en lo sumo de lo posible en cada entrada el correspondiente enlace para poder ver el documental o pel\u00edcula a tratar.<\/div>\n","protected":false},"excerpt":{"rendered":"<p>Para la realizaci\u00f3n de este blog \u00a0hemos consultado sobre todo recursos electr\u00f3nicos, destacando p\u00e1ginas web como\u00a0http:\/\/www.filmaffinity.com\/es\/\u00a0y\u00a0http:\/\/www.imdb.es\/, de las que hemos encontrado diferentes pel\u00edculas y documentales que sin su ayuda nos hubiera sido muy dif\u00edciles de encontrar debido a la\u00a0antig\u00fcedad\u00a0de dichos &hellip; <a href=\"https:\/\/blogs.ua.es\/documentalespeliculasgreciaclasica\/fuentes\/\">Continue reading <span class=\"meta-nav\">&rarr;<\/span><\/a><\/p>\n","protected":false},"author":2348,"featured_media":0,"parent":0,"menu_order":0,"comment_status":"open","ping_status":"open","template":"","meta":{"footnotes":""},"class_list":["post-18","page","type-page","status-publish","hentry"],"_links":{"self":[{"href":"https:\/\/blogs.ua.es\/documentalespeliculasgreciaclasica\/wp-json\/wp\/v2\/pages\/18","targetHints":{"allow":["GET"]}}],"collection":[{"href":"https:\/\/blogs.ua.es\/documentalespeliculasgreciaclasica\/wp-json\/wp\/v2\/pages"}],"about":[{"href":"https:\/\/blogs.ua.es\/documentalespeliculasgreciaclasica\/wp-json\/wp\/v2\/types\/page"}],"author":[{"embeddable":true,"href":"https:\/\/blogs.ua.es\/documentalespeliculasgreciaclasica\/wp-json\/wp\/v2\/users\/2348"}],"replies":[{"embeddable":true,"href":"https:\/\/blogs.ua.es\/documentalespeliculasgreciaclasica\/wp-json\/wp\/v2\/comments?post=18"}],"version-history":[{"count":4,"href":"https:\/\/blogs.ua.es\/documentalespeliculasgreciaclasica\/wp-json\/wp\/v2\/pages\/18\/revisions"}],"predecessor-version":[{"id":149,"href":"https:\/\/blogs.ua.es\/documentalespeliculasgreciaclasica\/wp-json\/wp\/v2\/pages\/18\/revisions\/149"}],"wp:attachment":[{"href":"https:\/\/blogs.ua.es\/documentalespeliculasgreciaclasica\/wp-json\/wp\/v2\/media?parent=18"}],"curies":[{"name":"wp","href":"https:\/\/api.w.org\/{rel}","templated":true}]}}