{"id":12,"date":"2011-11-18T09:19:05","date_gmt":"2011-11-18T09:19:05","guid":{"rendered":"https:\/\/blogs.ua.es\/documentalespeliculasguerrafria\/?page_id=12"},"modified":"2012-01-18T18:30:54","modified_gmt":"2012-01-18T18:30:54","slug":"presentacion","status":"publish","type":"page","link":"https:\/\/blogs.ua.es\/documentalespeliculasguerrafria\/presentacion\/","title":{"rendered":"Presentaci\u00f3n"},"content":{"rendered":"<p style=\"text-align: justify\">Bienvenidos al blog de <strong>Documentos sobre la Guerra Fr\u00eda<\/strong>. Sus dos componentes, estudiantes del grado de Historia en la<strong> UA<span style=\"color: #000000\">,\u00a0<\/span><\/strong>\u00a0Manuel Su\u00e1rez Galinsoga y Mar\u00eda M\u00e9ndez Esquer, intentar\u00e1n mostrar informaci\u00f3n acerca de documentos gr\u00e1ficos sobre la Guerra Fr\u00eda de una <strong>manera cr\u00edtica.<\/strong><\/p>\n<p>&nbsp;<\/p>\n","protected":false},"excerpt":{"rendered":"<p>Bienvenidos al blog de Documentos sobre la Guerra Fr\u00eda. Sus dos componentes, estudiantes del grado de Historia en la UA,\u00a0\u00a0Manuel Su\u00e1rez Galinsoga y Mar\u00eda M\u00e9ndez Esquer, intentar\u00e1n mostrar informaci\u00f3n acerca de documentos gr\u00e1ficos sobre la Guerra Fr\u00eda de una manera &hellip; <a href=\"https:\/\/blogs.ua.es\/documentalespeliculasguerrafria\/presentacion\/\">Continue reading <span class=\"meta-nav\">&rarr;<\/span><\/a><\/p>\n","protected":false},"author":2337,"featured_media":0,"parent":0,"menu_order":0,"comment_status":"open","ping_status":"open","template":"","meta":{"footnotes":""},"class_list":["post-12","page","type-page","status-publish","hentry"],"_links":{"self":[{"href":"https:\/\/blogs.ua.es\/documentalespeliculasguerrafria\/wp-json\/wp\/v2\/pages\/12","targetHints":{"allow":["GET"]}}],"collection":[{"href":"https:\/\/blogs.ua.es\/documentalespeliculasguerrafria\/wp-json\/wp\/v2\/pages"}],"about":[{"href":"https:\/\/blogs.ua.es\/documentalespeliculasguerrafria\/wp-json\/wp\/v2\/types\/page"}],"author":[{"embeddable":true,"href":"https:\/\/blogs.ua.es\/documentalespeliculasguerrafria\/wp-json\/wp\/v2\/users\/2337"}],"replies":[{"embeddable":true,"href":"https:\/\/blogs.ua.es\/documentalespeliculasguerrafria\/wp-json\/wp\/v2\/comments?post=12"}],"version-history":[{"count":6,"href":"https:\/\/blogs.ua.es\/documentalespeliculasguerrafria\/wp-json\/wp\/v2\/pages\/12\/revisions"}],"predecessor-version":[{"id":14,"href":"https:\/\/blogs.ua.es\/documentalespeliculasguerrafria\/wp-json\/wp\/v2\/pages\/12\/revisions\/14"}],"wp:attachment":[{"href":"https:\/\/blogs.ua.es\/documentalespeliculasguerrafria\/wp-json\/wp\/v2\/media?parent=12"}],"curies":[{"name":"wp","href":"https:\/\/api.w.org\/{rel}","templated":true}]}}