{"id":177,"date":"2012-01-18T10:52:18","date_gmt":"2012-01-18T10:52:18","guid":{"rendered":"https:\/\/blogs.ua.es\/documentalespeliculasguerrafria\/?page_id=177"},"modified":"2012-01-18T11:08:32","modified_gmt":"2012-01-18T11:08:32","slug":"metodologia","status":"publish","type":"page","link":"https:\/\/blogs.ua.es\/documentalespeliculasguerrafria\/metodologia\/","title":{"rendered":"Metodolog\u00eda"},"content":{"rendered":"<p>El proceso que usaremos para clasificar las fuentes obtenidas va a ser la norma ISO.<\/p>\n<p>De acuerdo con nuestro tema, propondremos una seria de pel\u00edculas y documentales sobre La Guerra Fr\u00eda, y para ello utilizaremos el siguiente m\u00e9todo de referencia bibliogr\u00e1fica:<\/p>\n<p>Pel\u00edculas:<\/p>\n<p><em>T\u00edtulo de la pel\u00edcula. <\/em>[Pel\u00edcula]. Dirigida por Nombre y APELLIDOS. Pa\u00eds: Productora, a\u00f1o. Lugar: Distribuida en Espa\u00f1a por&#8230;<\/p>\n<p>Documentales o programas de emisi\u00f3n en TV:<\/p>\n<p><em>T\u00edtulo. <\/em>Nombre de la cadena de televisi\u00f3n, fecha.<\/p>\n<p>Posteriormente se mostrar\u00e1 una cr\u00edtica e interpretaci\u00f3n del documento realizada por los componentes del blog. En ella quedar\u00e1n resaltadas palabras e ideas principales que caracterizan los documentos. Adem\u00e1s de material extra como fotogramas significativos, escenas o el trailer.<\/p>\n<p>&nbsp;<\/p>\n","protected":false},"excerpt":{"rendered":"<p>El proceso que usaremos para clasificar las fuentes obtenidas va a ser la norma ISO. De acuerdo con nuestro tema, propondremos una seria de pel\u00edculas y documentales sobre La Guerra Fr\u00eda, y para ello utilizaremos el siguiente m\u00e9todo de referencia &hellip; <a href=\"https:\/\/blogs.ua.es\/documentalespeliculasguerrafria\/metodologia\/\">Continue reading <span class=\"meta-nav\">&rarr;<\/span><\/a><\/p>\n","protected":false},"author":2337,"featured_media":0,"parent":0,"menu_order":0,"comment_status":"open","ping_status":"open","template":"","meta":{"footnotes":""},"class_list":["post-177","page","type-page","status-publish","hentry"],"_links":{"self":[{"href":"https:\/\/blogs.ua.es\/documentalespeliculasguerrafria\/wp-json\/wp\/v2\/pages\/177","targetHints":{"allow":["GET"]}}],"collection":[{"href":"https:\/\/blogs.ua.es\/documentalespeliculasguerrafria\/wp-json\/wp\/v2\/pages"}],"about":[{"href":"https:\/\/blogs.ua.es\/documentalespeliculasguerrafria\/wp-json\/wp\/v2\/types\/page"}],"author":[{"embeddable":true,"href":"https:\/\/blogs.ua.es\/documentalespeliculasguerrafria\/wp-json\/wp\/v2\/users\/2337"}],"replies":[{"embeddable":true,"href":"https:\/\/blogs.ua.es\/documentalespeliculasguerrafria\/wp-json\/wp\/v2\/comments?post=177"}],"version-history":[{"count":3,"href":"https:\/\/blogs.ua.es\/documentalespeliculasguerrafria\/wp-json\/wp\/v2\/pages\/177\/revisions"}],"predecessor-version":[{"id":191,"href":"https:\/\/blogs.ua.es\/documentalespeliculasguerrafria\/wp-json\/wp\/v2\/pages\/177\/revisions\/191"}],"wp:attachment":[{"href":"https:\/\/blogs.ua.es\/documentalespeliculasguerrafria\/wp-json\/wp\/v2\/media?parent=177"}],"curies":[{"name":"wp","href":"https:\/\/api.w.org\/{rel}","templated":true}]}}