{"id":194,"date":"2012-01-18T11:10:44","date_gmt":"2012-01-18T11:10:44","guid":{"rendered":"https:\/\/blogs.ua.es\/documentalespeliculasguerrafria\/?page_id=194"},"modified":"2012-02-03T22:39:23","modified_gmt":"2012-02-03T22:39:23","slug":"contextualizacion","status":"publish","type":"page","link":"https:\/\/blogs.ua.es\/documentalespeliculasguerrafria\/contextualizacion\/","title":{"rendered":"Contextualizaci\u00f3n"},"content":{"rendered":"<p>Durante toda la historia de la humanidad se han producido guerras por diferentes causas y en lugares muy diferentes del mundo. Sin embargo, una de las m\u00e1s conocidas, es la que se dio tras la II Guerra Mundial, La Guerra Fr\u00eda.<\/p>\n<p>En 1945 tras el fin de la guerra contra el fascismo, los pa\u00edses aliados intentaron mantenerse juntos. A pesar de esto, llegaron a la conclusi\u00f3n de que ten\u00edan ideolog\u00edas muy\u00a0 diferentes que imped\u00edan la conjunta cooperaci\u00f3n, lo que concluy\u00f3 con el fin de la alianza. Esta rotura fue tajante, lo que acab\u00f3 enfrentando a dos universalismos muy potentes, que comenzaban a armarse, lo que les daba una imagen amenazadora.\u00a0 Sin embargo, la posibilidad de que estas dos grandes potencias utilizasen todo el arsenal nuclear que pose\u00edan era muy poco probable, ya que como se hab\u00eda comprobado en Hiroshima y Nagasaki, que pod\u00eda llevar al caos general. La gran rivalidad que se profesaban Estados Unidos y la Uni\u00f3n Sovi\u00e9tica con sus respectivos aliados, es lo conocido como Guerra Fr\u00eda.<\/p>\n<p>El momento de mayor auge de esta guerra, se dio entre el a\u00f1o 1948 y 1953. Pero tras un periodo de tiempo de distensiones y enfrentamientos, se produjo la llegada de Mija\u00edl Gorbachov al gobierno de la Uni\u00f3n Sovi\u00e9tica, quien poco a poco avanzar\u00eda hacia el fin de la Guerra Fr\u00eda, prop\u00f3sito que culmin\u00f3 en 1991.<\/p>\n<p><code>[kml_flashembed movie=\"http:\/\/www.youtube.com\/v\/SkOrnVobgE8\" width=\"425\" height=\"350\" wmode=\"transparent\" \/]<\/code><\/p>\n","protected":false},"excerpt":{"rendered":"<p>Durante toda la historia de la humanidad se han producido guerras por diferentes causas y en lugares muy diferentes del mundo. Sin embargo, una de las m\u00e1s conocidas, es la que se dio tras la II Guerra Mundial, La Guerra &hellip; <a href=\"https:\/\/blogs.ua.es\/documentalespeliculasguerrafria\/contextualizacion\/\">Continue reading <span class=\"meta-nav\">&rarr;<\/span><\/a><\/p>\n","protected":false},"author":2337,"featured_media":0,"parent":0,"menu_order":0,"comment_status":"open","ping_status":"open","template":"","meta":{"footnotes":""},"class_list":["post-194","page","type-page","status-publish","hentry"],"_links":{"self":[{"href":"https:\/\/blogs.ua.es\/documentalespeliculasguerrafria\/wp-json\/wp\/v2\/pages\/194","targetHints":{"allow":["GET"]}}],"collection":[{"href":"https:\/\/blogs.ua.es\/documentalespeliculasguerrafria\/wp-json\/wp\/v2\/pages"}],"about":[{"href":"https:\/\/blogs.ua.es\/documentalespeliculasguerrafria\/wp-json\/wp\/v2\/types\/page"}],"author":[{"embeddable":true,"href":"https:\/\/blogs.ua.es\/documentalespeliculasguerrafria\/wp-json\/wp\/v2\/users\/2337"}],"replies":[{"embeddable":true,"href":"https:\/\/blogs.ua.es\/documentalespeliculasguerrafria\/wp-json\/wp\/v2\/comments?post=194"}],"version-history":[{"count":3,"href":"https:\/\/blogs.ua.es\/documentalespeliculasguerrafria\/wp-json\/wp\/v2\/pages\/194\/revisions"}],"predecessor-version":[{"id":257,"href":"https:\/\/blogs.ua.es\/documentalespeliculasguerrafria\/wp-json\/wp\/v2\/pages\/194\/revisions\/257"}],"wp:attachment":[{"href":"https:\/\/blogs.ua.es\/documentalespeliculasguerrafria\/wp-json\/wp\/v2\/media?parent=194"}],"curies":[{"name":"wp","href":"https:\/\/api.w.org\/{rel}","templated":true}]}}