{"id":252,"date":"2012-01-19T11:28:39","date_gmt":"2012-01-19T11:28:39","guid":{"rendered":"https:\/\/blogs.ua.es\/documentalespeliculasguerrafria\/?page_id=252"},"modified":"2012-01-19T11:28:39","modified_gmt":"2012-01-19T11:28:39","slug":"valoracion-de-las-fuentes","status":"publish","type":"page","link":"https:\/\/blogs.ua.es\/documentalespeliculasguerrafria\/valoracion-de-las-fuentes\/","title":{"rendered":"Valoraci\u00f3n de las fuentes"},"content":{"rendered":"<p>La parte m\u00e1s dificultosa a la hora de evaluar las fuentes ha sido encontrar si hab\u00eda una fuerte parcialidad en el documento, ya que el conflicto de la Guerra Fr\u00eda encierra un trasfondo de intereses muy pol\u00e9mico. Por tanto, en las pel\u00edculas y documentales pueden aparecen fuertes mensajes patri\u00f3ticos o propagand\u00edsticos, o una cr\u00edtica y parodia de ese posicionamiento por parte del director o el equipo de producci\u00f3n.<\/p>\n","protected":false},"excerpt":{"rendered":"<p>La parte m\u00e1s dificultosa a la hora de evaluar las fuentes ha sido encontrar si hab\u00eda una fuerte parcialidad en el documento, ya que el conflicto de la Guerra Fr\u00eda encierra un trasfondo de intereses muy pol\u00e9mico. Por tanto, en &hellip; <a href=\"https:\/\/blogs.ua.es\/documentalespeliculasguerrafria\/valoracion-de-las-fuentes\/\">Continue reading <span class=\"meta-nav\">&rarr;<\/span><\/a><\/p>\n","protected":false},"author":2337,"featured_media":0,"parent":0,"menu_order":0,"comment_status":"open","ping_status":"open","template":"","meta":{"footnotes":""},"class_list":["post-252","page","type-page","status-publish","hentry"],"_links":{"self":[{"href":"https:\/\/blogs.ua.es\/documentalespeliculasguerrafria\/wp-json\/wp\/v2\/pages\/252","targetHints":{"allow":["GET"]}}],"collection":[{"href":"https:\/\/blogs.ua.es\/documentalespeliculasguerrafria\/wp-json\/wp\/v2\/pages"}],"about":[{"href":"https:\/\/blogs.ua.es\/documentalespeliculasguerrafria\/wp-json\/wp\/v2\/types\/page"}],"author":[{"embeddable":true,"href":"https:\/\/blogs.ua.es\/documentalespeliculasguerrafria\/wp-json\/wp\/v2\/users\/2337"}],"replies":[{"embeddable":true,"href":"https:\/\/blogs.ua.es\/documentalespeliculasguerrafria\/wp-json\/wp\/v2\/comments?post=252"}],"version-history":[{"count":1,"href":"https:\/\/blogs.ua.es\/documentalespeliculasguerrafria\/wp-json\/wp\/v2\/pages\/252\/revisions"}],"predecessor-version":[{"id":253,"href":"https:\/\/blogs.ua.es\/documentalespeliculasguerrafria\/wp-json\/wp\/v2\/pages\/252\/revisions\/253"}],"wp:attachment":[{"href":"https:\/\/blogs.ua.es\/documentalespeliculasguerrafria\/wp-json\/wp\/v2\/media?parent=252"}],"curies":[{"name":"wp","href":"https:\/\/api.w.org\/{rel}","templated":true}]}}