{"id":260,"date":"2012-01-12T20:58:19","date_gmt":"2012-01-12T20:58:19","guid":{"rendered":"https:\/\/blogs.ua.es\/documentalespeliculastransicionespanola\/?page_id=260"},"modified":"2012-01-12T20:58:19","modified_gmt":"2012-01-12T20:58:19","slug":"valoracion","status":"publish","type":"page","link":"https:\/\/blogs.ua.es\/documentalespeliculastransicionespanola\/valoracion\/","title":{"rendered":"Valoraci\u00f3n"},"content":{"rendered":"<p style=\"text-align: justify\">En primer lugar haremos una valoraci\u00f3n general del tema de nuestro blog. Sobre nuestro tema <em>Documentales y pel\u00edculas sobre la Transici\u00f3n espa\u00f1ola <\/em>podemos decir que existe gran cantidad de material y adem\u00e1s, la mayor\u00eda, de gran calidad.<\/p>\n<p style=\"text-align: justify\">El blog hace una cr\u00edtica constructiva sobre la gran variedad de documentales y pel\u00edculas que existen sobre el tema. Hemos encontrado, adem\u00e1s, \u00a0muchas cr\u00edticas sobre este tipo de documentos, existen algunas p\u00e1ginas web que se dedican ha hacer cr\u00edticas sobre pel\u00edculas y documentales as\u00ed como art\u00edculos en revistas que dan la opini\u00f3n de alguna persona en particular. Hemos intentado seleccionar lo m\u00e1s representativo. Los libros sobre el tema, hablan sobretodo de la Transici\u00f3n en sentido general, de su desarrollo pol\u00edtico, social, econ\u00f3mico, etc. En cambio encontramos menos material en soporte monogr\u00e1fico\u00a0al referirnos a cr\u00edticas o comentarios sobre los documentales o pel\u00edculas. Los sitios web han sido importantes en nuestro trabajo ya que encontramos gran variedad que expresan su visi\u00f3n del tema desde diversas perpectivas. Son tambi\u00e9n de importancia las revistar en l\u00ednea que hablan sobre la Transici\u00f3n, en ocasiones, alguna de ellas compuesta por personajes cercanos a los hechos.<\/p>\n<p style=\"text-align: justify\">Los temas m\u00e1s investigados y reflejados en los documentales o pel\u00edculas son variados pero el que m\u00e1s destaca es el remarcar la Transici\u00f3n en su transcurso pol\u00edtico. La pol\u00edtica es el tema central el cual se ve completado con distintas entrevistas y reportajes sobre los personajes pol\u00edticos m\u00e1s influyentes de la \u00e9poca. Tambi\u00e9n se ven reflejados los importantes movimientos sociales y en menor medida los progresivos cambios de la sociedad espa\u00f1ola. Un apartado a destacar es la presencia tanto en documentales, pel\u00edculas como en revistas, art\u00edculos o libros de informaci\u00f3n sobre personajes o eventos particulares. As\u00ed encontramos distintos documentos que nos hablan del papel de personalidades c\u00f3mo el rey don Juan Carlos, el Cardenal Taranc\u00f3n, el expresidente Adolfo Su\u00e1rez, etc. y eventos importantes destacados como el golpe de estado del 23 F, el asesinato de Carrero Blanco y con ello el desarrollo del terrorismo.<\/p>\n<p style=\"text-align: justify\">La verdad, es un tema muy representativo e ilustrativo, cuya manera m\u00e1s pr\u00e1ctica de mostrarlo es la de hacer una recopilaci\u00f3n de los mejores v\u00eddeos sobre el tema.\u00a0Por tanto hemos querido mostrar alguno de ellos as\u00ed como alguna imagen de portadas de pel\u00edculas o partes de ellas. Por \u00faltimo hemos de decir que tras dar un paseo virtual por nuestro blog pretendemos que salgan informados sobre todos los puntos de vista a cerca de la \u00e9poca que marc\u00f3 uno de los cambios m\u00e1s grandes de nuestro pa\u00eds, la Transici\u00f3n.<\/p>\n<p style=\"text-align: justify\">\u00a0<\/p>\n","protected":false},"excerpt":{"rendered":"<p>En primer lugar haremos una valoraci\u00f3n general del tema de nuestro blog. Sobre nuestro tema Documentales y pel\u00edculas sobre la Transici\u00f3n espa\u00f1ola podemos decir que existe gran cantidad de material y adem\u00e1s, la mayor\u00eda, de gran calidad. El blog hace una cr\u00edtica constructiva sobre la gran variedad de documentales y pel\u00edculas que existen sobre el [&hellip;]<\/p>\n","protected":false},"author":2341,"featured_media":0,"parent":0,"menu_order":0,"comment_status":"open","ping_status":"open","template":"","meta":{"footnotes":""},"class_list":["post-260","page","type-page","status-publish","hentry"],"_links":{"self":[{"href":"https:\/\/blogs.ua.es\/documentalespeliculastransicionespanola\/wp-json\/wp\/v2\/pages\/260","targetHints":{"allow":["GET"]}}],"collection":[{"href":"https:\/\/blogs.ua.es\/documentalespeliculastransicionespanola\/wp-json\/wp\/v2\/pages"}],"about":[{"href":"https:\/\/blogs.ua.es\/documentalespeliculastransicionespanola\/wp-json\/wp\/v2\/types\/page"}],"author":[{"embeddable":true,"href":"https:\/\/blogs.ua.es\/documentalespeliculastransicionespanola\/wp-json\/wp\/v2\/users\/2341"}],"replies":[{"embeddable":true,"href":"https:\/\/blogs.ua.es\/documentalespeliculastransicionespanola\/wp-json\/wp\/v2\/comments?post=260"}],"version-history":[{"count":1,"href":"https:\/\/blogs.ua.es\/documentalespeliculastransicionespanola\/wp-json\/wp\/v2\/pages\/260\/revisions"}],"predecessor-version":[{"id":261,"href":"https:\/\/blogs.ua.es\/documentalespeliculastransicionespanola\/wp-json\/wp\/v2\/pages\/260\/revisions\/261"}],"wp:attachment":[{"href":"https:\/\/blogs.ua.es\/documentalespeliculastransicionespanola\/wp-json\/wp\/v2\/media?parent=260"}],"curies":[{"name":"wp","href":"https:\/\/api.w.org\/{rel}","templated":true}]}}