{"id":262,"date":"2012-01-13T19:09:11","date_gmt":"2012-01-13T19:09:11","guid":{"rendered":"https:\/\/blogs.ua.es\/documentalespeliculastransicionespanola\/?page_id=262"},"modified":"2012-01-13T19:14:29","modified_gmt":"2012-01-13T19:14:29","slug":"fuentes","status":"publish","type":"page","link":"https:\/\/blogs.ua.es\/documentalespeliculastransicionespanola\/fuentes\/","title":{"rendered":"Fuentes"},"content":{"rendered":"<p style=\"text-align: justify\">Para realizar la cr\u00edtica de diversos art\u00edculos, pel\u00edculas, documentales&#8230; hemos utilizado diferentes tipos de fuentes de las cuales hemos sacado informaci\u00f3n de distinto \u00edndole. Podemos destacar las fuentes visiuales como los v\u00eddeos o las im\u00e1genes mediante las cuales se muestra de manera adecuada la informaci\u00f3n, para poder posteriormente hacer un an\u00e1lisis cr\u00edtico.<\/p>\n<p style=\"text-align: justify\">Como fuentes esenciales destacamos los recursos electr\u00f3nicos de entre los cuales podemos nombrar distintas webs que realizan un papel de hemeroteca guardando informaci\u00f3n de la \u00e9poca: <em>rtve<\/em>, distintos peri\u00f3dicos, im\u00e1genes del <em>NO-DO<\/em>, entre otras.<\/p>\n<p style=\"text-align: justify\">As\u00ed pues las fuentes escritas como art\u00edculos o revistar son tambi\u00e9n de importancia en las aportaciones en nuestro trabajo. Hemos de destacar la labor de la <em>Fundaci\u00f3n Transici\u00f3n espa\u00f1ola<\/em> o la revista <em>Comunicaci\u00f3n y sociedad.<\/em><\/p>\n<p style=\"text-align: justify\">Como dato destacable ser\u00eda la cr\u00edtica a la escasez de monograf\u00edas que hablen sobre los documentales y pel\u00edculas de la Transici\u00f3n. En cambio encontramos mucho material de \u00e9ste tipo al referirnos al tema en general.<\/p>\n","protected":false},"excerpt":{"rendered":"<p>Para realizar la cr\u00edtica de diversos art\u00edculos, pel\u00edculas, documentales&#8230; hemos utilizado diferentes tipos de fuentes de las cuales hemos sacado informaci\u00f3n de distinto \u00edndole. Podemos destacar las fuentes visiuales como los v\u00eddeos o las im\u00e1genes mediante las cuales se muestra de manera adecuada la informaci\u00f3n, para poder posteriormente hacer un an\u00e1lisis cr\u00edtico. Como fuentes esenciales [&hellip;]<\/p>\n","protected":false},"author":2341,"featured_media":0,"parent":0,"menu_order":0,"comment_status":"open","ping_status":"open","template":"","meta":{"footnotes":""},"class_list":["post-262","page","type-page","status-publish","hentry"],"_links":{"self":[{"href":"https:\/\/blogs.ua.es\/documentalespeliculastransicionespanola\/wp-json\/wp\/v2\/pages\/262","targetHints":{"allow":["GET"]}}],"collection":[{"href":"https:\/\/blogs.ua.es\/documentalespeliculastransicionespanola\/wp-json\/wp\/v2\/pages"}],"about":[{"href":"https:\/\/blogs.ua.es\/documentalespeliculastransicionespanola\/wp-json\/wp\/v2\/types\/page"}],"author":[{"embeddable":true,"href":"https:\/\/blogs.ua.es\/documentalespeliculastransicionespanola\/wp-json\/wp\/v2\/users\/2341"}],"replies":[{"embeddable":true,"href":"https:\/\/blogs.ua.es\/documentalespeliculastransicionespanola\/wp-json\/wp\/v2\/comments?post=262"}],"version-history":[{"count":3,"href":"https:\/\/blogs.ua.es\/documentalespeliculastransicionespanola\/wp-json\/wp\/v2\/pages\/262\/revisions"}],"predecessor-version":[{"id":264,"href":"https:\/\/blogs.ua.es\/documentalespeliculastransicionespanola\/wp-json\/wp\/v2\/pages\/262\/revisions\/264"}],"wp:attachment":[{"href":"https:\/\/blogs.ua.es\/documentalespeliculastransicionespanola\/wp-json\/wp\/v2\/media?parent=262"}],"curies":[{"name":"wp","href":"https:\/\/api.w.org\/{rel}","templated":true}]}}