{"id":43,"date":"2011-12-26T11:41:45","date_gmt":"2011-12-26T11:41:45","guid":{"rendered":"https:\/\/blogs.ua.es\/documentalespeliculastransicionespanola\/?page_id=43"},"modified":"2011-12-26T11:41:45","modified_gmt":"2011-12-26T11:41:45","slug":"presentacion-2","status":"publish","type":"page","link":"https:\/\/blogs.ua.es\/documentalespeliculastransicionespanola\/presentacion-2\/","title":{"rendered":"Presentaci\u00f3n"},"content":{"rendered":"<p style=\"text-align: justify\">El blog <em>Documentales y pel\u00edculas sobre la <strong>Transici\u00f3n Espa\u00f1ola<\/strong><\/em> est\u00e1 realizado por <strong>Juan Antonio Bru<\/strong> y <strong>Juan Francisco Galipienso<\/strong>. Somos alumnos de la Universidad de Alicante, cursamos primero en el grado de Historia y realizamos esta actividad en la asignatura de <em>Fuentes y documentos para la historia<\/em>.<\/p>\n<p style=\"text-align: justify\">Este blog se realiza con la finalidad de informar sobre los distintos tipos de documentales y pel\u00edculas que se han realizado rememorando la \u00e9poca de la transici\u00f3n del r\u00e9gimen franquista a la democracia. Escogimos este tema porque existen gran variedad de\u00a0reportajes televisivos\u00a0sobre la Transici\u00f3n espa\u00f1ola y as\u00ed podremos hacer una cr\u00edtica variada, enfocada desde distintos punto de vista de un acontecimiento que marc\u00f3 una \u00e9poca y prepar\u00f3 el camino a seguir en nuestro pa\u00eds en distintos planos: pol\u00edtico, social, etc.<\/p>\n","protected":false},"excerpt":{"rendered":"<p>El blog Documentales y pel\u00edculas sobre la Transici\u00f3n Espa\u00f1ola est\u00e1 realizado por Juan Antonio Bru y Juan Francisco Galipienso. Somos alumnos de la Universidad de Alicante, cursamos primero en el grado de Historia y realizamos esta actividad en la asignatura de Fuentes y documentos para la historia. Este blog se realiza con la finalidad de [&hellip;]<\/p>\n","protected":false},"author":2341,"featured_media":0,"parent":0,"menu_order":0,"comment_status":"open","ping_status":"open","template":"","meta":{"footnotes":""},"class_list":["post-43","page","type-page","status-publish","hentry"],"_links":{"self":[{"href":"https:\/\/blogs.ua.es\/documentalespeliculastransicionespanola\/wp-json\/wp\/v2\/pages\/43","targetHints":{"allow":["GET"]}}],"collection":[{"href":"https:\/\/blogs.ua.es\/documentalespeliculastransicionespanola\/wp-json\/wp\/v2\/pages"}],"about":[{"href":"https:\/\/blogs.ua.es\/documentalespeliculastransicionespanola\/wp-json\/wp\/v2\/types\/page"}],"author":[{"embeddable":true,"href":"https:\/\/blogs.ua.es\/documentalespeliculastransicionespanola\/wp-json\/wp\/v2\/users\/2341"}],"replies":[{"embeddable":true,"href":"https:\/\/blogs.ua.es\/documentalespeliculastransicionespanola\/wp-json\/wp\/v2\/comments?post=43"}],"version-history":[{"count":6,"href":"https:\/\/blogs.ua.es\/documentalespeliculastransicionespanola\/wp-json\/wp\/v2\/pages\/43\/revisions"}],"predecessor-version":[{"id":49,"href":"https:\/\/blogs.ua.es\/documentalespeliculastransicionespanola\/wp-json\/wp\/v2\/pages\/43\/revisions\/49"}],"wp:attachment":[{"href":"https:\/\/blogs.ua.es\/documentalespeliculastransicionespanola\/wp-json\/wp\/v2\/media?parent=43"}],"curies":[{"name":"wp","href":"https:\/\/api.w.org\/{rel}","templated":true}]}}