{"id":51,"date":"2011-12-30T17:45:32","date_gmt":"2011-12-30T17:45:32","guid":{"rendered":"https:\/\/blogs.ua.es\/documentalespeliculastransicionespanola\/?page_id=51"},"modified":"2012-01-12T10:26:58","modified_gmt":"2012-01-12T10:26:58","slug":"explicacion-2","status":"publish","type":"page","link":"https:\/\/blogs.ua.es\/documentalespeliculastransicionespanola\/explicacion-2\/","title":{"rendered":"Explicaci\u00f3n del tema"},"content":{"rendered":"<p style=\"text-align: justify\">El tema que vamos a desarrollar y del cual trata este blog es <em>Documentales y pel\u00edculas sobre la Transici\u00f3n espa\u00f1ola. <\/em>Mediante el tema comentado averiguaremos m\u00e1s cosas sobre la \u00e9poca dela Transici\u00f3n espa\u00f1ola, \u00e9poca compleja desde un punto de vista social pero sobretodo pol\u00edtico. Investigaremos qui\u00e9nes fueron los personajes m\u00e1s influyentes en el cambio de r\u00e9gimen pol\u00edtico y qu\u00e9 papel desarrollaron. Nos centraremos, sobretodo, en la difusi\u00f3n de \u00e9sta \u00e9poca mediante los medios de comunicaci\u00f3n, principalmente los diferentes documentales y varias pel\u00edculas que se han realizado del tema.<\/p>\n<p style=\"text-align: justify\">Tras la muerte del general Francisco Franco el 20 de noviembre de 1975 se proclam\u00f3 dos d\u00edas despu\u00e9s\u00a0a Juan Carlos I como rey de Espa\u00f1a.<\/p>\n<figure id=\"attachment_57\" aria-describedby=\"caption-attachment-57\" style=\"width: 300px\" class=\"wp-caption alignright\"><a href=\"https:\/\/blogs.ua.es\/documentalespeliculastransicionespanola\/files\/2011\/12\/Padres-de-la-Constitucion.jpg\"><img loading=\"lazy\" decoding=\"async\" class=\"size-medium wp-image-57\" src=\"https:\/\/blogs.ua.es\/documentalespeliculastransicionespanola\/files\/2011\/12\/Padres-de-la-Constitucion-300x206.jpg\" alt=\"\" width=\"300\" height=\"206\" srcset=\"https:\/\/blogs.ua.es\/documentalespeliculastransicionespanola\/files\/2011\/12\/Padres-de-la-Constitucion-300x206.jpg 300w, https:\/\/blogs.ua.es\/documentalespeliculastransicionespanola\/files\/2011\/12\/Padres-de-la-Constitucion-150x103.jpg 150w, https:\/\/blogs.ua.es\/documentalespeliculastransicionespanola\/files\/2011\/12\/Padres-de-la-Constitucion.jpg 400w\" sizes=\"auto, (max-width: 300px) 100vw, 300px\" \/><\/a><figcaption id=\"caption-attachment-57\" class=\"wp-caption-text\">Padres de la Constituci\u00f3n del 1978<\/figcaption><\/figure>\n<p style=\"text-align: justify\">Arranca as\u00ed un proceso de transici\u00f3n\u00a0hacia la democracia que culmina con\u00a0 la entrada en vigor de la Constituci\u00f3n, el 29 de diciembre de 1978. La \u00e9poca que marc\u00f3 el cambio pol\u00edtico para Espa\u00f1a ha sido considerada de gran importancia y su trascendencia queda patente en los diversos documentales realizados. En la gran variedad de documentales y pel\u00edculas sobre la Transici\u00f3n hemos de destacar su supuesto car\u00e1cter objetivo, aunque en ocasiones nos encontramos con comentarios o escenas un poco tendenciosas. Hemos de ser cr\u00edticos sobre la difusi\u00f3n de la historia por medio de este tipo de documentales y aunque cabe destacar de la mayor\u00eda de ellos la profesionalidad con la que han sido realizados debemos subrayar\u00a0los aspectos\u00a0mejorables.<\/p>\n<p style=\"text-align: justify\">\n<p style=\"text-align: justify\">\n<p style=\"text-align: justify\">\n","protected":false},"excerpt":{"rendered":"<p>El tema que vamos a desarrollar y del cual trata este blog es Documentales y pel\u00edculas sobre la Transici\u00f3n espa\u00f1ola. Mediante el tema comentado averiguaremos m\u00e1s cosas sobre la \u00e9poca dela Transici\u00f3n espa\u00f1ola, \u00e9poca compleja desde un punto de vista social pero sobretodo pol\u00edtico. Investigaremos qui\u00e9nes fueron los personajes m\u00e1s influyentes en el cambio de [&hellip;]<\/p>\n","protected":false},"author":2341,"featured_media":0,"parent":0,"menu_order":0,"comment_status":"open","ping_status":"open","template":"","meta":{"footnotes":""},"class_list":["post-51","page","type-page","status-publish","hentry"],"_links":{"self":[{"href":"https:\/\/blogs.ua.es\/documentalespeliculastransicionespanola\/wp-json\/wp\/v2\/pages\/51","targetHints":{"allow":["GET"]}}],"collection":[{"href":"https:\/\/blogs.ua.es\/documentalespeliculastransicionespanola\/wp-json\/wp\/v2\/pages"}],"about":[{"href":"https:\/\/blogs.ua.es\/documentalespeliculastransicionespanola\/wp-json\/wp\/v2\/types\/page"}],"author":[{"embeddable":true,"href":"https:\/\/blogs.ua.es\/documentalespeliculastransicionespanola\/wp-json\/wp\/v2\/users\/2341"}],"replies":[{"embeddable":true,"href":"https:\/\/blogs.ua.es\/documentalespeliculastransicionespanola\/wp-json\/wp\/v2\/comments?post=51"}],"version-history":[{"count":7,"href":"https:\/\/blogs.ua.es\/documentalespeliculastransicionespanola\/wp-json\/wp\/v2\/pages\/51\/revisions"}],"predecessor-version":[{"id":54,"href":"https:\/\/blogs.ua.es\/documentalespeliculastransicionespanola\/wp-json\/wp\/v2\/pages\/51\/revisions\/54"}],"wp:attachment":[{"href":"https:\/\/blogs.ua.es\/documentalespeliculastransicionespanola\/wp-json\/wp\/v2\/media?parent=51"}],"curies":[{"name":"wp","href":"https:\/\/api.w.org\/{rel}","templated":true}]}}