{"id":2,"date":"2007-05-29T15:43:03","date_gmt":"2007-05-29T13:43:03","guid":{"rendered":"https:\/\/blogs.ua.es\/domingo\/info\/"},"modified":"2009-04-02T14:12:12","modified_gmt":"2009-04-02T12:12:12","slug":"info","status":"publish","type":"page","link":"https:\/\/blogs.ua.es\/domingo\/info\/","title":{"rendered":"Sobre mi"},"content":{"rendered":"<p><img loading=\"lazy\" decoding=\"async\" class=\"alignright size-medium wp-image-30\" style=\"margin: 16px\" src=\"https:\/\/blogs.ua.es\/domingo\/files\/2008\/10\/domingo2-241x300.jpg\" alt=\"\" width=\"193\" height=\"240\" \/><br \/>\n<strong>Mis datos<\/strong><\/p>\n<p>Soy Domingo Gallardo, Profesor Titular de Universidad del Departamento de Ciencia de la Computaci\u00f3n e Inteligencia Artificial de la Universidad de Alicante. Soy Licenciado en Inform\u00e1tica por la Universidad Polit\u00e9cnica de Valencia en 1991 y Doctor en Ingenier\u00eda Inform\u00e1tica por la Universidad de Alicante en 1999.<\/p>\n<p><strong>Mi experiencia docente<\/strong><\/p>\n<p>Mi primer trabajo como profesor de inform\u00e1tica fue con ni\u00f1os de primaria, hace un porr\u00f3n de a\u00f1os, para pagarme mi primer ordenador (el venerable Spectrum 48K de Sir Clive Sinclair). Ha llovido mucho desde entonces. En la actualidad imparto la asignatura de 2\u00ba curso de Ingenier\u00eda Inform\u00e1tica <a href=\"http:\/\/www.dccia.ua.es\/dccia\/inf\/asignaturas\/LPP\">Lenguajes y Paradigmas de Programaci\u00f3n<\/a>, la asignatura <a href=\"http:\/\/www.rvg.ua.es\/doctorado\/\">Visi\u00f3n y Rob\u00f3tica<\/a> del programa de doctorado del departamento y distintos m\u00f3dulos del <a href=\"http:\/\/www.jtech.ua.es\/j2ee\">Especialista Universtario en Aplicaciones Web con Java Enterprise<\/a>.<\/p>\n<p><strong>El blog<\/strong><\/p>\n<p>En este blog me gustar\u00eda compartir contigo comentarios, opiniones, noticias, tutoriales, y otras secciones que se me vayan ocurriendo y que sean de utilidad para ense\u00f1ar (y aprender) Inform\u00e1tica. El blog refleja \u00fanicamente mi perspectiva personal sobre la disciplina, producto de mis lecturas, reflexiones y experiencias. Est\u00e1 abierto a cualquier comentario y opini\u00f3n y te animo hacer de \u00e9l un espacio de conversaci\u00f3n, bien p\u00fablico (a\u00f1adiendo los comentarios que consideres oportunos) o privado (envi\u00e1ndome un correo a <a href=\"mailto:domingo@dccia.ua.es\">domingo@dccia.ua.es<\/a>).<\/p>\n<p><strong>Tambi\u00e9n me puedes encontrar en<\/strong><\/p>\n<ul>\n<li>Mi home page: <a href=\"http:\/\/www.dccia.ua.es\/~domingo\">http:\/\/www.dccia.ua.es\/~domingo<\/a><\/li>\n<li>Mi Twitter: <a href=\"http:\/\/www.twitter.com\/domingogallardo\">http:\/\/www.twitter.com\/domingogallardo<\/a><\/li>\n<li>Mis bookmarks:\u00a0<a href=\"http:\/\/delicious.com\/domingogallardo\">http:\/\/delicious.com\/domingogallardo<\/a><\/li>\n<\/ul>\n<p>Espero que estas p\u00e1ginas te sean de utilidad y te proporcionen ideas y referencias de provecho.<\/p>\n","protected":false},"excerpt":{"rendered":"<p>Mis datos Soy Domingo Gallardo, Profesor Titular de Universidad del Departamento de Ciencia de la Computaci\u00f3n e Inteligencia Artificial de la Universidad de Alicante. Soy Licenciado en Inform\u00e1tica por la Universidad Polit\u00e9cnica de Valencia en 1991 y Doctor en Ingenier\u00eda &hellip; <a href=\"https:\/\/blogs.ua.es\/domingo\/info\/\">Continue reading <span class=\"meta-nav\">&rarr;<\/span><\/a><\/p>\n","protected":false},"author":43,"featured_media":0,"parent":0,"menu_order":0,"comment_status":"open","ping_status":"open","template":"","meta":{"footnotes":""},"class_list":["post-2","page","type-page","status-publish","hentry"],"_links":{"self":[{"href":"https:\/\/blogs.ua.es\/domingo\/wp-json\/wp\/v2\/pages\/2","targetHints":{"allow":["GET"]}}],"collection":[{"href":"https:\/\/blogs.ua.es\/domingo\/wp-json\/wp\/v2\/pages"}],"about":[{"href":"https:\/\/blogs.ua.es\/domingo\/wp-json\/wp\/v2\/types\/page"}],"author":[{"embeddable":true,"href":"https:\/\/blogs.ua.es\/domingo\/wp-json\/wp\/v2\/users\/43"}],"replies":[{"embeddable":true,"href":"https:\/\/blogs.ua.es\/domingo\/wp-json\/wp\/v2\/comments?post=2"}],"version-history":[{"count":9,"href":"https:\/\/blogs.ua.es\/domingo\/wp-json\/wp\/v2\/pages\/2\/revisions"}],"predecessor-version":[{"id":208,"href":"https:\/\/blogs.ua.es\/domingo\/wp-json\/wp\/v2\/pages\/2\/revisions\/208"}],"wp:attachment":[{"href":"https:\/\/blogs.ua.es\/domingo\/wp-json\/wp\/v2\/media?parent=2"}],"curies":[{"name":"wp","href":"https:\/\/api.w.org\/{rel}","templated":true}]}}