{"id":21,"date":"2010-11-23T02:47:19","date_gmt":"2010-11-23T01:47:19","guid":{"rendered":"https:\/\/blogs.ua.es\/drenajefantasma\/"},"modified":"2010-11-23T02:47:19","modified_gmt":"2010-11-23T01:47:19","slug":"sindrome-de-asperger","status":"publish","type":"page","link":"https:\/\/blogs.ua.es\/drenajefantasma\/sindrome-de-asperger\/","title":{"rendered":"S\u00edndrome de Asperger"},"content":{"rendered":"<p>Aqu\u00ed ir\u00e1 informaci\u00f3n sobre S\u00edndrome de Asperger<\/p>\n","protected":false},"excerpt":{"rendered":"<p>Aqu\u00ed ir\u00e1 informaci\u00f3n sobre S\u00edndrome de Asperger<\/p>\n","protected":false},"author":909,"featured_media":0,"parent":0,"menu_order":0,"comment_status":"open","ping_status":"open","template":"","meta":{"footnotes":""},"class_list":["post-21","page","type-page","status-publish","hentry"],"_links":{"self":[{"href":"https:\/\/blogs.ua.es\/drenajefantasma\/wp-json\/wp\/v2\/pages\/21","targetHints":{"allow":["GET"]}}],"collection":[{"href":"https:\/\/blogs.ua.es\/drenajefantasma\/wp-json\/wp\/v2\/pages"}],"about":[{"href":"https:\/\/blogs.ua.es\/drenajefantasma\/wp-json\/wp\/v2\/types\/page"}],"author":[{"embeddable":true,"href":"https:\/\/blogs.ua.es\/drenajefantasma\/wp-json\/wp\/v2\/users\/909"}],"replies":[{"embeddable":true,"href":"https:\/\/blogs.ua.es\/drenajefantasma\/wp-json\/wp\/v2\/comments?post=21"}],"version-history":[{"count":2,"href":"https:\/\/blogs.ua.es\/drenajefantasma\/wp-json\/wp\/v2\/pages\/21\/revisions"}],"predecessor-version":[{"id":23,"href":"https:\/\/blogs.ua.es\/drenajefantasma\/wp-json\/wp\/v2\/pages\/21\/revisions\/23"}],"wp:attachment":[{"href":"https:\/\/blogs.ua.es\/drenajefantasma\/wp-json\/wp\/v2\/media?parent=21"}],"curies":[{"name":"wp","href":"https:\/\/api.w.org\/{rel}","templated":true}]}}