{"id":74,"date":"2011-05-25T15:43:44","date_gmt":"2011-05-25T14:43:44","guid":{"rendered":"https:\/\/blogs.ua.es\/drenajefantasma\/?page_id=74"},"modified":"2011-05-25T16:11:37","modified_gmt":"2011-05-25T15:11:37","slug":"blogs-y-webs-discapacidad","status":"publish","type":"page","link":"https:\/\/blogs.ua.es\/drenajefantasma\/blogs-y-webs-discapacidad\/","title":{"rendered":"Blogs y webs. Discapacidad."},"content":{"rendered":"<p><strong>BLOGS.<\/strong><\/p>\n<p><a href=\"http:\/\/usuarios.discapnet.es\/ajimenez\/aguja\/aguja.html\" target=\"_blank\">Aguja de marear<\/a><\/p>\n<p><a href=\"http:\/\/apadim.blogspot.com\/\" target=\"_blank\">Apadim C\u00f3rdoba<\/a><\/p>\n<p><a href=\"http:\/\/www.asormadrid.org\/wordpress\/\" target=\"_blank\">Asormadrid<\/a><\/p>\n<p><a href=\"http:\/\/aspergeralicante.blogspot.com\/\" target=\"_blank\">Asperger Alicante<\/a><\/p>\n<p><a href=\"http:\/\/www.webposible.com\/blog\" target=\"_blank\">Blog posible<\/a><\/p>\n<p><a href=\"http:\/\/ciudadsinbarreras.es\/\" target=\"_blank\">Ciudad sin barrera<\/a><\/p>\n<p><a href=\"http:\/\/profejuanca.blogspot.com\/\" target=\"_blank\">De la pol\u00edtica a la discapacidad<\/a><\/p>\n<p><a href=\"http:\/\/diariocritico.com\/blogs\/salud\/\" target=\"_blank\">Derribando barreras<\/a><\/p>\n<p><a href=\"http:\/\/blogs.periodistadigital.com\/sillaruedas.php\" target=\"_blank\">Desde mi silla de ruedas<\/a><\/p>\n<p><a href=\"http:\/\/destiladospentaplejicos.blogspot.com\/\" target=\"_blank\">Destilados pentapl\u00e9jicos<\/a><\/p>\n<p><a href=\"http:\/\/discablog.bitacoras.com\/\" target=\"_blank\">Discablog<\/a><\/p>\n<p><a href=\"http:\/\/www.enbuscadechullito.blogspot.com\/\" target=\"_blank\">En busca de Chullito<\/a><\/p>\n<p><a href=\"http:\/\/www.feriadiscapacidad.com\/\" target=\"_blank\">Feria de discapacidad y empleo<\/a><\/p>\n<p><a href=\"http:\/\/grupotdi.lacoctelera.net\/\" target=\"_blank\">Grupo TDI<\/a><\/p>\n<p><a href=\"http:\/\/discapacitat-es.blogspot.com\/\" target=\"_blank\">Las TIC \u00a0y la discapacidad<\/a><\/p>\n<p><a href=\"http:\/\/www.lazarum.com\/2\/articulos\/articulos_ver.php?idarticulo=92\" target=\"_blank\">Lazarum<\/a><\/p>\n<p><a href=\"http:\/\/maria-j.lacoctelera.net\/\" target=\"_blank\">Maria J. <\/a><\/p>\n<p><a href=\"http:\/\/www.megafone.net\/BARCELONA\/barcelona.php?can_actual=74&amp;qt=0\" target=\"_blank\">Megafone<\/a><\/p>\n<p><a href=\"http:\/\/retrato-de-una-discapacidad.blogspot.com\/\" target=\"_blank\">Retrato de una discapacidad<\/a><\/p>\n<p><a href=\"http:\/\/tecnologiaydiscapacidad.es\/\" target=\"_blank\">Tecnolog\u00eda y diversidad<\/a><\/p>\n<p><a href=\"http:\/\/tiflouns.espacioblog.com\/\" target=\"_blank\">Tiflouns<\/a><\/p>\n<p><a href=\"http:\/\/unvotoporelvoluntariado.blogspot.com\/\" target=\"_blank\">Voluntariado en FEAPS<\/a><\/p>\n<p><strong>WEBS.<\/strong><\/p>\n<p><a title=\"Blogs y webs. Discapacidad.\" href=\"http:\/\/www.asalsido.org\/usuarios\/\" target=\"_blank\">Aalsido<\/a><\/p>\n<p><a href=\"http:\/\/www.cruzroja.es\/cadenasolidaria\/s8.php\" target=\"_blank\">Ayuda a discapacitados de la Cruz Roja<\/a><\/p>\n<p><a href=\"http:\/\/www.cedd.net\/\" target=\"_blank\">CEDD<\/a><\/p>\n<p><a href=\"http:\/\/www.cermi.es\/es-ES\/Paginas\/Portada.aspx\" target=\"_blank\">CERMI<\/a><\/p>\n<p><a href=\"http:\/\/www.cocemfe.es\/\" target=\"_blank\">Cocemfe<\/a><\/p>\n<p><a href=\"http:\/\/www.convenciondiscapacidad.es\/\" target=\"_blank\">Convenci\u00f3n discapacidad<\/a><\/p>\n<p><a href=\"http:\/\/www.discapacidad.tv\/\" target=\"_blank\">Discapacidad TV<\/a><\/p>\n<p><a href=\"http:\/\/portal.uned.es\/portal\/page?_pageid=93,154331&amp;_dad=portal&amp;_schema=PORTAL\" target=\"_blank\">Discapacidad Uned<\/a><\/p>\n<p><a href=\"http:\/\/www.discapnet.es\/castellano\/Paginas\/default.aspx\" target=\"_blank\">Discapnet<\/a><\/p>\n<p><a href=\"http:\/\/www.famma.org\/\" target=\"_blank\">FAMMA<\/a><\/p>\n<p><a href=\"http:\/\/www.feddf.es\/\" target=\"_blank\">FEDDF<\/a><\/p>\n<p><a href=\"http:\/\/www.fundaciongsr.es\/\">Fundaci\u00f3n GRS<\/a><\/p>\n<p><a href=\"https:\/\/www.mercadis.com\/index.jsp\" target=\"_blank\">Mercadis<\/a><\/p>\n<p><a href=\"http:\/\/www.midiscapacidad.com\/\" target=\"_blank\">Midiscapacidad<\/a><\/p>\n<p><a href=\"http:\/\/www.observatoriodeladiscapacidad.es\/\" target=\"_blank\">Observatorio estatal de la discapacidad<\/a><\/p>\n<p><a href=\"http:\/\/www.rpd.es\/\" target=\"_blank\">Real patronato sobre discapacidad<\/a><\/p>\n<p><a href=\"http:\/\/sid.usal.es\/default.aspx\" target=\"_blank\">Servicio de informaci\u00f3n sobre discapacidad<\/a><\/p>\n","protected":false},"excerpt":{"rendered":"<p>BLOGS. Aguja de marear Apadim C\u00f3rdoba Asormadrid Asperger Alicante Blog posible Ciudad sin barrera De la pol\u00edtica a la discapacidad Derribando barreras Desde mi silla de ruedas Destilados pentapl\u00e9jicos Discablog En busca de Chullito Feria de discapacidad y empleo Grupo TDI Las TIC \u00a0y la discapacidad Lazarum Maria J. Megafone Retrato de una discapacidad Tecnolog\u00eda [&hellip;]<\/p>\n","protected":false},"author":909,"featured_media":0,"parent":0,"menu_order":0,"comment_status":"open","ping_status":"open","template":"","meta":{"footnotes":""},"class_list":["post-74","page","type-page","status-publish","hentry"],"_links":{"self":[{"href":"https:\/\/blogs.ua.es\/drenajefantasma\/wp-json\/wp\/v2\/pages\/74","targetHints":{"allow":["GET"]}}],"collection":[{"href":"https:\/\/blogs.ua.es\/drenajefantasma\/wp-json\/wp\/v2\/pages"}],"about":[{"href":"https:\/\/blogs.ua.es\/drenajefantasma\/wp-json\/wp\/v2\/types\/page"}],"author":[{"embeddable":true,"href":"https:\/\/blogs.ua.es\/drenajefantasma\/wp-json\/wp\/v2\/users\/909"}],"replies":[{"embeddable":true,"href":"https:\/\/blogs.ua.es\/drenajefantasma\/wp-json\/wp\/v2\/comments?post=74"}],"version-history":[{"count":3,"href":"https:\/\/blogs.ua.es\/drenajefantasma\/wp-json\/wp\/v2\/pages\/74\/revisions"}],"predecessor-version":[{"id":76,"href":"https:\/\/blogs.ua.es\/drenajefantasma\/wp-json\/wp\/v2\/pages\/74\/revisions\/76"}],"wp:attachment":[{"href":"https:\/\/blogs.ua.es\/drenajefantasma\/wp-json\/wp\/v2\/media?parent=74"}],"curies":[{"name":"wp","href":"https:\/\/api.w.org\/{rel}","templated":true}]}}