{"id":181,"date":"2009-12-18T21:45:13","date_gmt":"2009-12-18T19:45:13","guid":{"rendered":"https:\/\/blogs.ua.es\/duquedealba\/?page_id=181"},"modified":"2009-12-18T21:45:13","modified_gmt":"2009-12-18T19:45:13","slug":"bibliografia","status":"publish","type":"page","link":"https:\/\/blogs.ua.es\/duquedealba\/bibliografia\/","title":{"rendered":"Bibliograf\u00eda"},"content":{"rendered":"<p><strong>&#8220;El gran duque de Alba: soldado de la Espa\u00f1a imperial&#8221; de Henry Kamen<\/strong><\/p>\n<p><strong><br \/>\n<\/strong><\/p>\n<p><strong>&#8220;El gran duque de Alba: un siglo de Espa\u00f1a y Europa&#8221; de Maltby<\/strong><\/p>\n<p><strong><br \/>\n<\/strong><\/p>\n<p><strong>&#8220;Poes\u00eda de la edad de oro I. Renacimiento.&#8221; de Jos\u00e9 Manuel Blecua<\/strong><\/p>\n<p><strong><br \/>\n<\/strong><\/p>\n<p><strong>www.retratosdelahistoria.lacoctelera.net<\/strong><\/p>\n<p><strong><br \/>\n<\/strong><\/p>\n","protected":false},"excerpt":{"rendered":"<p>&#8220;El gran duque de Alba: soldado de la Espa\u00f1a imperial&#8221; de Henry Kamen &#8220;El gran duque de Alba: un siglo de Espa\u00f1a y Europa&#8221; de Maltby &#8220;Poes\u00eda de la edad de oro I. Renacimiento.&#8221; de Jos\u00e9 Manuel Blecua www.retratosdelahistoria.lacoctelera.net<\/p>\n","protected":false},"author":1318,"featured_media":0,"parent":0,"menu_order":0,"comment_status":"open","ping_status":"open","template":"","meta":{"footnotes":""},"class_list":["post-181","page","type-page","status-publish","hentry"],"_links":{"self":[{"href":"https:\/\/blogs.ua.es\/duquedealba\/wp-json\/wp\/v2\/pages\/181","targetHints":{"allow":["GET"]}}],"collection":[{"href":"https:\/\/blogs.ua.es\/duquedealba\/wp-json\/wp\/v2\/pages"}],"about":[{"href":"https:\/\/blogs.ua.es\/duquedealba\/wp-json\/wp\/v2\/types\/page"}],"author":[{"embeddable":true,"href":"https:\/\/blogs.ua.es\/duquedealba\/wp-json\/wp\/v2\/users\/1318"}],"replies":[{"embeddable":true,"href":"https:\/\/blogs.ua.es\/duquedealba\/wp-json\/wp\/v2\/comments?post=181"}],"version-history":[{"count":1,"href":"https:\/\/blogs.ua.es\/duquedealba\/wp-json\/wp\/v2\/pages\/181\/revisions"}],"predecessor-version":[{"id":182,"href":"https:\/\/blogs.ua.es\/duquedealba\/wp-json\/wp\/v2\/pages\/181\/revisions\/182"}],"wp:attachment":[{"href":"https:\/\/blogs.ua.es\/duquedealba\/wp-json\/wp\/v2\/media?parent=181"}],"curies":[{"name":"wp","href":"https:\/\/api.w.org\/{rel}","templated":true}]}}