{"id":22,"date":"2009-10-15T20:57:43","date_gmt":"2009-10-15T18:57:43","guid":{"rendered":"https:\/\/blogs.ua.es\/duquedealba\/?page_id=22"},"modified":"2009-12-11T21:42:06","modified_gmt":"2009-12-11T19:42:06","slug":"la-casa-de-alba","status":"publish","type":"page","link":"https:\/\/blogs.ua.es\/duquedealba\/la-casa-de-alba\/","title":{"rendered":"La casa de Alba"},"content":{"rendered":"<p style=\"text-align: justify\">La casa de alba fue una familia aristocr\u00e1tica castellana. El linaje de los \u00c1lvarez de Toledo (originario de dicha ciudad) pose\u00eda los se\u00f1or\u00edos de Oropesa y Valdecorneja por merced de Enrique II desde el siglo XIV; pero fue en el XV cuando ascendi\u00f3 por el apoyo prestado a los reyes en las luchas contra la aristocracia.<\/p>\n<p style=\"text-align: justify\">A continuaci\u00f3n, hablaremos brevemente del origen de la casa de alba y de las diferentes generaciones de la familia de los \u00c1lvarez de Toledo hasta Mar\u00eda del Rosario Cayetana Fitz-James Stuart y Silva, la actual duquesa de Alba.<\/p>\n<p style=\"text-align: justify\">Gutierre \u00c1lvarez de Toledo, obispo de Palencia y arzobispo de Toledo, obtuvo de Juan II el se\u00f1or\u00edo de Alba de Tormes, que dar\u00eda nombre a la casa (1429). Fernando \u00c1lvarez de Toledo, sobrino del anterior, recibi\u00f3 el t\u00edtulo de conde de Alba de Tormes, tambi\u00e9n de Juan II (1438).<strong> Garci IV \u00c1lvarez de Toledo<\/strong> (?-1488) <strong>I duque de Alba<\/strong>, hijo del anterior, marqu\u00e9s de Coria y conde de Salvatierra, obtuvo de Enrique IV la transformaci\u00f3n del condado en ducado (1469).<\/p>\n<p style=\"text-align: justify\"><strong>Fadrique \u00c1lvarez de Toledo, II duque de Alba<\/strong> (?-1531), hijo del anterior y de Leonor Enr\u00edquez, era primo por parte de madre de Fernando <em>el Cat\u00f3lico<\/em>. Fue uno de los nobles castellanos que m\u00e1s destacaron al servicio de los Reyes Cat\u00f3licos y de Carlos V: combati\u00f3 en la Guerra de Granada, en el Rosell\u00f3n contra los franceses y en la conquista de Navarra. Al morir la reina Isabel, tom\u00f3 partido por Fernando, influyendo para que volviera a reinar despu\u00e9s de morir Felipe I; igualmente apoy\u00f3 a Carlos V desde que lleg\u00f3 a Espa\u00f1a. Perteneci\u00f3 al entorno cortesano del emperador, con el cual viaj\u00f3 a Alemania, Flandes e Italia, y permaneci\u00f3 a su lado durante la Guerra de las Comunidades.<\/p>\n<p style=\"text-align: justify\"><strong>Fernando \u00c1lvarez de Toledo y Pimentel, III duque de Alba<\/strong> (1507-1582), natural de Piedrah\u00edta (\u00c1vila) y conocido como el <strong>\u00abGran Duque de Alba\u00bb<\/strong> (por antonomasia), era nieto del anterior, que fue quien le educ\u00f3 -al quedar hu\u00e9rfano en la ni\u00f1ez- y quien le leg\u00f3 su posici\u00f3n en la corte.<\/p>\n<p style=\"text-align: justify\"><strong>Fadrique \u00c1lvarez de Toledo, IV duque de Alba<\/strong> (1537-1585), era hijo del anterior, a quien auxili\u00f3 en la Guerra de Flandes.<\/p>\n<p style=\"text-align: justify\"><strong>Antonio \u00c1lvarez de Toledo, V duque de Alba<\/strong> (?-1639), sobrino del anterior, fue titular del Ducado durante 54 a\u00f1os. Fue virrey de N\u00e1poles de 1623 a 1629. Le sucedieron los <strong>duques VI (Fernando, 1639-67), VII (Antonio, 1667-90), VIII (Antonio, 1690-1701), IX (Antonio, 1701-11) y X (Francisco, 1711-39). La XI duquesa fue una mujer (Mar\u00eda Teresa, 1739-55)<\/strong>, por falta de heredero var\u00f3n; de su matrimonio con el duque de Galve, Manuel Silva, naci\u00f3 <strong>Fernando de Silva y \u00c1lvarez de Toledo, XII duque de Alba (1714-1776)<\/strong>: hombre de la Ilustraci\u00f3n, amigo de Rousseau, fue militar (teniente general) y diplom\u00e1tico (embajador en Par\u00eds).<\/p>\n<p style=\"text-align: justify\">Por la muerte prematura de su hijo, se encarg\u00f3 personalmente de educar a su nieta, que le suceder\u00eda en el t\u00edtulo: <strong>Mar\u00eda del Pilar Teresa Cayetana de Silva y \u00c1lvarez de Toledo (1762-1802)<\/strong> <strong>XIII duquesa de Alba<\/strong>, fue casada con el duque de Medina Sidonia, Jos\u00e9 \u00c1lvarez de Toledo Osorio de Guzm\u00e1n, que era primo suyo, a fin de que el t\u00edtulo ducal volviera al apellido originario. Su palacete de La Moncloa se convirti\u00f3 en centro de la vida cultural madrile\u00f1a de la Ilustraci\u00f3n (fue famosa su relaci\u00f3n con Goya).<\/p>\n<p style=\"text-align: justify\">Al morir sin descendencia, <strong>el t\u00edtulo pas\u00f3 a los duques de Berwick<\/strong>, que hab\u00edan entroncado con los de Alba por el matrimonio de Mar\u00eda Teresa de Silva y \u00c1lvarez de Toledo, hermana del XII duque, con el III duque de Berwick, Jacobo Fitz-James Stuart y Col\u00f3n. <strong>Jacobo Fitz-James Stuart Falc\u00f3, XVII duque de Alba (1878-1953).<\/strong> Fue diputado por el Partido Conservador y ministro de Estado del gobierno Berenguer (1930). Dirigi\u00f3 la Real Academia de la Historia.<\/p>\n<p style=\"text-align: justify\">La hija de este \u00faltimo es <strong>Mar\u00eda del Rosario Cayetana Fitz-James Stuart y Silva<\/strong>, n.1926, Duquesa de Montoro, actual 11\u00aa Duquesa de Berwick, de L\u00edria y de X\u00e9rica, <strong>XVIII Duquesa de Alba<\/strong>, 25 veces Grande de Espa\u00f1a.<\/p>\n","protected":false},"excerpt":{"rendered":"<p>La casa de alba fue una familia aristocr\u00e1tica castellana. El linaje de los \u00c1lvarez de Toledo (originario de dicha ciudad) pose\u00eda los se\u00f1or\u00edos de Oropesa y Valdecorneja por merced de Enrique II desde el siglo XIV; pero fue en el XV cuando ascendi\u00f3 por el apoyo prestado a los reyes en las luchas contra la [&hellip;]<\/p>\n","protected":false},"author":1318,"featured_media":0,"parent":0,"menu_order":0,"comment_status":"open","ping_status":"open","template":"","meta":{"footnotes":""},"class_list":["post-22","page","type-page","status-publish","hentry"],"_links":{"self":[{"href":"https:\/\/blogs.ua.es\/duquedealba\/wp-json\/wp\/v2\/pages\/22","targetHints":{"allow":["GET"]}}],"collection":[{"href":"https:\/\/blogs.ua.es\/duquedealba\/wp-json\/wp\/v2\/pages"}],"about":[{"href":"https:\/\/blogs.ua.es\/duquedealba\/wp-json\/wp\/v2\/types\/page"}],"author":[{"embeddable":true,"href":"https:\/\/blogs.ua.es\/duquedealba\/wp-json\/wp\/v2\/users\/1318"}],"replies":[{"embeddable":true,"href":"https:\/\/blogs.ua.es\/duquedealba\/wp-json\/wp\/v2\/comments?post=22"}],"version-history":[{"count":10,"href":"https:\/\/blogs.ua.es\/duquedealba\/wp-json\/wp\/v2\/pages\/22\/revisions"}],"predecessor-version":[{"id":24,"href":"https:\/\/blogs.ua.es\/duquedealba\/wp-json\/wp\/v2\/pages\/22\/revisions\/24"}],"wp:attachment":[{"href":"https:\/\/blogs.ua.es\/duquedealba\/wp-json\/wp\/v2\/media?parent=22"}],"curies":[{"name":"wp","href":"https:\/\/api.w.org\/{rel}","templated":true}]}}