{"id":27,"date":"2009-10-22T20:57:43","date_gmt":"2009-10-22T18:57:43","guid":{"rendered":"https:\/\/blogs.ua.es\/duquedealba\/?page_id=27"},"modified":"2009-11-24T16:55:59","modified_gmt":"2009-11-24T14:55:59","slug":"contexto-carlos-i-y-felipe-ii","status":"publish","type":"page","link":"https:\/\/blogs.ua.es\/duquedealba\/contexto-carlos-i-y-felipe-ii\/","title":{"rendered":"Contexto: Carlos I y Felipe II"},"content":{"rendered":"<p style=\"text-align: justify\">El contexto pol\u00edtico-social de la vida del duque de Alba est\u00e1 marcado, principalmente, por el reinado de Carlos I (1519-1556) y el reinado de Felipe II (1556-1598):<\/p>\n<p style=\"text-align: justify\"><span style=\"text-decoration: underline\"><strong>Reinado de Carlos I.<\/strong><\/span><\/p>\n<p style=\"text-align: justify\">Carlos I llega al poder en 1519, (cuando el duque de alba apenas ten\u00eda 12 a\u00f1os). El objetivo de su reinado fue dedicarse completamente a la soluci\u00f3n de los problemas que el luteranismo hab\u00eda creado en Europa y en Alemania en particular, con el fin de salvar la unidad de la fe cristiana contra el embate de los turcos. Los primeros conflictos que tuvo fueron:\u00a0<\/p>\n<p style=\"text-align: justify\">&#8211; Conflictos en Castilla :<\/p>\n<ul style=\"text-align: justify\">\n<li>Por la ausencia de Carlos I en el trono, a causa de que hab\u00eda de estar viajando. Los ciudadanos se revelaron , aunque fueron vencidos. El tiempo en que se ausentaba Carlos I, su lugar lo ocupaban los mandatarios.<\/li>\n<\/ul>\n<p style=\"text-align: justify\">&#8211; Conflictos en Arag\u00f3n :<\/p>\n<ul style=\"text-align: justify\">\n<li>Se produjo el conflicto de las German\u00edas . Ya que Carlos I permiti\u00f3 entre los artesanos la creaci\u00f3n de milicias y cuando los nobles marcharon de Valencia a causa de la peste, los artesanos se hicieron con el poder . Y a\u00f1os mas tarde el ejercito acabo con este conflicto.<\/li>\n<\/ul>\n<p style=\"text-align: justify\">&#8211; Conflictos italianos con Francia : Carlos consigue defender las posesiones de Arag\u00f3n en Italia y aumentarlas con la conquista del Milanesado.<\/p>\n<p style=\"text-align: justify\">&#8211; Conflictos en Alemania : Consigue ser nombrado emperador de Alemania a costa de enormes gastos y de enfrentarse a los pr\u00edncipes alemanes que se suman a la Reforma luterana. Esta cuesti\u00f3n llevar\u00e1 a la abdicaci\u00f3n de Carlos y la cesi\u00f3n del Imperio a Fernando de Austria.<\/p>\n<p style=\"text-align: justify\">La organizaci\u00f3n del Imperio Espa\u00f1ol en ese momento era la siguiente:<\/p>\n<ul style=\"text-align: justify\">\n<li>El imperio espa\u00f1ol se organizaba en un sistema polisinodial formado por Consejos.<\/li>\n<\/ul>\n<ul style=\"text-align: justify\">\n<li>Los Consejos estaban compuestos por personas escogidas personalmente por el Rey que, bajo la presidencia del mismo Rey o de alg\u00fan representante suyo discut\u00edan sobre alg\u00fan tema.<\/li>\n<\/ul>\n<ul style=\"text-align: justify\">\n<li>Los secretarios de los Consejos eran los encargados de trasladar al Rey las deliberaciones de los Consejos.<\/li>\n<\/ul>\n<p style=\"text-align: justify\">Durante su reinado, se conquist\u00f3 Nueva Espa\u00f1a (M\u00e9xico), el Imperio Incaico, la actual Colombia. Se dio la vuelta la mundo , y se\u00a0sentaron las primeras bases de la soberan\u00eda espa\u00f1ola en Filipinas y las Marianas .<\/p>\n<p style=\"text-align: justify\">Las jornadas africanas organizaron dos operaciones de diferente fortuna:<\/p>\n<p style=\"text-align: justify\">&#8211; La Jornada de T\u00fanez , en 1535, por la que se le arrebat\u00f3 T\u00fanez a Barbarroja . &#8211; La Jornada de Argel , en 1541, que fracas\u00f3 debido al mal tiempo.<\/p>\n<p style=\"text-align: justify\">Sucedieron en esta \u00e9poca algunas batallas por el reino de Navarra:<\/p>\n<p style=\"text-align: justify\">La guerra de Navarra, en la que, aprovechando la Guerra de las Comunidades (revuelta anti- se\u00f1orial) de Castilla, se produjo la tercera contraofensiva de los navarros para recuperar el reino en 1521.<\/p>\n<p style=\"text-align: justify\">Batalla de No\u00e1in . En esta ocasi\u00f3n, Enrique II de Navarra con apoyo del rey franc\u00e9s Francisco I, y con el apoyo casi un\u00e1nime de los habitantes de Navarra,\u00a0consigui\u00f3 la recuperaci\u00f3n en poco tiempo.<\/p>\n<p style=\"text-align: justify\">Entre Carlos I y Francisco I (Rey de Francia) siempre hubieron disputas ya que este tambi\u00e9n aspiraba a la corona Imperial. Surgieron cuatro guerras entre ellos, y al que Carlos exig\u00eda la devoluci\u00f3n de Borgo\u00f1a. Aunque finalmente\u00a0Espa\u00f1a renunci\u00f3 a Borgo\u00f1a a cambio de que Francisco I renunciara a Italia. La primera y una de las mas importantes guerras entre ambos fue la Batalla de Pav\u00eda.<\/p>\n<p style=\"text-align: justify\">Carlos I decidi\u00f3 actuar tambi\u00e9n\u00a0con fuerza contra los protestantes. Obtuvo la victoria en la batalla de M\u00fchlberg (1547), aunque no logr\u00f3 ni la unidad pol\u00edtica ni la religiosa (su objetivo de reinado). Por este motivo comenz\u00f3 a renunciar a sus posesiones, a causa de no haber cumplido su objetivo.<\/p>\n<p style=\"text-align: justify\">Carlos I deja el gobierno imperial a su hermano, el rey de romanos Fernando y la de Espa\u00f1a y las Indias a su hijo Felipe.<\/p>\n<p><span style=\"text-decoration: underline\"><strong>Reinado de Felipe II<\/strong><\/span><\/p>\n<p style=\"text-align: justify\">Felipe II asumi\u00f3 el trono espa\u00f1ol tras la abdicaci\u00f3n de Carlos I en 1556. Fue rey de Espa\u00f1a y de sus posesiones desde esa fecha hasta 1598.<\/p>\n<p style=\"text-align: justify\">La monarqu\u00eda de Felipe II se apoyaba en un gobierno por medio de consejos y de secretarios reales y en una poderosa administraci\u00f3n centralizada. Pero las bancarrotas, las dificultades econ\u00f3micas y los problemas fiscales fueron caracter\u00edsticos durante todo su reinado.<\/p>\n<p style=\"text-align: justify\"><span>En cuanto a pol<\/span><span>\u00ed<\/span><span>tica exterior,<\/span> el monarca se preocup\u00f3 por mantener y proteger su Imperio y una prueba de ello fueron los matrimonios que contrajo, pues se cas\u00f3 por primera vez con Mar\u00eda de Portugal en 1543 y a la muerte de \u00e9sta, con Mar\u00eda I Tudor, reina de Inglaterra, en 1554. Su tercer matrimonio fue con la francesa Isabel de Valois en 1559 y quedando de nuevo viudo sin herederos varones se cas\u00f3 por cuarta vez, en 1570, con su sobrina Ana de Austria quien dio a luz al que ser\u00eda el sucesor al trono espa\u00f1ol, Felipe III.<\/p>\n<p style=\"text-align: justify\">Durante\u00a0su\u00a0reinado, Felipe II tuvo que hacer frente a numerosos conflictos externos, como ocurri\u00f3 con Francia, con quien Espa\u00f1a tuvo que luchar por el control de N\u00e1poles y el Milanesado. Ante el enorme gasto econ\u00f3mico de esta serie de pugnas, ambos pa\u00edses pactaron la paz en Cateau-Cambr\u00e9sis en 1559.<\/p>\n<p style=\"text-align: justify\">Las relaciones con Inglaterra y la lucha de ambos pa\u00edses por el control mar\u00edtimo chocaron a partir de la muerte de la esposa de Felipe II, Mar\u00eda Tudor. Hostilidad que acab\u00f3 en 1588 con la derrota de la Armada Invencible capitaneada por el duque de Medina-Sidonia, comenzando as\u00ed el declive del poder naval espa\u00f1ol en el Atl\u00e1ntico.<\/p>\n<p style=\"text-align: justify\">Tampoco pudo solucionar el conflicto pol\u00edtico-religioso generado en los Pa\u00edses Bajos. Ninguno de sus gobernadores pudo mitigar la sublevaci\u00f3n de los Estados Generales y la definitiva emancipaci\u00f3n de Holanda, Zelanda y el resto de las Provincias Unidas.<\/p>\n<p style=\"text-align: justify\"><span>Las principales aportaciones de su reinado fueron:<\/span><\/p>\n<p style=\"text-align: justify\">&#8211; Consiguir un gran triunfo pol\u00edtico al conseguir la unidad ib\u00e9rica con la anexi\u00f3n de Portugal y sus dominios, al hacer valer sus derechos sucesorios en 1581 en las Cortes de Tomar y completar, por tanto, la obra unificadora comenzada por los Reyes Cat\u00f3licos.<\/p>\n<p style=\"text-align: justify\">&#8211; Apartar a la nobleza de los asuntos de Estado, puestos que entreg\u00f3 a secretarios reales procedentes de clases medias.<\/p>\n<p style=\"text-align: justify\">&#8211; Dar forma definitiva al sistema de Consejos.<\/p>\n<p style=\"text-align: justify\">&#8211; Codificar leyes, realizar censos de poblaci\u00f3n y riqueza econ\u00f3mica.<\/p>\n<p style=\"text-align: justify\">&#8211;\u00a0Impulsar prerrogativas a la Iglesia.<\/p>\n<p style=\"text-align: justify\">Felipe II muri\u00f3 el 13 de septiembre de 1598 en el monasterio de El Escorial a causa de unas fiebres tercianas.<\/p>\n","protected":false},"excerpt":{"rendered":"<p>El contexto pol\u00edtico-social de la vida del duque de Alba est\u00e1 marcado, principalmente, por el reinado de Carlos I (1519-1556) y el reinado de Felipe II (1556-1598): Reinado de Carlos I. Carlos I llega al poder en 1519, (cuando el duque de alba apenas ten\u00eda 12 a\u00f1os). El objetivo de su reinado fue dedicarse completamente [&hellip;]<\/p>\n","protected":false},"author":1318,"featured_media":0,"parent":0,"menu_order":0,"comment_status":"open","ping_status":"open","template":"","meta":{"footnotes":""},"class_list":["post-27","page","type-page","status-publish","hentry"],"_links":{"self":[{"href":"https:\/\/blogs.ua.es\/duquedealba\/wp-json\/wp\/v2\/pages\/27","targetHints":{"allow":["GET"]}}],"collection":[{"href":"https:\/\/blogs.ua.es\/duquedealba\/wp-json\/wp\/v2\/pages"}],"about":[{"href":"https:\/\/blogs.ua.es\/duquedealba\/wp-json\/wp\/v2\/types\/page"}],"author":[{"embeddable":true,"href":"https:\/\/blogs.ua.es\/duquedealba\/wp-json\/wp\/v2\/users\/1318"}],"replies":[{"embeddable":true,"href":"https:\/\/blogs.ua.es\/duquedealba\/wp-json\/wp\/v2\/comments?post=27"}],"version-history":[{"count":6,"href":"https:\/\/blogs.ua.es\/duquedealba\/wp-json\/wp\/v2\/pages\/27\/revisions"}],"predecessor-version":[{"id":29,"href":"https:\/\/blogs.ua.es\/duquedealba\/wp-json\/wp\/v2\/pages\/27\/revisions\/29"}],"wp:attachment":[{"href":"https:\/\/blogs.ua.es\/duquedealba\/wp-json\/wp\/v2\/media?parent=27"}],"curies":[{"name":"wp","href":"https:\/\/api.w.org\/{rel}","templated":true}]}}