{"id":47,"date":"2009-11-05T21:40:44","date_gmt":"2009-11-05T19:40:44","guid":{"rendered":"https:\/\/blogs.ua.es\/duquedealba\/?page_id=47"},"modified":"2009-11-10T16:58:04","modified_gmt":"2009-11-10T14:58:04","slug":"galeria-de-retratos","status":"publish","type":"page","link":"https:\/\/blogs.ua.es\/duquedealba\/galeria-de-retratos\/","title":{"rendered":"Galer\u00eda de retratos"},"content":{"rendered":"<table style=\"text-align: center\" border=\"0\">\n<tbody>\n<tr>\n<td style=\"text-align: center\"><strong>Garci IV \u00c1lvarez de Toledo, 1er Duque de Alba de Tormes<\/strong><\/td>\n<\/tr>\n<tr>\n<td>\n<p style=\"text-align: center\"><strong><img loading=\"lazy\" decoding=\"async\" class=\"aligncenter\" src=\"https:\/\/blogs.ua.es\/duquedealba\/files\/2009\/11\/duque-114-222x300.jpg\" alt=\"duque-1\" width=\"222\" height=\"300\" \/><\/strong><\/p>\n<\/td>\n<\/tr>\n<tr>\n<td style=\"text-align: center\"><strong>Fadrique \u00c1lvarez de Toledo, 2\u00ba Duque de Alba de Tormes<\/strong><\/td>\n<\/tr>\n<tr>\n<td>\n<p style=\"text-align: center\"><img loading=\"lazy\" decoding=\"async\" class=\"aligncenter\" src=\"https:\/\/blogs.ua.es\/duquedealba\/files\/2009\/11\/duque-212-200x300.jpg\" alt=\"duque-2\" width=\"200\" height=\"300\" \/><\/p>\n<\/td>\n<\/tr>\n<tr>\n<td>\n<p align=\"center\"><strong>Fernando II \u00c1lvarez de Toledo, 3er Duque de Alba de Tormes &#8220;el Gran Duque de Alba&#8221;<\/strong><\/p>\n<\/td>\n<\/tr>\n<tr>\n<td>\n<p style=\"text-align: center\"><img loading=\"lazy\" decoding=\"async\" class=\"aligncenter size-medium wp-image-120\" src=\"https:\/\/blogs.ua.es\/duquedealba\/files\/2009\/11\/duque-33-259x300.jpg\" alt=\"duque-3\" width=\"259\" height=\"300\" srcset=\"https:\/\/blogs.ua.es\/duquedealba\/files\/2009\/11\/duque-33-259x300.jpg 259w, https:\/\/blogs.ua.es\/duquedealba\/files\/2009\/11\/duque-33.jpg 389w\" sizes=\"auto, (max-width: 259px) 100vw, 259px\" \/><\/p>\n<\/td>\n<\/tr>\n<tr>\n<td style=\"text-align: center\"><strong>Fadrique II \u00c1lvarez de Toledo, 4\u00ba Duque de Alba de Tormes.<\/strong><\/td>\n<\/tr>\n<tr>\n<td>\n<p style=\"text-align: center\"><img loading=\"lazy\" decoding=\"async\" class=\"aligncenter size-medium wp-image-121\" src=\"https:\/\/blogs.ua.es\/duquedealba\/files\/2009\/11\/duque-43-269x300.jpg\" alt=\"duque 4\" width=\"269\" height=\"300\" srcset=\"https:\/\/blogs.ua.es\/duquedealba\/files\/2009\/11\/duque-43-269x300.jpg 269w, https:\/\/blogs.ua.es\/duquedealba\/files\/2009\/11\/duque-43.jpg 404w\" sizes=\"auto, (max-width: 269px) 100vw, 269px\" \/><\/p>\n<\/td>\n<\/tr>\n<tr>\n<td style=\"text-align: center\"><strong>Antonio \u00c1lvarez de Toledo y de Beaumont, 5\u00ba Duque de Alba de Tormes.<\/strong><\/td>\n<\/tr>\n<tr>\n<td>\n<p style=\"text-align: center\"><img loading=\"lazy\" decoding=\"async\" class=\"aligncenter size-full wp-image-122\" src=\"https:\/\/blogs.ua.es\/duquedealba\/files\/2009\/11\/duque-52.jpg\" alt=\"duque 5\" width=\"203\" height=\"269\" \/><\/p>\n<\/td>\n<\/tr>\n<tr>\n<td>\n<p style=\"text-align: center\"><strong>Fernando IV de Silva y \u00c1lvarez de Toledo, 12\u00ba Duque de Alba de Tormes.<\/strong><\/p>\n<\/td>\n<\/tr>\n<tr>\n<td>\n<p style=\"text-align: center\"><img loading=\"lazy\" decoding=\"async\" class=\"aligncenter size-medium wp-image-123\" src=\"https:\/\/blogs.ua.es\/duquedealba\/files\/2009\/11\/duque-122-242x300.jpg\" alt=\"duque-12\" width=\"242\" height=\"300\" srcset=\"https:\/\/blogs.ua.es\/duquedealba\/files\/2009\/11\/duque-122-242x300.jpg 242w, https:\/\/blogs.ua.es\/duquedealba\/files\/2009\/11\/duque-122.jpg 364w\" sizes=\"auto, (max-width: 242px) 100vw, 242px\" \/><\/p>\n<\/td>\n<\/tr>\n<tr>\n<td style=\"text-align: center\"><strong>Mar\u00eda del Pilar Teresa Cayetana de Silva-\u00c1lvarez de Toledo y Silva Baz\u00e1n, 13\u00aa Duquesa de Alba de Tormes.<\/strong><\/td>\n<\/tr>\n<tr>\n<td>\n<p style=\"text-align: center\"><img loading=\"lazy\" decoding=\"async\" class=\"aligncenter size-medium wp-image-124\" src=\"https:\/\/blogs.ua.es\/duquedealba\/files\/2009\/11\/duquesa-131-191x300.jpg\" alt=\"duquesa-13\" width=\"191\" height=\"300\" srcset=\"https:\/\/blogs.ua.es\/duquedealba\/files\/2009\/11\/duquesa-131-191x300.jpg 191w, https:\/\/blogs.ua.es\/duquedealba\/files\/2009\/11\/duquesa-131.jpg 306w\" sizes=\"auto, (max-width: 191px) 100vw, 191px\" \/><\/p>\n<\/td>\n<\/tr>\n<tr>\n<td>\n<p style=\"text-align: center\"><strong>Carlos Miguel Fitz-James Stuart y Fern\u00e1ndez de Hijar-Silva, 14\u00ba Duque de Alba de Tormes.<\/strong><\/p>\n<\/td>\n<\/tr>\n<tr>\n<td>\n<p style=\"text-align: center\"><img loading=\"lazy\" decoding=\"async\" class=\"aligncenter size-medium wp-image-125\" src=\"https:\/\/blogs.ua.es\/duquedealba\/files\/2009\/11\/duque-141-214x300.jpg\" alt=\"duque-14\" width=\"214\" height=\"300\" srcset=\"https:\/\/blogs.ua.es\/duquedealba\/files\/2009\/11\/duque-141-214x300.jpg 214w, https:\/\/blogs.ua.es\/duquedealba\/files\/2009\/11\/duque-141.jpg 321w\" sizes=\"auto, (max-width: 214px) 100vw, 214px\" \/><\/p>\n<\/td>\n<\/tr>\n<tr>\n<td>\n<p align=\"center\"><strong>Jacobo Fitz-James Stuart y Ventimiglia, 15\u00ba Duque de Alba de Tormes.<\/strong><\/p>\n<\/td>\n<\/tr>\n<tr>\n<td><img loading=\"lazy\" decoding=\"async\" class=\"aligncenter size-medium wp-image-126\" src=\"https:\/\/blogs.ua.es\/duquedealba\/files\/2009\/11\/duque-151-199x300.jpg\" alt=\"duque-15\" width=\"199\" height=\"300\" srcset=\"https:\/\/blogs.ua.es\/duquedealba\/files\/2009\/11\/duque-151-199x300.jpg 199w, https:\/\/blogs.ua.es\/duquedealba\/files\/2009\/11\/duque-151.jpg 412w\" sizes=\"auto, (max-width: 199px) 100vw, 199px\" \/><\/td>\n<\/tr>\n<tr>\n<td><strong>Jacobo Fitz-James Stuart y Falc\u00f3, 17\u00ba Duque de Alba de Tormes.<\/strong><\/td>\n<\/tr>\n<tr>\n<td><img loading=\"lazy\" decoding=\"async\" class=\"aligncenter size-medium wp-image-127\" src=\"https:\/\/blogs.ua.es\/duquedealba\/files\/2009\/11\/duque-171-236x300.jpg\" alt=\"duque-17\" width=\"236\" height=\"300\" srcset=\"https:\/\/blogs.ua.es\/duquedealba\/files\/2009\/11\/duque-171-236x300.jpg 236w, https:\/\/blogs.ua.es\/duquedealba\/files\/2009\/11\/duque-171.jpg 354w\" sizes=\"auto, (max-width: 236px) 100vw, 236px\" \/><\/td>\n<\/tr>\n<tr>\n<td>\n<p align=\"center\"><strong>Mar\u00eda del Rosario Cayetana Fitz-James Stuart y Silva, 18\u00aa Duquesa de Alba de Tormes.<\/strong><\/p>\n<\/td>\n<\/tr>\n<tr>\n<td><img loading=\"lazy\" decoding=\"async\" class=\"aligncenter size-medium wp-image-128\" src=\"https:\/\/blogs.ua.es\/duquedealba\/files\/2009\/11\/duquesa-181-249x300.jpg\" alt=\"duquesa-18\" width=\"249\" height=\"300\" srcset=\"https:\/\/blogs.ua.es\/duquedealba\/files\/2009\/11\/duquesa-181-249x300.jpg 249w, https:\/\/blogs.ua.es\/duquedealba\/files\/2009\/11\/duquesa-181.jpg 491w\" sizes=\"auto, (max-width: 249px) 100vw, 249px\" \/><\/td>\n<\/tr>\n<\/tbody>\n<\/table>\n","protected":false},"excerpt":{"rendered":"<p>Garci IV \u00c1lvarez de Toledo, 1er Duque de Alba de Tormes Fadrique \u00c1lvarez de Toledo, 2\u00ba Duque de Alba de Tormes Fernando II \u00c1lvarez de Toledo, 3er Duque de Alba de Tormes &#8220;el Gran Duque de Alba&#8221; Fadrique II \u00c1lvarez de Toledo, 4\u00ba Duque de Alba de Tormes. Antonio \u00c1lvarez de Toledo y de Beaumont, [&hellip;]<\/p>\n","protected":false},"author":1318,"featured_media":0,"parent":0,"menu_order":0,"comment_status":"open","ping_status":"open","template":"","meta":{"footnotes":""},"class_list":["post-47","page","type-page","status-publish","hentry"],"_links":{"self":[{"href":"https:\/\/blogs.ua.es\/duquedealba\/wp-json\/wp\/v2\/pages\/47","targetHints":{"allow":["GET"]}}],"collection":[{"href":"https:\/\/blogs.ua.es\/duquedealba\/wp-json\/wp\/v2\/pages"}],"about":[{"href":"https:\/\/blogs.ua.es\/duquedealba\/wp-json\/wp\/v2\/types\/page"}],"author":[{"embeddable":true,"href":"https:\/\/blogs.ua.es\/duquedealba\/wp-json\/wp\/v2\/users\/1318"}],"replies":[{"embeddable":true,"href":"https:\/\/blogs.ua.es\/duquedealba\/wp-json\/wp\/v2\/comments?post=47"}],"version-history":[{"count":34,"href":"https:\/\/blogs.ua.es\/duquedealba\/wp-json\/wp\/v2\/pages\/47\/revisions"}],"predecessor-version":[{"id":51,"href":"https:\/\/blogs.ua.es\/duquedealba\/wp-json\/wp\/v2\/pages\/47\/revisions\/51"}],"wp:attachment":[{"href":"https:\/\/blogs.ua.es\/duquedealba\/wp-json\/wp\/v2\/media?parent=47"}],"curies":[{"name":"wp","href":"https:\/\/api.w.org\/{rel}","templated":true}]}}