{"id":152,"date":"2013-04-17T18:55:26","date_gmt":"2013-04-17T18:55:26","guid":{"rendered":"https:\/\/blogs.ua.es\/ecuadordoxa\/?page_id=152"},"modified":"2013-06-16T02:01:50","modified_gmt":"2013-06-16T02:01:50","slug":"aristoteles-y-el-derecho","status":"publish","type":"page","link":"https:\/\/blogs.ua.es\/ecuadordoxa\/seminarios\/aristoteles-y-el-derecho\/","title":{"rendered":"Arist\u00f3teles y la equidad"},"content":{"rendered":"<p><span style=\"text-decoration: underline\">Texto<\/span>: Vega, Jes\u00fas.\u00a0<strong><em>Reglas pr\u00e1cticas y equidad en Arist\u00f3teles<\/em><\/strong>, pendiente de publicaci\u00f3n. Disponible\u00a0<a href=\"https:\/\/blogs.ua.es\/ecuadordoxa\/files\/2013\/04\/J.-Vega-Reglas-pr\u00e1cticas-y-equidad-en-Arist\u00f3teles.pdf\">aqu\u00ed<\/a><\/p>\n<p>Complementariamente, se sugiere la lectura de los textos de Arist\u00f3teles que aparecen\u00a0<a href=\"https:\/\/blogs.ua.es\/ecuadordoxa\/files\/2013\/04\/Textos-de-Arist\u00f3teles.pdf\">ac\u00e1<\/a><\/p>\n<p><span style=\"font-size: 13px;line-height: 19px\"><span style=\"text-decoration: underline\">Ponente<\/span>: <strong>Jes\u00fas Vega L\u00f3pez<\/strong><\/span><\/p>\n<p><a href=\"https:\/\/blogs.ua.es\/ecuadordoxa\/files\/2013\/04\/jesus-vega-lopez1-e1366576024975.jpg\"><img loading=\"lazy\" decoding=\"async\" class=\"alignnone size-thumbnail wp-image-237\" src=\"https:\/\/blogs.ua.es\/ecuadordoxa\/files\/2013\/04\/jesus-vega-lopez1-e1366576024975-150x150.jpg\" alt=\"\" width=\"150\" height=\"150\" \/><\/a><\/p>\n<p style=\"text-align: justify\">Licenciado en Filosof\u00eda y Derecho. Profesor Titular de Filosof\u00eda del Derecho de la Universidad de Oviedo. Ha realizado estancias de investigaci\u00f3n en Alemania y Estados Unidos. Profesor invitado en diferentes universidades latinoamericanas y espa\u00f1olas. L\u00edneas de investigaci\u00f3n: teor\u00eda de las ciencias jur\u00eddicas, historia del pensamiento jur\u00eddico. Entre sus publicaciones destacan &#8220;La idea de ciencia en el Derecho&#8221; (2000), &#8220;Kant y los fundamentos del idealismo normativo&#8221; (2003), &#8220;Crisis del positivismo jur\u00eddico y fundamentaci\u00f3n moral del Derecho&#8221; (2006), &#8220;Reglas y lenguaje sobre reglas&#8221;(2007), &#8220;Aristotle&#8217;s Concept of Law: Beyond Positivism and Natural Law&#8221; (2010).<\/p>\n<p style=\"text-align: justify\"><span style=\"text-decoration: underline\">Moderaci\u00f3n<\/span>:<\/p>\n<p style=\"text-align: justify\">Al\u00ed Lozada Prado<\/p>\n<p style=\"text-align: justify\"><span style=\"text-decoration: underline\">D\u00eda y hora<\/span>:<\/p>\n<p><strong>31 de mayo de 2013 <\/strong>de<strong> 11h00 a 13h00<\/strong> (hora Ecuador) de <strong>18h00 a 20h00<\/strong> (hora Espa\u00f1a)<\/p>\n<p><span style=\"text-decoration: underline\">Lugares<\/span>:<\/p>\n<p style=\"text-align: justify\">Los interesados en participar el 31 de mayo podr\u00e1n acudir a las aulas virtuales de la UTPL, en <strong>Quito<\/strong>: Av. 6 de Diciembre N\u00ba 31-47 y Alpallana (junto a Petrocomercial); en <strong>Guayaquil<\/strong>: Av. Kennedy # 333 entre Av. San Jorge y calle F; en <strong>Cuenca<\/strong>: calle Gran Colombia 22-167 y Unidad Nacional y; en <strong>Loja<\/strong>: San Cayetado Aloto s\/n.<\/p>\n<p><span style=\"text-decoration: underline\">Relator\u00eda<\/span>:<\/p>\n<p>A cargo de Jos\u00e9 Fonseca. Ver <a href=\"https:\/\/blogs.ua.es\/ecuadordoxa\/files\/2013\/04\/Relator\u00eda-1_Arist\u00f3teles-y-la-Equidad1.pdf\">aqu\u00ed<\/a>.<\/p>\n","protected":false},"excerpt":{"rendered":"<p>Texto: Vega, Jes\u00fas.\u00a0Reglas pr\u00e1cticas y equidad en Arist\u00f3teles, pendiente de publicaci\u00f3n. Disponible\u00a0aqu\u00ed Complementariamente, se sugiere la lectura de los textos de Arist\u00f3teles que aparecen\u00a0ac\u00e1 Ponente: Jes\u00fas Vega L\u00f3pez Licenciado en Filosof\u00eda y Derecho. Profesor Titular de Filosof\u00eda del Derecho de la Universidad de Oviedo. Ha realizado estancias de investigaci\u00f3n en Alemania y Estados Unidos. Profesor [&hellip;]<\/p>\n","protected":false},"author":2529,"featured_media":0,"parent":134,"menu_order":2,"comment_status":"open","ping_status":"closed","template":"","meta":{"footnotes":""},"class_list":["post-152","page","type-page","status-publish","hentry"],"_links":{"self":[{"href":"https:\/\/blogs.ua.es\/ecuadordoxa\/wp-json\/wp\/v2\/pages\/152","targetHints":{"allow":["GET"]}}],"collection":[{"href":"https:\/\/blogs.ua.es\/ecuadordoxa\/wp-json\/wp\/v2\/pages"}],"about":[{"href":"https:\/\/blogs.ua.es\/ecuadordoxa\/wp-json\/wp\/v2\/types\/page"}],"author":[{"embeddable":true,"href":"https:\/\/blogs.ua.es\/ecuadordoxa\/wp-json\/wp\/v2\/users\/2529"}],"replies":[{"embeddable":true,"href":"https:\/\/blogs.ua.es\/ecuadordoxa\/wp-json\/wp\/v2\/comments?post=152"}],"version-history":[{"count":25,"href":"https:\/\/blogs.ua.es\/ecuadordoxa\/wp-json\/wp\/v2\/pages\/152\/revisions"}],"predecessor-version":[{"id":521,"href":"https:\/\/blogs.ua.es\/ecuadordoxa\/wp-json\/wp\/v2\/pages\/152\/revisions\/521"}],"up":[{"embeddable":true,"href":"https:\/\/blogs.ua.es\/ecuadordoxa\/wp-json\/wp\/v2\/pages\/134"}],"wp:attachment":[{"href":"https:\/\/blogs.ua.es\/ecuadordoxa\/wp-json\/wp\/v2\/media?parent=152"}],"curies":[{"name":"wp","href":"https:\/\/api.w.org\/{rel}","templated":true}]}}