{"id":24,"date":"2012-01-09T11:27:06","date_gmt":"2012-01-09T11:27:06","guid":{"rendered":"https:\/\/blogs.ua.es\/edadcontemporaneaenalicantehastalaguerracivil\/?page_id=24"},"modified":"2012-01-16T16:57:55","modified_gmt":"2012-01-16T16:57:55","slug":"pagina-de-presentacion","status":"publish","type":"page","link":"https:\/\/blogs.ua.es\/edadcontemporaneaenalicantehastalaguerracivil\/pagina-de-presentacion\/","title":{"rendered":"Presentaci\u00f3n"},"content":{"rendered":"<h3><span style=\"color: #ffffff\"><em><strong>Este Blog esta administrado por Tom\u00e1s Torregrosa Mart\u00edn y por Julio Gracia Rumbo, alumnos de la Universidad de Alicante. Este blog se centrar\u00e1 en obtener informaci\u00f3n sobre Alicante en la \u00e9poca Contempor\u00e1nea hasta el 1936 a\u00f1o en el que empez\u00f3 la guerra civil Espa\u00f1ola.<\/strong><\/em><\/span><\/h3>\n<h3><\/h3>\n<h3><\/h3>\n","protected":false},"excerpt":{"rendered":"<p>Este Blog esta administrado por Tom\u00e1s Torregrosa Mart\u00edn y por Julio Gracia Rumbo, alumnos de la Universidad de Alicante. Este blog se centrar\u00e1 en obtener informaci\u00f3n sobre Alicante en la \u00e9poca Contempor\u00e1nea hasta el 1936 a\u00f1o en el que empez\u00f3 la guerra civil Espa\u00f1ola.<\/p>\n","protected":false},"author":2408,"featured_media":0,"parent":0,"menu_order":0,"comment_status":"open","ping_status":"open","template":"","meta":{"footnotes":""},"class_list":["post-24","page","type-page","status-publish","hentry"],"_links":{"self":[{"href":"https:\/\/blogs.ua.es\/edadcontemporaneaenalicantehastalaguerracivil\/wp-json\/wp\/v2\/pages\/24","targetHints":{"allow":["GET"]}}],"collection":[{"href":"https:\/\/blogs.ua.es\/edadcontemporaneaenalicantehastalaguerracivil\/wp-json\/wp\/v2\/pages"}],"about":[{"href":"https:\/\/blogs.ua.es\/edadcontemporaneaenalicantehastalaguerracivil\/wp-json\/wp\/v2\/types\/page"}],"author":[{"embeddable":true,"href":"https:\/\/blogs.ua.es\/edadcontemporaneaenalicantehastalaguerracivil\/wp-json\/wp\/v2\/users\/2408"}],"replies":[{"embeddable":true,"href":"https:\/\/blogs.ua.es\/edadcontemporaneaenalicantehastalaguerracivil\/wp-json\/wp\/v2\/comments?post=24"}],"version-history":[{"count":6,"href":"https:\/\/blogs.ua.es\/edadcontemporaneaenalicantehastalaguerracivil\/wp-json\/wp\/v2\/pages\/24\/revisions"}],"predecessor-version":[{"id":40,"href":"https:\/\/blogs.ua.es\/edadcontemporaneaenalicantehastalaguerracivil\/wp-json\/wp\/v2\/pages\/24\/revisions\/40"}],"wp:attachment":[{"href":"https:\/\/blogs.ua.es\/edadcontemporaneaenalicantehastalaguerracivil\/wp-json\/wp\/v2\/media?parent=24"}],"curies":[{"name":"wp","href":"https:\/\/api.w.org\/{rel}","templated":true}]}}