{"id":30,"date":"2012-01-16T16:43:24","date_gmt":"2012-01-16T16:43:24","guid":{"rendered":"https:\/\/blogs.ua.es\/edadcontemporaneaenalicantehastalaguerracivil\/?page_id=30"},"modified":"2012-01-16T16:53:34","modified_gmt":"2012-01-16T16:53:34","slug":"explicacion-general-del-tema","status":"publish","type":"page","link":"https:\/\/blogs.ua.es\/edadcontemporaneaenalicantehastalaguerracivil\/explicacion-general-del-tema\/","title":{"rendered":"Explicaci\u00f3n General del Tema"},"content":{"rendered":"<h3><em><strong><span style=\"color: #ffffff\">El tema que hemos escogido para realizar el blog es el de la edad contempor\u00e1nea en Alicante hasta la guerra civil. La edad contempor\u00e1nea en Alicante se inicio en el siglo XIX as\u00ed que hemos recabando informaci\u00f3n que va desde el Siglo XIX hasta el a\u00f1o 1936 que empez\u00f3 la Guerra Civil Espa\u00f1ola.<\/span><\/strong><\/em><\/h3>\n","protected":false},"excerpt":{"rendered":"<p>El tema que hemos escogido para realizar el blog es el de la edad contempor\u00e1nea en Alicante hasta la guerra civil. La edad contempor\u00e1nea en Alicante se inicio en el siglo XIX as\u00ed que hemos recabando informaci\u00f3n que va desde el Siglo XIX hasta el a\u00f1o 1936 que empez\u00f3 la Guerra Civil Espa\u00f1ola.<\/p>\n","protected":false},"author":2408,"featured_media":0,"parent":0,"menu_order":0,"comment_status":"open","ping_status":"open","template":"","meta":{"footnotes":""},"class_list":["post-30","page","type-page","status-publish","hentry"],"_links":{"self":[{"href":"https:\/\/blogs.ua.es\/edadcontemporaneaenalicantehastalaguerracivil\/wp-json\/wp\/v2\/pages\/30","targetHints":{"allow":["GET"]}}],"collection":[{"href":"https:\/\/blogs.ua.es\/edadcontemporaneaenalicantehastalaguerracivil\/wp-json\/wp\/v2\/pages"}],"about":[{"href":"https:\/\/blogs.ua.es\/edadcontemporaneaenalicantehastalaguerracivil\/wp-json\/wp\/v2\/types\/page"}],"author":[{"embeddable":true,"href":"https:\/\/blogs.ua.es\/edadcontemporaneaenalicantehastalaguerracivil\/wp-json\/wp\/v2\/users\/2408"}],"replies":[{"embeddable":true,"href":"https:\/\/blogs.ua.es\/edadcontemporaneaenalicantehastalaguerracivil\/wp-json\/wp\/v2\/comments?post=30"}],"version-history":[{"count":3,"href":"https:\/\/blogs.ua.es\/edadcontemporaneaenalicantehastalaguerracivil\/wp-json\/wp\/v2\/pages\/30\/revisions"}],"predecessor-version":[{"id":37,"href":"https:\/\/blogs.ua.es\/edadcontemporaneaenalicantehastalaguerracivil\/wp-json\/wp\/v2\/pages\/30\/revisions\/37"}],"wp:attachment":[{"href":"https:\/\/blogs.ua.es\/edadcontemporaneaenalicantehastalaguerracivil\/wp-json\/wp\/v2\/media?parent=30"}],"curies":[{"name":"wp","href":"https:\/\/api.w.org\/{rel}","templated":true}]}}