{"id":6,"date":"2009-01-27T10:34:38","date_gmt":"2009-01-27T10:34:38","guid":{"rendered":"http:\/\/educa06.wordpress.com\/?page_id=6"},"modified":"2010-03-10T15:10:54","modified_gmt":"2010-03-10T14:10:54","slug":"info","status":"publish","type":"page","link":"https:\/\/blogs.ua.es\/educa06\/info\/","title":{"rendered":"Objetivos"},"content":{"rendered":"<p><a href=\"http:\/\/educa06.files.wordpress.com\/2009\/01\/firefox-2.png\"><img loading=\"lazy\" decoding=\"async\" class=\"aligncenter size-full wp-image-674\" title=\"Nube\" src=\"http:\/\/educa06.files.wordpress.com\/2009\/01\/firefox-2.png\" alt=\"etiquetas\" width=\"480\" height=\"294\" \/><\/a><\/p>\n<p>Este blog nace en febrero de 2008 como parte de una actividad de trabajo en grupo para la asignatura Pedagog\u00eda 0 &#8211; 6 a\u00f1os en Castellano, de los estudios de Maestro de Educaci\u00f3n Infantil de la Universidad de Alicante.<\/p>\n<p>Los alumnos y alumnas se organizaron en grupos de 4 y a lo largo de 4 meses ten\u00edan buscar, seleccionar y enviar a trav\u00e9s de un formulario, al menos 1 recurso por grupo cada semana. La forma de organizaci\u00f3n interna de cada grupo para realizar la tarea era libre. Cada recurso ten\u00eda que adjuntar un enlace v\u00e1lido, una descripci\u00f3n clara\u00a0 y utilidad para la asignatura. Los recursos deb\u00edan ser asignados\u00a0 a una o varias categor\u00edas predeterminadas\u00a0 y palabras clave o etiquetas, adem\u00e1s de una imagen ilustrativa.<\/p>\n<p>Una vez enviado a trav\u00e9s de un formulario de Googledocs, yo como profesora-editora publicaba los recursos seg\u00fan criterios de calidad e inter\u00e9s para la asignatura.<\/p>\n<p>Objetivos de esta actividad:<\/p>\n<p>1. Aprender a buscar recursos en Internet,<\/p>\n<p>2. Seleccionar la informaci\u00f3n relevante, seg\u00fan criterios de calidad.<\/p>\n<p>3. Ser capaz de sintetizar y describir de forma adecuada.<\/p>\n<p>4. Saber reconocer la autor\u00eda de la informaci\u00f3n que utilizamos y a la vez compartir la nuestra.<\/p>\n<p>Tambi\u00e9n el blog nos ha servido de conexi\u00f3n con alumn@s que estaban realizando el practicum y que nos enviaban su cr\u00f3nica cada semana, relacionando as\u00ed la teor\u00eda con la pr\u00e1ctica en el aula.<\/p>\n<p>Curso 2009\/2010<\/p>\n<p>Este a\u00f1o se ha replanteado la metodolog\u00eda, abriendo la posibilidad de env\u00edo de recursos a cualquier persona que quiera compartir. Pero por otro lado, somos m\u00e1s exigentes en la calidad de los recursos y en la redacci\u00f3n de las entradas.<\/p>\n<p>El blog sigue siendo un nexo de uni\u00f3n con alumnas que est\u00e1n realizando el Practicum y nos enriquecemos con su experiencia y sus reflexiones.<\/p>\n","protected":false},"excerpt":{"rendered":"<p>Este blog nace en febrero de 2008 como parte de una actividad de trabajo en grupo para la asignatura Pedagog\u00eda 0 &#8211; 6 a\u00f1os en Castellano, de los estudios de Maestro de Educaci\u00f3n Infantil de la Universidad de Alicante. Los &hellip; <a href=\"https:\/\/blogs.ua.es\/educa06\/info\/\">Continue reading <span class=\"meta-nav\">&rarr;<\/span><\/a><\/p>\n","protected":false},"author":1238,"featured_media":0,"parent":0,"menu_order":1,"comment_status":"closed","ping_status":"closed","template":"","meta":{"footnotes":""},"class_list":["post-6","page","type-page","status-publish","hentry"],"_links":{"self":[{"href":"https:\/\/blogs.ua.es\/educa06\/wp-json\/wp\/v2\/pages\/6","targetHints":{"allow":["GET"]}}],"collection":[{"href":"https:\/\/blogs.ua.es\/educa06\/wp-json\/wp\/v2\/pages"}],"about":[{"href":"https:\/\/blogs.ua.es\/educa06\/wp-json\/wp\/v2\/types\/page"}],"author":[{"embeddable":true,"href":"https:\/\/blogs.ua.es\/educa06\/wp-json\/wp\/v2\/users\/1238"}],"replies":[{"embeddable":true,"href":"https:\/\/blogs.ua.es\/educa06\/wp-json\/wp\/v2\/comments?post=6"}],"version-history":[{"count":4,"href":"https:\/\/blogs.ua.es\/educa06\/wp-json\/wp\/v2\/pages\/6\/revisions"}],"predecessor-version":[{"id":761,"href":"https:\/\/blogs.ua.es\/educa06\/wp-json\/wp\/v2\/pages\/6\/revisions\/761"}],"wp:attachment":[{"href":"https:\/\/blogs.ua.es\/educa06\/wp-json\/wp\/v2\/media?parent=6"}],"curies":[{"name":"wp","href":"https:\/\/api.w.org\/{rel}","templated":true}]}}