{"id":39,"date":"2007-12-08T22:54:00","date_gmt":"2007-12-08T21:54:00","guid":{"rendered":"https:\/\/blogs.ua.es\/educacionfisica\/reglamentos-de-juego\/"},"modified":"2007-12-27T21:00:50","modified_gmt":"2007-12-27T20:00:50","slug":"reglamentos-de-juego","status":"publish","type":"page","link":"https:\/\/blogs.ua.es\/educacionfisica\/reglamentos-de-juego\/","title":{"rendered":"Reglamentos de Juego"},"content":{"rendered":"<p>En esta p\u00e1gina se recogen algunas <em>Reglas de Juego y Reglamentos<\/em> (en formato <a href=\"http:\/\/www.adobe.com\/es\/products\/acrobat\/adobepdf.html\" title=\"Adobe PDF\">PDF<\/a>) de diferentes deportes, \u00e9stos se refieren a las diferentes Federaciones Deportivas que tienen vigor en Espa\u00f1a.<\/p>\n<p><img loading=\"lazy\" decoding=\"async\" src=\"http:\/\/thumb.yotophoto.com\/436\/436958_3b3ee.jpg\" alt=\"Free Photo License\" height=\"108\" width=\"110\" \/><\/p>\n<p><a href=\"http:\/\/www.fbmcv.com\/upload\/descargas\/REGLAS%20DE%20JUEGO.pdf\" title=\"Reglas Oficiales de Balonmano 2005\">Reglas Oficiales de Balonmano 2005<\/a><\/p>\n<p><a href=\"http:\/\/www.fbclm.net\/cta\/paginas\/reglamentacion\/reglas06.pdf\" title=\"Reglas Oficiales de Baloncesto 2006\">Reglas Oficiales de Baloncesto 2006<\/a><\/p>\n<p><a href=\"http:\/\/beachultimate.org\/BULA5-on-5_ES.pdf\" title=\"Reglas Oficiales de Beach Ultimate \">Reglas Oficiales de Beach Ultimate<\/a><\/p>\n<p><a href=\"http:\/\/www.rfevb.com\/home\/fede\/descarga\/reglasjuego\/reglas05-08.pdf\" title=\"Reglas Oficiales de Voleibol 2005-2008 \">Reglas Oficiales de Voleibol 2005-2008 <\/a><\/p>\n<p><a href=\"http:\/\/www.fivb.org\/EN\/BeachVolleyball\/Rules\/RulesOftheGames_ESP.pdf\" title=\"Reglas Oficiales del Voleibol de Playa 2005\">Reglas Oficiales del Voleibol de Playa 2005<\/a><\/p>\n<p><a href=\"http:\/\/www.rfebeisbolsofbol.com\/reglamentos\/2006-ISF-sofbol-reglasrevisadas.pdf\" title=\"Reglas Oficiales de Softball\">Reglas Oficiales de Softball<\/a><\/p>\n<p><a href=\"http:\/\/www.clubbadcham.com\/doc%20index\/reglabadminton.pdf\" title=\"Reglamento de Badminton \">Reglamento de Badminton<\/a><\/p>\n<p><a href=\"http:\/\/www.hipicabaleares.com\/subwebs\/reglamentos\/regsal06x.pdf\" title=\"Reglamento para los Concursos de Salto de Obst\u00e1culos\">Reglamento para los Concursos de Salto de Obst\u00e1culos<\/a><\/p>\n<p><a href=\"http:\/\/es.fifa.com\/mm\/document\/affederation\/federation\/reglas_de_juego_0708_10568.pdf\" title=\"Reglamento de F\u00fatbol 2007\">Reglamento de F\u00fatbol 2007<\/a><a href=\"http:\/\/es.fifa.com\/mm\/document\/affederation\/federation\/futsal_lotg_2006_es_1599.pdf\" title=\"Reglamento de Futsal 2006\"><\/a><\/p>\n<p><a href=\"http:\/\/es.fifa.com\/mm\/document\/affederation\/federation\/futsal_lotg_2006_es_1599.pdf\" title=\"Reglamento de Futsal 2006\">Reglamento de Futsal 2006<\/a><\/p>\n<p><a href=\"http:\/\/www.feapsmadrid.org\/opencms\/export\/sites\/default\/feaps\/recursos\/descargas\/Deportes\/Futbol\/Reglamento_Futbol_Sala.pdf\" title=\"Reglmento de F\u00fatbol Sala\">Reglmento de F\u00fatbol Sala<\/a><\/p>\n<p><a href=\"http:\/\/www.f7cup.com\/Reglas_de_Juego_FUTBOL_7.pdf\" title=\"Reglamento de F\u00fatbol 7\">Reglamento de F\u00fatbol 7<\/a><\/p>\n<p><a href=\"http:\/\/www.f7cup.com\/Reglas_de_Juego_FUTBOL_7.pdf\"><\/a><a href=\"http:\/\/cidtur.eaeht.tur.cu\/boletines\/Boletines\/Series%20tematicas\/Serie_Golf\/Reglas_juego.pdf\" title=\"Reglamento de Golf\">Reglamento de Golf<\/a><a href=\"http:\/\/www.imd.sevilla.org\/normativa\/jdm_reglamentos\/hockeypatines\/reglasjuegohockeypatines.pdf\"><\/a><\/p>\n<p><a href=\"http:\/\/www.imd.sevilla.org\/normativa\/jdm_reglamentos\/hockeypatines\/reglasjuegohockeypatines.pdf\" title=\"Reglamento de Hockey sobre patines\">Reglamento de Hockey sobre patines<\/a><\/p>\n<p><a href=\"http:\/\/www.rfen.es\/publicacion\/ficheros\/Reglamento%20Sincronizada%202005-2009.pdf\" title=\"Reglamento de Nataci\u00f3n Sincronizada 2005-2009\">Reglamento de Nataci\u00f3n Sincronizada 2005-2009<\/a><\/p>\n<p><a href=\"http:\/\/www.ibsa.es\/esp\/deportes\/swimming\/IBSAReglamentodeNatacion2005-2009.pdf\" title=\"Reglamento de Nataci\u00f3n de IBSA 2005-2009\">Reglamento de Nataci\u00f3n de IBSA 2005-2009<\/a><\/p>\n<p><a href=\"http:\/\/www.padel-alicante.com\/REGLAMENTODEJUEGOPADEL.pdf\" title=\"Reglamento de Padel\">Reglamento de Padel<\/a><\/p>\n<p><a href=\"http:\/\/es.fifa.com\/mm\/document\/affederation\/federation\/reglas_de_juego_0708_10568.pdf\" title=\"Reglamento Internacional de Juego de Pelota Vasca\">Reglamento general de juego de Pelota Vasca (FIPV)<\/a><\/p>\n<p><a href=\"http:\/\/www.padel-alicante.com\/REGLAMENTODEJUEGOPADEL.pdf\" title=\"Reglamento de Padel\"><\/a><a href=\"http:\/\/www.sportec.com\/fep\/FEP\/reglamen\/rg_desc.pdf\" title=\"Reglamento Pirag\u00fcismo\">Reglamento Pirag\u00fcismo: Descensos, Ascensos, Traves\u00edas y Marat\u00f3n<\/a><\/p>\n<p><a href=\"http:\/\/www.getxorugby.org\/getxito\/docu\/reglamento_de_juego_2005.pdf\" title=\"Reglamento de Rugby 2005\">Reglamento de Rugby 2005<\/a><\/p>\n<p><a href=\"http:\/\/www.rfen.es\/publicacion\/ficheros\/cna_reglamentos_saltos_0509.pdf\" title=\"Reglamento de Saltos\">Reglamento de Saltos<\/a><\/p>\n<p><a href=\"http:\/\/www.rfesquash.es\/images\/documentos\/normativa\/reglamento_mundial.pdf\" title=\"Reglamento de Mundial Squash \">Reglamento mundial de Squash<\/a><\/p>\n<p><a href=\"http:\/\/www.tenis-de-mesa.com\/Reglamento_general_tenis_de_mesa_RFETM.pdf\" title=\"Reglamento de Tenis de mesa\">Reglamento de Tenis de mesa<\/a><\/p>\n<p><a href=\"http:\/\/www.csd.mec.es\/csd\/competicion\/deporte-u\/3CampEspUniv\/2Reglam\/11regl_tenis_2007.pdf\" title=\"Reglamento de Tenis 2007\">Reglamento de Tenis 2007<\/a><\/p>\n<p><a href=\"http:\/\/www.fetaekwondo.net\/pdf\/REGLAMENTO%20Enero%2006corregido.pdf\" title=\"Reglamento de Taekwondo 2006\">Reglamento de Taekwondo 2006 (corregido)<\/a><\/p>\n<p><a href=\"http:\/\/www.triatlon.org\/fetri\/reglamentos\/Reglamento_2007_DEF.pdf\" title=\"Reglamento de Triatlon 2007\">Reglamento de Triatlon 2007<\/a><\/p>\n<p><a href=\"http:\/\/www.rfen.es\/publicacion\/ficheros\/cna_reglamentos_waterpolo_0509.pdf\" title=\"Reglamento de Waterpolo\">Reglamento de Waterpolo<\/a><\/p>\n<p>Si crees que tu deporte no est\u00e1 y nos quieres hacer llegar el reglamento, haznos tu comentario y actualizaremos su contenido.<\/p>\n<p>La informaci\u00f3n aqu\u00ed colgada puede estar sujeta a actualizaciones por lo que si alg\u00fan reglamento se modificara, actualizara, por favor, no dudes en ponerte en <a href=\"https:\/\/blogs.ua.es\/educacionfisica\/acerca-de\/\" title=\"Contacta con Nosotros\">Contacto con nosotros<\/a> para poder ofrecer la informaci\u00f3n m\u00e1s completa.<\/p>\n","protected":false},"excerpt":{"rendered":"<p>En esta p\u00e1gina se recogen algunas Reglas de Juego y Reglamentos (en formato PDF) de diferentes deportes, \u00e9stos se refieren a las diferentes Federaciones Deportivas que tienen vigor en Espa\u00f1a. Reglas Oficiales de Balonmano 2005 Reglas Oficiales de Baloncesto 2006 Reglas Oficiales de Beach Ultimate Reglas Oficiales de Voleibol 2005-2008 Reglas Oficiales del Voleibol de [&hellip;]<\/p>\n","protected":false},"author":239,"featured_media":0,"parent":0,"menu_order":0,"comment_status":"open","ping_status":"open","template":"","meta":{"footnotes":""},"class_list":["post-39","page","type-page","status-publish","hentry"],"_links":{"self":[{"href":"https:\/\/blogs.ua.es\/educacionfisica\/wp-json\/wp\/v2\/pages\/39","targetHints":{"allow":["GET"]}}],"collection":[{"href":"https:\/\/blogs.ua.es\/educacionfisica\/wp-json\/wp\/v2\/pages"}],"about":[{"href":"https:\/\/blogs.ua.es\/educacionfisica\/wp-json\/wp\/v2\/types\/page"}],"author":[{"embeddable":true,"href":"https:\/\/blogs.ua.es\/educacionfisica\/wp-json\/wp\/v2\/users\/239"}],"replies":[{"embeddable":true,"href":"https:\/\/blogs.ua.es\/educacionfisica\/wp-json\/wp\/v2\/comments?post=39"}],"version-history":[{"count":0,"href":"https:\/\/blogs.ua.es\/educacionfisica\/wp-json\/wp\/v2\/pages\/39\/revisions"}],"wp:attachment":[{"href":"https:\/\/blogs.ua.es\/educacionfisica\/wp-json\/wp\/v2\/media?parent=39"}],"curies":[{"name":"wp","href":"https:\/\/api.w.org\/{rel}","templated":true}]}}