{"id":41,"date":"2007-12-09T19:32:12","date_gmt":"2007-12-09T18:32:12","guid":{"rendered":"https:\/\/blogs.ua.es\/educacionfisica\/descargas\/"},"modified":"2008-11-02T07:39:50","modified_gmt":"2008-11-02T05:39:50","slug":"descargas","status":"publish","type":"page","link":"https:\/\/blogs.ua.es\/educacionfisica\/descargas\/","title":{"rendered":"Descargas"},"content":{"rendered":"<p align=\"left\">1.- Programa sobre la Ense\u00f1anza del <strong>Balonmano<\/strong> &#8211; <a title=\"Descarga programa sobre la ense\u00f1anza del Balonmano.\" href=\"http:\/\/www.geocities.com\/carlosarchivo\/progbm.zip\">Descarga (758 KB)<\/a><\/p>\n<p align=\"left\">2.- <strong>Pizarra<\/strong> electr\u00f3nica <a title=\"Descarga programa para dibujar las jugadas de tu deporte.\" href=\"http:\/\/www.geocities.com\/carlosarchivo\/pizarra.zip\">Descarga (160 KB)<\/a><\/p>\n<p align=\"left\">Descripci\u00f3n: Simula una pizarra para dibujar jugadas con los elementos b\u00e1sicos, una vez introducida la jugada realiza una animacion de la misma, con lo cual se puede ver la jugada de forma mas real que solo con un dibujo. El programa es un poco antiguo y es para MS-DOS pero funciona desde Windows 95.<\/p>\n<p align=\"left\">3.- Visita el post <a title=\"Catalogos y software educativo\" href=\"https:\/\/blogs.ua.es\/educacionfisica\/catalogos-y-software-educativo\">https:\/\/blogs.ua.es\/educacionfisica\/<strong>catalogos<\/strong>-y-<strong>software<\/strong>-educativo<\/a><\/p>\n<p align=\"left\">4.- <a href='http:\/\/www.filekeeper.org\/download\/c214-andre\/java\/Stopwatch\/stopwatch11midp2.jar'>Cr\u00f3nometro para m\u00f3viles symbian<\/a> (He probado con el Nokia 95 y va perfecto otros nokia con symbian *  Nokia N95 N73 E51 N82 6300) interesante el siguiente link tambi\u00e9n http:\/\/aplicaciones-symbian.com\/tag\/freeware<br \/>\n<\/span><\/p>\n<p align=\"left\">En construcci\u00f3n<\/p>\n<table border=\"0\">\n<tbody>\n<tr>\n<td>\n<p align=\"center\"><img loading=\"lazy\" decoding=\"async\" src=\"http:\/\/thumb.yotophoto.com\/437\/437851_ba820.jpg\" alt=\"Proximamente\" width=\"109\" height=\"95\" \/><\/p>\n<\/td>\n<\/tr>\n<\/tbody>\n<\/table>\n<p align=\"center\">Si quieres hacernos llegar alguna <em><strong>descarga<\/strong><\/em> no dudes en <a title=\"Escribenos\" href=\"https:\/\/blogs.ua.es\/educacionfisica\/acerca-de\/\">Contactarnos<\/a><\/p>\n","protected":false},"excerpt":{"rendered":"<p>1.- Programa sobre la Ense\u00f1anza del Balonmano &#8211; Descarga (758 KB) 2.- Pizarra electr\u00f3nica Descarga (160 KB) Descripci\u00f3n: Simula una pizarra para dibujar jugadas con los elementos b\u00e1sicos, una vez introducida la jugada realiza una animacion de la misma, con lo cual se puede ver la jugada de forma mas real que solo con un [&hellip;]<\/p>\n","protected":false},"author":239,"featured_media":0,"parent":0,"menu_order":0,"comment_status":"open","ping_status":"open","template":"","meta":{"footnotes":""},"class_list":["post-41","page","type-page","status-publish","hentry"],"_links":{"self":[{"href":"https:\/\/blogs.ua.es\/educacionfisica\/wp-json\/wp\/v2\/pages\/41","targetHints":{"allow":["GET"]}}],"collection":[{"href":"https:\/\/blogs.ua.es\/educacionfisica\/wp-json\/wp\/v2\/pages"}],"about":[{"href":"https:\/\/blogs.ua.es\/educacionfisica\/wp-json\/wp\/v2\/types\/page"}],"author":[{"embeddable":true,"href":"https:\/\/blogs.ua.es\/educacionfisica\/wp-json\/wp\/v2\/users\/239"}],"replies":[{"embeddable":true,"href":"https:\/\/blogs.ua.es\/educacionfisica\/wp-json\/wp\/v2\/comments?post=41"}],"version-history":[{"count":4,"href":"https:\/\/blogs.ua.es\/educacionfisica\/wp-json\/wp\/v2\/pages\/41\/revisions"}],"predecessor-version":[{"id":65,"href":"https:\/\/blogs.ua.es\/educacionfisica\/wp-json\/wp\/v2\/pages\/41\/revisions\/65"}],"wp:attachment":[{"href":"https:\/\/blogs.ua.es\/educacionfisica\/wp-json\/wp\/v2\/media?parent=41"}],"curies":[{"name":"wp","href":"https:\/\/api.w.org\/{rel}","templated":true}]}}