{"id":20,"date":"2012-11-11T19:20:54","date_gmt":"2012-11-11T19:20:54","guid":{"rendered":"https:\/\/blogs.ua.es\/educacionsigloxvi\/?page_id=20"},"modified":"2012-12-17T23:56:06","modified_gmt":"2012-12-17T23:56:06","slug":"la-bibliografia","status":"publish","type":"page","link":"https:\/\/blogs.ua.es\/educacionsigloxvi\/la-bibliografia\/","title":{"rendered":"Bibliograf\u00eda"},"content":{"rendered":"<div>\n<p>&nbsp;<\/p>\n<p>&#8220;Historia de la Educaci\u00f3n en Espa\u00f1a.&#8221;\u00a0<em>El Rincon del Vago<\/em>. N.p., n.d. Web. 1 Dec. 2012. &lt;http:\/\/html.rincondelvago.com\/historia-de-la-educacion-en-espana.html&gt;.<\/p>\n<p>&nbsp;<\/p>\n<p>Kagan, Richard L., and Jos\u00e9 Antonio Maravall.\u00a0<em>Universidad y sociedad en la Espa\u00f1a moderna<\/em>. Madrid: Tecnos, 1981. Print.<\/p>\n<p>&nbsp;<\/p>\n<p>&#8220;Nicolas de Ovando (Spanish military leader) &#8212; Britannica Online Encyclopedia.&#8221;\u00a0<em>Britannica Online Encyclopedia<\/em>. N.p., n.d. Web. 1 Dec. 2012. &lt;http:\/\/www.britannica.com\/EBchecked\/topic\/435762\/Nicolas-de-Ovando&gt;.<\/p>\n<p>&nbsp;<\/p>\n<p>Oca\u00f1a, Juan Carlos. &#8220;Cultura y mentalidades en la Espa\u00f1a del siglo XVI. La Inquisici\u00f3n.&#8221;\u00a0<em>La Espa\u00f1a del Siglo XVI<\/em>. N.p., n.d. Web. 1 Dec. 2012. &lt;www.historiasiglo20.org\/HE\/6f.htm&gt;.<\/p>\n<p>&nbsp;<\/p>\n<p>&#8220;Programa ERASMUS.&#8221;\u00a0<em>Programa ERASMUS<\/em>. N.p., n.d. Web. 10 Dec. 2012. &lt;http:\/\/www.programaerasmus.com\/&gt;.<\/p>\n<p>&nbsp;<\/p>\n<p>&#8220;Resumen: Cap\u00edtulo 7.&#8221;\u00a0<em>Historia y cultura de Espa\u00f1a<\/em>. N.p., n.d. Web. 1 Dec. 2012. &lt;http:\/\/civycultura.osu.edu\/resumenes\/resumen07.html&gt;.<\/p>\n<p>&nbsp;<\/p>\n<p>S\u00e1nchez, Delf\u00edn Ortega. &#8220;Infancia, familia y educaci\u00f3n en la Edad Moderna espa\u00f1ola: un recorrido a trav\u00e9s de las fuentes pedag\u00f3gicas (siglos XVI-XVIII).&#8221;<em>Tejuelo<\/em>\u00a011 (2011): n. pag. Web. 1 Dec. 2012.<\/p>\n<\/div>\n<div>\n<p>&nbsp;<\/p>\n<\/div>\n<div>\n<p>&#8220;Siglo de Oro espa\u00f1ol.&#8221;\u00a0<em>Enciclopedia<\/em>. N.p., n.d. Web. 1 Dec. 2012. &lt;http:\/\/enciclopedia.us.es\/index.php\/Siglo_de_Oro_espa%C3%B1ol&gt;.<\/p>\n<p>&nbsp;<\/p>\n<p>&#8220;Wikipedia, la enciclopedia libre.&#8221;<em>Wikipedia, la enciclopedia libre<\/em>. N.p., n.d. Web. 1 Dec. 2012. &lt;http:\/\/es.wikipedia.org&gt;.<\/p>\n<p>&nbsp;<\/p>\n<\/div>\n","protected":false},"excerpt":{"rendered":"<p>&nbsp; &#8220;Historia de la Educaci\u00f3n en Espa\u00f1a.&#8221;\u00a0El Rincon del Vago. N.p., n.d. Web. 1 Dec. 2012. &lt;http:\/\/html.rincondelvago.com\/historia-de-la-educacion-en-espana.html&gt;. &nbsp; Kagan, Richard L., and Jos\u00e9 Antonio Maravall.\u00a0Universidad y sociedad en la Espa\u00f1a moderna. Madrid: Tecnos, 1981. Print. &nbsp; &#8220;Nicolas de Ovando (Spanish military leader) &#8212; Britannica Online Encyclopedia.&#8221;\u00a0Britannica Online Encyclopedia. N.p., n.d. Web. 1 Dec. 2012. &lt;http:\/\/www.britannica.com\/EBchecked\/topic\/435762\/Nicolas-de-Ovando&gt;. [&hellip;]<\/p>\n","protected":false},"author":2729,"featured_media":0,"parent":0,"menu_order":0,"comment_status":"open","ping_status":"open","template":"","meta":{"footnotes":""},"class_list":["post-20","page","type-page","status-publish","hentry"],"_links":{"self":[{"href":"https:\/\/blogs.ua.es\/educacionsigloxvi\/wp-json\/wp\/v2\/pages\/20","targetHints":{"allow":["GET"]}}],"collection":[{"href":"https:\/\/blogs.ua.es\/educacionsigloxvi\/wp-json\/wp\/v2\/pages"}],"about":[{"href":"https:\/\/blogs.ua.es\/educacionsigloxvi\/wp-json\/wp\/v2\/types\/page"}],"author":[{"embeddable":true,"href":"https:\/\/blogs.ua.es\/educacionsigloxvi\/wp-json\/wp\/v2\/users\/2729"}],"replies":[{"embeddable":true,"href":"https:\/\/blogs.ua.es\/educacionsigloxvi\/wp-json\/wp\/v2\/comments?post=20"}],"version-history":[{"count":5,"href":"https:\/\/blogs.ua.es\/educacionsigloxvi\/wp-json\/wp\/v2\/pages\/20\/revisions"}],"predecessor-version":[{"id":104,"href":"https:\/\/blogs.ua.es\/educacionsigloxvi\/wp-json\/wp\/v2\/pages\/20\/revisions\/104"}],"wp:attachment":[{"href":"https:\/\/blogs.ua.es\/educacionsigloxvi\/wp-json\/wp\/v2\/media?parent=20"}],"curies":[{"name":"wp","href":"https:\/\/api.w.org\/{rel}","templated":true}]}}