{"id":24,"date":"2012-11-11T19:12:26","date_gmt":"2012-11-11T19:12:26","guid":{"rendered":"https:\/\/blogs.ua.es\/educacionsigloxvi\/?page_id=24"},"modified":"2012-12-18T21:28:57","modified_gmt":"2012-12-18T21:28:57","slug":"quien-soy","status":"publish","type":"page","link":"https:\/\/blogs.ua.es\/educacionsigloxvi\/quien-soy\/","title":{"rendered":"\u00bfQui\u00e9n soy?"},"content":{"rendered":"<p>\u00a1Hola!<a href=\"https:\/\/blogs.ua.es\/educacionsigloxvi\/files\/2012\/11\/5.png\"><img loading=\"lazy\" decoding=\"async\" class=\"aligncenter size-medium wp-image-116\" src=\"https:\/\/blogs.ua.es\/educacionsigloxvi\/files\/2012\/11\/5-200x300.png\" alt=\"\" width=\"200\" height=\"300\" srcset=\"https:\/\/blogs.ua.es\/educacionsigloxvi\/files\/2012\/11\/5-200x300.png 200w, https:\/\/blogs.ua.es\/educacionsigloxvi\/files\/2012\/11\/5.png 403w\" sizes=\"auto, (max-width: 200px) 100vw, 200px\" \/><\/a><\/p>\n<p>Me llamo Kiersten y soy de Estados Unidos. Tengo dos hermanos menores: uno tiene 19 a\u00f1os y el otro, 15. Yo tengo 20. Asisto a una universidad en McMinnville, Oregon que se llama Linfield College. Es bastante peque\u00f1o \u2013 m\u00e1s o menos 1800 estudiantes. Estudio matem\u00e1ticas, espa\u00f1ol, y educaci\u00f3n; quiero hacerme profesora de matem\u00e1ticas o de ingles como segunda lengua. Estoy aqu\u00ed en Espa\u00f1a estudiando en la UA e intentando aprender m\u00e1s sobre la cultura, la genta, la lengua, y la historia. Vivo con una familia muy amable aqu\u00ed. \u00a1Me encanta la gente, la comida, el clima, y la lengua aqu\u00ed en Espa\u00f1a! Me temo que no voy a querer volver a Estados Unidos en mayo.<\/p>\n<p>Espero que os guste mi blog y que sea interesante e informativo. Estoy muy interesada en la educaci\u00f3n, ahora y en esta \u00e9poca (el siglo XVI), y quiero que disfrut\u00e9is de esta informaci\u00f3n tambi\u00e9n.<\/p>\n<p>&nbsp;<\/p>\n","protected":false},"excerpt":{"rendered":"<p>\u00a1Hola! Me llamo Kiersten y soy de Estados Unidos. Tengo dos hermanos menores: uno tiene 19 a\u00f1os y el otro, 15. Yo tengo 20. Asisto a una universidad en McMinnville, Oregon que se llama Linfield College. Es bastante peque\u00f1o \u2013 m\u00e1s o menos 1800 estudiantes. Estudio matem\u00e1ticas, espa\u00f1ol, y educaci\u00f3n; quiero hacerme profesora de matem\u00e1ticas [&hellip;]<\/p>\n","protected":false},"author":2729,"featured_media":0,"parent":0,"menu_order":0,"comment_status":"open","ping_status":"open","template":"","meta":{"footnotes":""},"class_list":["post-24","page","type-page","status-publish","hentry"],"_links":{"self":[{"href":"https:\/\/blogs.ua.es\/educacionsigloxvi\/wp-json\/wp\/v2\/pages\/24","targetHints":{"allow":["GET"]}}],"collection":[{"href":"https:\/\/blogs.ua.es\/educacionsigloxvi\/wp-json\/wp\/v2\/pages"}],"about":[{"href":"https:\/\/blogs.ua.es\/educacionsigloxvi\/wp-json\/wp\/v2\/types\/page"}],"author":[{"embeddable":true,"href":"https:\/\/blogs.ua.es\/educacionsigloxvi\/wp-json\/wp\/v2\/users\/2729"}],"replies":[{"embeddable":true,"href":"https:\/\/blogs.ua.es\/educacionsigloxvi\/wp-json\/wp\/v2\/comments?post=24"}],"version-history":[{"count":6,"href":"https:\/\/blogs.ua.es\/educacionsigloxvi\/wp-json\/wp\/v2\/pages\/24\/revisions"}],"predecessor-version":[{"id":31,"href":"https:\/\/blogs.ua.es\/educacionsigloxvi\/wp-json\/wp\/v2\/pages\/24\/revisions\/31"}],"wp:attachment":[{"href":"https:\/\/blogs.ua.es\/educacionsigloxvi\/wp-json\/wp\/v2\/media?parent=24"}],"curies":[{"name":"wp","href":"https:\/\/api.w.org\/{rel}","templated":true}]}}