{"id":35,"date":"2012-11-11T19:20:45","date_gmt":"2012-11-11T19:20:45","guid":{"rendered":"https:\/\/blogs.ua.es\/educacionsigloxvi\/?page_id=35"},"modified":"2012-12-18T09:28:21","modified_gmt":"2012-12-18T09:28:21","slug":"cronologia","status":"publish","type":"page","link":"https:\/\/blogs.ua.es\/educacionsigloxvi\/cronologia\/","title":{"rendered":"Cronolog\u00eda"},"content":{"rendered":"<p>1218: Universidad de Salamanca<\/p>\n<p>1241: Fundaci\u00f3n de la Universidad de Valladolid<\/p>\n<p>1492: <em>Gram\u00e1tica castellana<\/em> escrito por Antonio de Nebrija<\/p>\n<p>1499: Fundaci\u00f3n de la Universidad de Alcal\u00e1.<\/p>\n<p>Comienzos del siglo XVI: por primera vez, una red de escuelas de primeras letras emerge<\/p>\n<p>1500: Los Adagios escrito por Erasmo<\/p>\n<p>1503: Manual del caballero cristiano escrito por Erasmo<\/p>\n<p>1513: Orden del rey Fernando el Cat\u00f3lico: ense\u00f1ar la \u2018educaci\u00f3n cristiana\u2019 a los indios en el Nuevo Mundo<\/p>\n<p>1516: Traducci\u00f3n del Nuevo Testamento por Erasmo<\/p>\n<p>1517: Muerte de Cardenal Cisneros.<\/p>\n<p>1517: 95 Tesis de Martin Luter<\/p>\n<p>1518-1523: La prohibici\u00f3n de la mendicidad \u2013 escuelas de correcci\u00f3n.<\/p>\n<p>1531: Muerte de Fern\u00e1n P\u00e9rez de Oliva<\/p>\n<p>1547: fundaci\u00f3n de la Universidad de Orihuela<\/p>\n<p>1559: La primera edici\u00f3n de la \u00edndice de libros prohibidos<\/p>\n<p>1585: Publicaci\u00f3n del Di\u00e1logo de la dignidad del hombre, escrito por Fern\u00e1n P\u00e9rez de Oliva<\/p>\n<p>1586: El primer \u2018Ratio Studiorum\u2019 de los Jesuitas<\/p>\n","protected":false},"excerpt":{"rendered":"<p>1218: Universidad de Salamanca 1241: Fundaci\u00f3n de la Universidad de Valladolid 1492: Gram\u00e1tica castellana escrito por Antonio de Nebrija 1499: Fundaci\u00f3n de la Universidad de Alcal\u00e1. Comienzos del siglo XVI: por primera vez, una red de escuelas de primeras letras emerge 1500: Los Adagios escrito por Erasmo 1503: Manual del caballero cristiano escrito por Erasmo [&hellip;]<\/p>\n","protected":false},"author":2729,"featured_media":0,"parent":0,"menu_order":0,"comment_status":"open","ping_status":"open","template":"","meta":{"footnotes":""},"class_list":["post-35","page","type-page","status-publish","hentry"],"_links":{"self":[{"href":"https:\/\/blogs.ua.es\/educacionsigloxvi\/wp-json\/wp\/v2\/pages\/35","targetHints":{"allow":["GET"]}}],"collection":[{"href":"https:\/\/blogs.ua.es\/educacionsigloxvi\/wp-json\/wp\/v2\/pages"}],"about":[{"href":"https:\/\/blogs.ua.es\/educacionsigloxvi\/wp-json\/wp\/v2\/types\/page"}],"author":[{"embeddable":true,"href":"https:\/\/blogs.ua.es\/educacionsigloxvi\/wp-json\/wp\/v2\/users\/2729"}],"replies":[{"embeddable":true,"href":"https:\/\/blogs.ua.es\/educacionsigloxvi\/wp-json\/wp\/v2\/comments?post=35"}],"version-history":[{"count":7,"href":"https:\/\/blogs.ua.es\/educacionsigloxvi\/wp-json\/wp\/v2\/pages\/35\/revisions"}],"predecessor-version":[{"id":109,"href":"https:\/\/blogs.ua.es\/educacionsigloxvi\/wp-json\/wp\/v2\/pages\/35\/revisions\/109"}],"wp:attachment":[{"href":"https:\/\/blogs.ua.es\/educacionsigloxvi\/wp-json\/wp\/v2\/media?parent=35"}],"curies":[{"name":"wp","href":"https:\/\/api.w.org\/{rel}","templated":true}]}}