{"id":7,"date":"2012-09-12T16:24:03","date_gmt":"2012-09-12T16:24:03","guid":{"rendered":"https:\/\/blogs.ua.es\/educacionsigloxvi\/?page_id=7"},"modified":"2012-12-18T09:04:15","modified_gmt":"2012-12-18T09:04:15","slug":"pagina-de-prueba","status":"publish","type":"page","link":"https:\/\/blogs.ua.es\/educacionsigloxvi\/pagina-de-prueba\/","title":{"rendered":"Informaci\u00f3n general"},"content":{"rendered":"<p>Los siglos XVI y XVII en Espa\u00f1a son conocidos como \u2018el siglo de oro.\u2019 Durante estos a\u00f1os hab\u00eda un incremento tremendo en las humanidades \u2013 tanto en las artes como en la escritura, cultura en general y, m\u00e1s importante para este blog, la educaci\u00f3n. Fueron a\u00f1os de la Renacimiento, llenas del humanismo y de pensamiento mucho m\u00e1s libre que anteriormente.<\/p>\n<p>No puedes hablar del siglo XVI en Espa\u00f1a sin hablar de la Renacimiento. El Renacimiento empez\u00f3 en Italia en el siglo XV y continu\u00f3 hasta el siglo XVI. No afect\u00f3 s\u00f3lo Italia, sino toda Europa incluso Espa\u00f1a. En Espa\u00f1a el cambio no fue tan notable como en otros pa\u00edses europeas, pero todav\u00eda fue muy importante. El Renacimiento es m\u00e1s obvio en las otras artes \u2013 en escultura, pintura, arquitectura, \u00a0y artes pl\u00e1sticas. Sin embargo, lo m\u00e1s importante para la educaci\u00f3n de esta \u00e9poca era el humanismo.<\/p>\n<p>El humanismo fue un movimiento durante el tiempo de la Renacimiento. Este movimiento enfoc\u00f3 en el ser humano y el conocimiento del mundo y del cuerpo humano. Muchos humanistas quer\u00edan que la gente pensara m\u00e1s libremente y aprendiera m\u00e1s de las ciencias. Algunos humanistas eran tambi\u00e9n cat\u00f3licos, pero pensaban que la iglesia era tan r\u00edgida en pensamiento y deb\u00eda ser m\u00e1s libre. Otros cambiaron de pensamiento o eran protestantes. Los humanistas eran un grupo que quer\u00eda que otras pensaran como ellos \u2013 muchos eran bien preparados y llegaron a ser maestros en las universidades mas prestigiosas de Espa\u00f1a y Europa. En esta manera ense\u00f1aron a los universitarios el pensamiento humanista. Much\u00edsimos humanistas estaban interesados en la escritura y las ciencias. Por eso, hab\u00eda muchos avances en las ciencias, la gram\u00e1tica, la ret\u00f3rica, la historia, y la literatura.<\/p>\n<p>Estos humanistas tambi\u00e9n cre\u00edan en la ense\u00f1anza de ni\u00f1os, porque por primera vez se ven los ni\u00f1os como seres humanos peque\u00f1os. Si los ni\u00f1os iban a llegar a ser adultos, debieran ense\u00f1arlos m\u00e1s temprano. De esta creencia vino por primera vez las escuelas de primeras letras.<\/p>\n<p>En Espa\u00f1a durante esta \u00e9poca eran tres universidades principales e importantes: las de Valladolid, Alcal\u00e1, y Salamanca. Hab\u00eda otras tambi\u00e9n, pero estas tres eran las m\u00e1s conocidas de Espa\u00f1a. En las universidades se ense\u00f1aban en lat\u00edn, en una manera memor\u00edstica.<\/p>\n<p>Sin embargo, no todo era bien en el mundo educativo durante este \u00a0siglo. En 1559 se public\u00f3 el \u00edndice de libros prohibidos. Era una medida de la Inquisici\u00f3n \u2013 los libros que aparecieron en la lista eran libros generalmente llenos de pensamiento humanista, que amenaz\u00f3 a los cat\u00f3licos. Muchas veces la raz\u00f3n para que un libro estuviera en la lista fue algo como \u2018herej\u00eda,\u2019 o \u2018inexactitudes pol\u00edticas.\u2019 Realmente, el Inquisidor General y los reyes ten\u00edan el poder de poner en la lista cualquier libro que no les gustara. Muchos libros muy buenos estaban en la lista \u2013 libros de personas muy famosos como Erasmo de Rotterdam.<\/p>\n<p>En general, la educaci\u00f3n en el siglo XVI ten\u00eda mucho desarrollo y avances. Comparada con hoy en d\u00eda, me parece anticuada\u2026pero para la \u00e9poca hab\u00eda un mont\u00f3n de cambios y movimiento hacia modernizaci\u00f3n.<\/p>\n","protected":false},"excerpt":{"rendered":"<p>Los siglos XVI y XVII en Espa\u00f1a son conocidos como \u2018el siglo de oro.\u2019 Durante estos a\u00f1os hab\u00eda un incremento tremendo en las humanidades \u2013 tanto en las artes como en la escritura, cultura en general y, m\u00e1s importante para este blog, la educaci\u00f3n. Fueron a\u00f1os de la Renacimiento, llenas del humanismo y de pensamiento [&hellip;]<\/p>\n","protected":false},"author":2729,"featured_media":0,"parent":0,"menu_order":0,"comment_status":"open","ping_status":"open","template":"","meta":{"footnotes":""},"class_list":["post-7","page","type-page","status-publish","hentry"],"_links":{"self":[{"href":"https:\/\/blogs.ua.es\/educacionsigloxvi\/wp-json\/wp\/v2\/pages\/7","targetHints":{"allow":["GET"]}}],"collection":[{"href":"https:\/\/blogs.ua.es\/educacionsigloxvi\/wp-json\/wp\/v2\/pages"}],"about":[{"href":"https:\/\/blogs.ua.es\/educacionsigloxvi\/wp-json\/wp\/v2\/types\/page"}],"author":[{"embeddable":true,"href":"https:\/\/blogs.ua.es\/educacionsigloxvi\/wp-json\/wp\/v2\/users\/2729"}],"replies":[{"embeddable":true,"href":"https:\/\/blogs.ua.es\/educacionsigloxvi\/wp-json\/wp\/v2\/comments?post=7"}],"version-history":[{"count":6,"href":"https:\/\/blogs.ua.es\/educacionsigloxvi\/wp-json\/wp\/v2\/pages\/7\/revisions"}],"predecessor-version":[{"id":9,"href":"https:\/\/blogs.ua.es\/educacionsigloxvi\/wp-json\/wp\/v2\/pages\/7\/revisions\/9"}],"wp:attachment":[{"href":"https:\/\/blogs.ua.es\/educacionsigloxvi\/wp-json\/wp\/v2\/media?parent=7"}],"curies":[{"name":"wp","href":"https:\/\/api.w.org\/{rel}","templated":true}]}}