{"id":10,"date":"2012-09-19T14:36:54","date_gmt":"2012-09-19T14:36:54","guid":{"rendered":"https:\/\/blogs.ua.es\/educasigloxvi\/?page_id=10"},"modified":"2013-01-25T08:57:49","modified_gmt":"2013-01-25T08:57:49","slug":"bibliografia","status":"publish","type":"page","link":"https:\/\/blogs.ua.es\/educasigloxvi\/bibliografia\/","title":{"rendered":"Bibliograf\u00eda"},"content":{"rendered":"<p>La bibliograf\u00eda utilizada para la elaboraci\u00f3n del presente blog ha sido:<\/p>\n<ul>\n<li>www.wikipedia.org<\/li>\n<li>www.rincondelvago.com<\/li>\n<li>www.monografias.com<\/li>\n<li>www.biografiasyvidas.com<\/li>\n<\/ul>\n<ul>\n<li>La producci\u00f3n impresa en el siglo XVI: Caracter\u00edsticas intr\u00ednsecas y repercusi\u00f3n social; Olar\u00e1n M\u00fagica, Clotilde.<\/li>\n<li><em>La orden franciscana en Espa\u00f1a e Hispanoam\u00e9rica, durante los siglos XVI-XVIII<\/em>; documento con la autor\u00eda desconocida.<\/li>\n<\/ul>\n<p>&nbsp;<\/p>\n","protected":false},"excerpt":{"rendered":"<p>La bibliograf\u00eda utilizada para la elaboraci\u00f3n del presente blog ha sido: www.wikipedia.org www.rincondelvago.com www.monografias.com www.biografiasyvidas.com La producci\u00f3n impresa en el siglo XVI: Caracter\u00edsticas intr\u00ednsecas y repercusi\u00f3n social; Olar\u00e1n M\u00fagica, Clotilde. La orden franciscana en Espa\u00f1a e Hispanoam\u00e9rica, durante los siglos &hellip; <a href=\"https:\/\/blogs.ua.es\/educasigloxvi\/bibliografia\/\">Continue reading <span class=\"meta-nav\">&rarr;<\/span><\/a><\/p>\n","protected":false},"author":2754,"featured_media":0,"parent":0,"menu_order":0,"comment_status":"open","ping_status":"open","template":"","meta":{"footnotes":""},"class_list":["post-10","page","type-page","status-publish","hentry"],"_links":{"self":[{"href":"https:\/\/blogs.ua.es\/educasigloxvi\/wp-json\/wp\/v2\/pages\/10","targetHints":{"allow":["GET"]}}],"collection":[{"href":"https:\/\/blogs.ua.es\/educasigloxvi\/wp-json\/wp\/v2\/pages"}],"about":[{"href":"https:\/\/blogs.ua.es\/educasigloxvi\/wp-json\/wp\/v2\/types\/page"}],"author":[{"embeddable":true,"href":"https:\/\/blogs.ua.es\/educasigloxvi\/wp-json\/wp\/v2\/users\/2754"}],"replies":[{"embeddable":true,"href":"https:\/\/blogs.ua.es\/educasigloxvi\/wp-json\/wp\/v2\/comments?post=10"}],"version-history":[{"count":3,"href":"https:\/\/blogs.ua.es\/educasigloxvi\/wp-json\/wp\/v2\/pages\/10\/revisions"}],"predecessor-version":[{"id":197,"href":"https:\/\/blogs.ua.es\/educasigloxvi\/wp-json\/wp\/v2\/pages\/10\/revisions\/197"}],"wp:attachment":[{"href":"https:\/\/blogs.ua.es\/educasigloxvi\/wp-json\/wp\/v2\/media?parent=10"}],"curies":[{"name":"wp","href":"https:\/\/api.w.org\/{rel}","templated":true}]}}