{"id":2,"date":"2012-09-19T14:03:20","date_gmt":"2012-09-19T14:03:20","guid":{"rendered":"https:\/\/blogs.ua.es\/educasigloxvi\/?page_id=2"},"modified":"2012-10-10T10:09:43","modified_gmt":"2012-10-10T10:09:43","slug":"presentacion","status":"publish","type":"page","link":"https:\/\/blogs.ua.es\/educasigloxvi\/presentacion\/","title":{"rendered":"Presentaci\u00f3n"},"content":{"rendered":"<p><strong>La educaci\u00f3n en el Siglo XVI<\/strong> es una p\u00e1gina-blog realizada por Pedro Ortu\u00f1o S\u00e1ez, estudiante en <em>Licenciatura de Humanidades<\/em> en la <a href=\"http:\/\/http:\/\/www.ua.es\/\" target=\"_blank\">Universidad de Alicante<\/a>. Concretamente, es un proyecto de la asignatura <em>Historia Moderna de Espa\u00f1a<\/em> con el que lo que se pretende es expandir conocimientos sobre el tema elegido. En este caso, o mejor dicho en este blog, se realizar\u00e1 un estudio sobre las diferentes formas que adopt\u00f3 la educaci\u00f3n con la llegada de una nueva etapa en la historia, y sobre todo, apoyado en la aparici\u00f3n de la imprenta.<\/p>\n","protected":false},"excerpt":{"rendered":"<p>La educaci\u00f3n en el Siglo XVI es una p\u00e1gina-blog realizada por Pedro Ortu\u00f1o S\u00e1ez, estudiante en Licenciatura de Humanidades en la Universidad de Alicante. Concretamente, es un proyecto de la asignatura Historia Moderna de Espa\u00f1a con el que lo que &hellip; <a href=\"https:\/\/blogs.ua.es\/educasigloxvi\/presentacion\/\">Continue reading <span class=\"meta-nav\">&rarr;<\/span><\/a><\/p>\n","protected":false},"author":2754,"featured_media":0,"parent":0,"menu_order":0,"comment_status":"open","ping_status":"open","template":"","meta":{"footnotes":""},"class_list":["post-2","page","type-page","status-publish","hentry"],"_links":{"self":[{"href":"https:\/\/blogs.ua.es\/educasigloxvi\/wp-json\/wp\/v2\/pages\/2","targetHints":{"allow":["GET"]}}],"collection":[{"href":"https:\/\/blogs.ua.es\/educasigloxvi\/wp-json\/wp\/v2\/pages"}],"about":[{"href":"https:\/\/blogs.ua.es\/educasigloxvi\/wp-json\/wp\/v2\/types\/page"}],"author":[{"embeddable":true,"href":"https:\/\/blogs.ua.es\/educasigloxvi\/wp-json\/wp\/v2\/users\/2754"}],"replies":[{"embeddable":true,"href":"https:\/\/blogs.ua.es\/educasigloxvi\/wp-json\/wp\/v2\/comments?post=2"}],"version-history":[{"count":6,"href":"https:\/\/blogs.ua.es\/educasigloxvi\/wp-json\/wp\/v2\/pages\/2\/revisions"}],"predecessor-version":[{"id":4,"href":"https:\/\/blogs.ua.es\/educasigloxvi\/wp-json\/wp\/v2\/pages\/2\/revisions\/4"}],"wp:attachment":[{"href":"https:\/\/blogs.ua.es\/educasigloxvi\/wp-json\/wp\/v2\/media?parent=2"}],"curies":[{"name":"wp","href":"https:\/\/api.w.org\/{rel}","templated":true}]}}