{"id":8,"date":"2012-09-19T14:35:18","date_gmt":"2012-09-19T14:35:18","guid":{"rendered":"https:\/\/blogs.ua.es\/educasigloxvi\/?page_id=8"},"modified":"2013-01-25T08:31:36","modified_gmt":"2013-01-25T08:31:36","slug":"cronologia","status":"publish","type":"page","link":"https:\/\/blogs.ua.es\/educasigloxvi\/cronologia\/","title":{"rendered":"Cronolog\u00eda"},"content":{"rendered":"<ul>\n<li>1450 &#8211; Invenci\u00f3n de la imprenta por Johannes Gutenberg.<\/li>\n<li>1513 &#8211; Publicaci\u00f3n de la obra <em>El Principe<\/em>, de Nicol\u00e1s Maquiavelo.<\/li>\n<li>1520 &#8211; Nacimiento de Francisco de Enzinas.<\/li>\n<li>1522 &#8211; Muerte de Antonio de Nebrija.<\/li>\n<li>1535 &#8211; Escritura de la obraDi\u00e1logo de la lengua.<\/li>\n<li>1536 &#8211; Muerte de Erasmo de Rotterdam.<\/li>\n<li>1540 &#8211; Muerte de Juan Luis Vives<\/li>\n<li>1541 &#8211; Muerte Francisco de Enzinas.<\/li>\n<li>1554 &#8211; Publicaci\u00f3n de la obra <em>El Lazarillo de Tormes<\/em>, de autor\u00eda an\u00f3nima.<\/li>\n<li>1559 &#8211; Construcci\u00f3n de la Biblioteca de El Escorial.<\/li>\n<\/ul>\n","protected":false},"excerpt":{"rendered":"<p>1450 &#8211; Invenci\u00f3n de la imprenta por Johannes Gutenberg. 1513 &#8211; Publicaci\u00f3n de la obra El Principe, de Nicol\u00e1s Maquiavelo. 1520 &#8211; Nacimiento de Francisco de Enzinas. 1522 &#8211; Muerte de Antonio de Nebrija. 1535 &#8211; Escritura de la obraDi\u00e1logo &hellip; <a href=\"https:\/\/blogs.ua.es\/educasigloxvi\/cronologia\/\">Continue reading <span class=\"meta-nav\">&rarr;<\/span><\/a><\/p>\n","protected":false},"author":2754,"featured_media":0,"parent":0,"menu_order":0,"comment_status":"open","ping_status":"open","template":"","meta":{"footnotes":""},"class_list":["post-8","page","type-page","status-publish","hentry"],"_links":{"self":[{"href":"https:\/\/blogs.ua.es\/educasigloxvi\/wp-json\/wp\/v2\/pages\/8","targetHints":{"allow":["GET"]}}],"collection":[{"href":"https:\/\/blogs.ua.es\/educasigloxvi\/wp-json\/wp\/v2\/pages"}],"about":[{"href":"https:\/\/blogs.ua.es\/educasigloxvi\/wp-json\/wp\/v2\/types\/page"}],"author":[{"embeddable":true,"href":"https:\/\/blogs.ua.es\/educasigloxvi\/wp-json\/wp\/v2\/users\/2754"}],"replies":[{"embeddable":true,"href":"https:\/\/blogs.ua.es\/educasigloxvi\/wp-json\/wp\/v2\/comments?post=8"}],"version-history":[{"count":5,"href":"https:\/\/blogs.ua.es\/educasigloxvi\/wp-json\/wp\/v2\/pages\/8\/revisions"}],"predecessor-version":[{"id":87,"href":"https:\/\/blogs.ua.es\/educasigloxvi\/wp-json\/wp\/v2\/pages\/8\/revisions\/87"}],"wp:attachment":[{"href":"https:\/\/blogs.ua.es\/educasigloxvi\/wp-json\/wp\/v2\/media?parent=8"}],"curies":[{"name":"wp","href":"https:\/\/api.w.org\/{rel}","templated":true}]}}