{"id":36,"date":"2010-11-23T19:41:11","date_gmt":"2010-11-23T19:41:11","guid":{"rendered":"https:\/\/blogs.ua.es\/ejercitoenepocamoderna\/"},"modified":"2011-01-16T16:23:08","modified_gmt":"2011-01-16T16:23:08","slug":"introduccion","status":"publish","type":"page","link":"https:\/\/blogs.ua.es\/ejercitoenepocamoderna\/introduccion\/","title":{"rendered":"Introducci\u00f3n"},"content":{"rendered":"<p>\u00a0Un rasgo particular de los estados modernos es su esfuerzo por centralizar todas las funciones, para lograr de ese modo una situaci\u00f3n de prosperidad econ\u00f3mica. Para lograr \u00e9sta meta habr\u00e1 que organizar un gran aparato administrativo y burocr\u00e1tico, y para ampliarlo, sostenerlo y defenderlo necesitar\u00e1 una compleja maquinaria militar; El estado necesitaba contar con un gran ej\u00e9rcito.<\/p>\n<p>Pero un gran ej\u00e9rcito no se obten\u00eda de la noche a la ma\u00f1ana, ni mucho menos. Adem\u00e1s debemos tener en cuenta que el ej\u00e9rcito medieval ha quedado obsoleto completamente tras la aplicaci\u00f3n de la p\u00f3lvora, capaz de destruir muros de fortalezas como si de una pir\u00e1mide de naipes se tratase. Es por ello que se produce la \u201crevoluci\u00f3n militar\u201d, que no es m\u00e1s que una actualizaci\u00f3n de las armas, armaduras y t\u00e1cticas b\u00e9licas. Destacan los siguientes cambios:<\/p>\n<p><strong>1.)<\/strong> Debido al elevado costo del ej\u00e9rcito, \u00e9ste pasa a ser pagado por el monarca, dando lugar a las haciendas reales.<\/p>\n<p><strong>2.)<\/strong> Importancia suma de la p\u00f3lvora, que aunque fue descubierta en China, fue en Europa donde su uso se generaliz\u00f3. Adem\u00e1s, con la introducci\u00f3n de las armas de fuego manuales y port\u00e1tiles, un hombre medianamente adiestrado pod\u00eda dar en el blanco, mientras que con un arco eso no sol\u00eda ocurrir, pues \u00e9ste arma requiere mayor adiestramiento.<\/p>\n<p><strong>3.)<\/strong> La caballer\u00eda pierde peso a favor de la infanter\u00eda, debido a las siguientes razones; La Caballer\u00eda resultaba muy costosa de mantener, pues se deb\u00eda contar con caballos, jinetes adiestrados y el capital para proporcionar a ambos su equipaci\u00f3n. El problema se agrava cuando hablamos de la caballer\u00eda pesada, que requiere adem\u00e1s de los anteriormente dicho, mayor equipo, dos caballos y un gran n\u00famero de personal (escuderos, pajes, lacayos\u2026), que el ayudaran a armarse, desarmarse, montar y participar en la lucha. Es por ello que el ej\u00e9rcito de infanter\u00eda va cobrando poco a poco peso.<\/p>\n<p><strong>4.)<\/strong> Innovaciones defensivas; <strong>A)<\/strong> Aparici\u00f3n del Basti\u00f3n, una obra de fortificaci\u00f3n de forma pentagonal que sobresale de la muralla. El basti\u00f3n era utilizado como plataforma de artiller\u00eda, lo que obligaba al asaltante a situar sus bater\u00edas m\u00e1s lejos del muro, perdiendo de ese modo efectividad. <strong>B)<\/strong> Muros m\u00e1s bajos, gruesos y macizos. De \u00e9ste modo se pod\u00eda proteger mejor a los defensores, pero a cambio \u00e9stos ten\u00edan menos visibilidad y eran m\u00e1s vulnerables ante un ataque sorpresa. Conforme fueron avanzando las mejoras, se fueron a\u00f1adiendo otros elementos defensivos, con tal de mantener alejada a la artiller\u00eda sitiadora; revellines, hornabeques y coronas.<strong> C)<\/strong> Imposici\u00f3n durante el siglo XVI del sistema de fortificaciones llamado \u201cTrace Italienne\u201d, fortalezas con forma de estrella.<\/p>\n<p><strong>5.)<\/strong> Los ej\u00e9rcitos pasan a ser profesionales y est\u00e1n nutridos de mercenarios, debido a dos razones; Por un lado la dificultad de encontrar hombres aptos para el reclutamiento y por otro la seguridad que aporta a los monarcas contar con unas tropas bien adiestradas y veteranas.<\/p>\n<p><strong>6.)<\/strong> Guerras basadas en el asedio y el desgaste.<\/p>\n<p><strong>7.)<\/strong> Salto cualitativo de la guerra naval, sobretodo con la incorporaci\u00f3n de la artiller\u00eda y mejoras en las t\u00e9cnicas navegaci\u00f3n, que permit\u00edan llevar la flota a mucha mayor distancia.<\/p>\n<p>M\u00e1s que generalizada est\u00e1 la opini\u00f3n de que las grandes potencias europeas del siglo XVII cimentaron su auge en un gran despliegue t\u00e9cnico y en una innovadora tecnolog\u00eda armament\u00edstica, lo que dotaba a las tropas de una mayor movilidad y mortalidad. \u00c9sta superioridad en el campo de las armas la logr\u00f3 Espa\u00f1a durante el siglo XVI y XVII, sobretodo Carlos V y su hijo Felipe II durante sus primeras d\u00e9cadas de reinado.<\/p>\n","protected":false},"excerpt":{"rendered":"<p>\u00a0Un rasgo particular de los estados modernos es su esfuerzo por centralizar todas las funciones, para lograr de ese modo una situaci\u00f3n de prosperidad econ\u00f3mica. Para lograr \u00e9sta meta habr\u00e1 que organizar un gran aparato administrativo y burocr\u00e1tico, y para &hellip; <a href=\"https:\/\/blogs.ua.es\/ejercitoenepocamoderna\/introduccion\/\">Continue reading <span class=\"meta-nav\">&rarr;<\/span><\/a><\/p>\n","protected":false},"author":1978,"featured_media":0,"parent":0,"menu_order":0,"comment_status":"open","ping_status":"open","template":"","meta":{"footnotes":""},"class_list":["post-36","page","type-page","status-publish","hentry"],"_links":{"self":[{"href":"https:\/\/blogs.ua.es\/ejercitoenepocamoderna\/wp-json\/wp\/v2\/pages\/36","targetHints":{"allow":["GET"]}}],"collection":[{"href":"https:\/\/blogs.ua.es\/ejercitoenepocamoderna\/wp-json\/wp\/v2\/pages"}],"about":[{"href":"https:\/\/blogs.ua.es\/ejercitoenepocamoderna\/wp-json\/wp\/v2\/types\/page"}],"author":[{"embeddable":true,"href":"https:\/\/blogs.ua.es\/ejercitoenepocamoderna\/wp-json\/wp\/v2\/users\/1978"}],"replies":[{"embeddable":true,"href":"https:\/\/blogs.ua.es\/ejercitoenepocamoderna\/wp-json\/wp\/v2\/comments?post=36"}],"version-history":[{"count":4,"href":"https:\/\/blogs.ua.es\/ejercitoenepocamoderna\/wp-json\/wp\/v2\/pages\/36\/revisions"}],"predecessor-version":[{"id":85,"href":"https:\/\/blogs.ua.es\/ejercitoenepocamoderna\/wp-json\/wp\/v2\/pages\/36\/revisions\/85"}],"wp:attachment":[{"href":"https:\/\/blogs.ua.es\/ejercitoenepocamoderna\/wp-json\/wp\/v2\/media?parent=36"}],"curies":[{"name":"wp","href":"https:\/\/api.w.org\/{rel}","templated":true}]}}