{"id":67,"date":"2011-01-07T15:57:28","date_gmt":"2011-01-07T15:57:28","guid":{"rendered":"https:\/\/blogs.ua.es\/ejercitoenepocamoderna\/"},"modified":"2011-01-16T21:06:38","modified_gmt":"2011-01-16T21:06:38","slug":"principales-batallas","status":"publish","type":"page","link":"https:\/\/blogs.ua.es\/ejercitoenepocamoderna\/principales-batallas\/","title":{"rendered":"Principales batallas"},"content":{"rendered":"<p>\u00a0<strong>Batalla de Pavia:<\/strong> La Monarqu\u00eda hisp\u00e1nica habr\u00e1 de enfrentarse a numerosos frentes externos, siendo Francia, con su rey Francisco I a la cabeza, su principal rival. Entre 1521 y 1526 suceder\u00e1 la primera guerra entre Espa\u00f1a y Francia. La causa: disputas territoriales sobre el Milanesado, N\u00e1poles, Luxemburgo y, muy especialmente, Navarra. Francia, aliada con Venecia y con los suizos, es rechazada en un intento de ocupar Navarra. Por su parte Carlos V, aliado al rey ingl\u00e9s Enrique VIII y al papa Le\u00f3n X, ocupa Lombard\u00eda. La gran batalla se producir\u00e1 en 1525, en el sitio de Pav\u00eda.<\/p>\n<p><a href=\"https:\/\/blogs.ua.es\/ejercitoenepocamoderna\/files\/2011\/01\/Pavia-I.jpg\"><img loading=\"lazy\" decoding=\"async\" class=\"alignnone size-medium wp-image-71\" src=\"https:\/\/blogs.ua.es\/ejercitoenepocamoderna\/files\/2011\/01\/Pavia-I-300x277.jpg\" alt=\"\" width=\"300\" height=\"277\" srcset=\"https:\/\/blogs.ua.es\/ejercitoenepocamoderna\/files\/2011\/01\/Pavia-I-300x277.jpg 300w, https:\/\/blogs.ua.es\/ejercitoenepocamoderna\/files\/2011\/01\/Pavia-I.jpg 816w\" sizes=\"auto, (max-width: 300px) 100vw, 300px\" \/><\/a><\/p>\n<p>La poblaci\u00f3n de Pav\u00eda se hallaba guarnecida por unos 8.000 espa\u00f1oles. Rodeando el lugar se encontraba el ej\u00e9rcito franc\u00e9s, con su rey a la cabeza, combinando tropas de infanter\u00eda, artiller\u00eda y caballer\u00eda. El 3 de febrero llega desde Alemania un ej\u00e9rcito de 24.000 hombres para socorrer a los asediados, que se sit\u00faa tras los franceses despu\u00e9s de dejar a 1.000 infantes y la artiller\u00eda en el Campo Imperial.<\/p>\n<p style=\"margin-bottom: 0cm\"><a href=\"https:\/\/blogs.ua.es\/ejercitoenepocamoderna\/files\/2011\/01\/Pavia-III.jpg\"><img loading=\"lazy\" decoding=\"async\" class=\"alignnone size-medium wp-image-72\" src=\"https:\/\/blogs.ua.es\/ejercitoenepocamoderna\/files\/2011\/01\/Pavia-III-300x248.jpg\" alt=\"\" width=\"300\" height=\"248\" srcset=\"https:\/\/blogs.ua.es\/ejercitoenepocamoderna\/files\/2011\/01\/Pavia-III-300x248.jpg 300w, https:\/\/blogs.ua.es\/ejercitoenepocamoderna\/files\/2011\/01\/Pavia-III.jpg 863w\" sizes=\"auto, (max-width: 300px) 100vw, 300px\" \/><\/a><\/p>\n<p style=\"margin-bottom: 0cm\">\u00a0<\/p>\n<p style=\"margin-bottom: 0cm\">A las 5 de la ma\u00f1ana del d\u00eda 24 comienza el ataque espa\u00f1ol, tomando el Castel Mirabello. En respuesta, Francisco I ordena disparar a su artiller\u00eda y, m\u00e1s tarde, lanza una carga de caballer\u00eda por el ala derecha. El ataque logra hacer huir a parte del flanco espa\u00f1ol, pero la caballer\u00eda francesa ha quedado aislada. A las 7,50 de la ma\u00f1ana los franceses se retiran hacia la Torre del Gallo, mientras la guarnici\u00f3n de Pav\u00eda lanza un ataque simult\u00e1neo. Los franceses no aguantan el embate imperial y son aislados en peque\u00f1os grupos, aniquilados unos tras otros. A las 8,30 de la ma\u00f1ana comienza la desbandada del ej\u00e9rcito franc\u00e9s. La batalla ha terminado, y tambi\u00e9n lo har\u00e1 una a\u00f1o despu\u00e9s, con el tratado de Madrid del 1526, la primera guerra entre Carlos V y Francisco I.<\/p>\n<p>\u00a0<\/p>\n<p>\u00a0<strong>Batalla de Lepanto:<\/strong> Durante el reinado de Felipe II, el Mediterr\u00e1neo es un campo de batalla, pues los corsarios berberiscos atacan desde el norte de \u00c1frica a las poblaciones cristianas del levante espa\u00f1ol, Cerde\u00f1a y Sicilia. En respuesta, Espa\u00f1a, Venecia y los Estados Pontificios forman la Liga Santa, reuniendo en Messina un total de 80.000 hombres y m\u00e1s de 200 barcos de guerra, mandados por don Juan de Austria. La gran batalla contra el turco se producir\u00e1 en 1571, en el golfo de Lepanto.<\/p>\n<p><a href=\"https:\/\/blogs.ua.es\/ejercitoenepocamoderna\/files\/2011\/01\/Lepanto-I.jpg\"><img loading=\"lazy\" decoding=\"async\" class=\"alignnone size-medium wp-image-73\" src=\"https:\/\/blogs.ua.es\/ejercitoenepocamoderna\/files\/2011\/01\/Lepanto-I-300x217.jpg\" alt=\"\" width=\"300\" height=\"217\" srcset=\"https:\/\/blogs.ua.es\/ejercitoenepocamoderna\/files\/2011\/01\/Lepanto-I-300x217.jpg 300w, https:\/\/blogs.ua.es\/ejercitoenepocamoderna\/files\/2011\/01\/Lepanto-I.jpg 897w\" sizes=\"auto, (max-width: 300px) 100vw, 300px\" \/><\/a><\/p>\n<p>Al amanecer del 7 de octubre la flota cristiana avist\u00f3 a la turca y se dispuso en formaci\u00f3n de combate. En el flanco derecho se situaron las naves venecianas; en el izquierdo, la flota papal capitaneada por Andrea Doria, mientras que en el centro qued\u00f3 el grueso de la flota, con don Juan de Austria al frente. En la retaguardia se situ\u00f3 el marqu\u00e9s de Santa Cruz. Los turcos inicialmente se dispusieron en forma de media luna, separ\u00e1ndose r\u00e1pidamente en tres secciones.<\/p>\n<p><a href=\"https:\/\/blogs.ua.es\/ejercitoenepocamoderna\/files\/2011\/01\/Lepanto-II1.jpg\"><img loading=\"lazy\" decoding=\"async\" class=\"alignnone size-medium wp-image-92\" src=\"https:\/\/blogs.ua.es\/ejercitoenepocamoderna\/files\/2011\/01\/Lepanto-II1-300x242.jpg\" alt=\"\" width=\"300\" height=\"242\" srcset=\"https:\/\/blogs.ua.es\/ejercitoenepocamoderna\/files\/2011\/01\/Lepanto-II1-300x242.jpg 300w, https:\/\/blogs.ua.es\/ejercitoenepocamoderna\/files\/2011\/01\/Lepanto-II1.jpg 923w\" sizes=\"auto, (max-width: 300px) 100vw, 300px\" \/><\/a><\/p>\n<p><a href=\"https:\/\/blogs.ua.es\/ejercitoenepocamoderna\/files\/2011\/01\/Lepanto-II.jpg\"><\/a><\/p>\n<p>Don Juan abri\u00f3 la batalla disparando sus ca\u00f1ones contra las naves del centro turco, cayendo pronto al menos siete galeras turcas. En respuesta, los turcos hicieron avanzar su flanco central contra las naves de don Juan, produci\u00e9ndose una encarnizada batalla. Tomada la nave capitana, el centro musulm\u00e1n se rompi\u00f3 y bati\u00f3 en retirada. El flanco derecho turco, por su parte, rode\u00f3 a las galeras venecianas, aunque la ayuda de la retaguardia cristiana provoc\u00f3 la huida de los otomanos. La l\u00ednea izquierda turca realiz\u00f3 una maniobra similar, abri\u00e9ndose un hueco que le permiti\u00f3 llegar al coraz\u00f3n de la flota cristiana. Desde la retaguardia, Santa Cruz acudi\u00f3 en ayuda de los cristianos, obligando a los turcos a retirarse.<br \/>\nTras m\u00e1s de cuatro horas de batalla, la victoria cay\u00f3 del lado cristiano, cont\u00e1ndose al menos 25.000 muertos entre los turcos.<\/p>\n<p><strong>Batalla de Rocroi:<\/strong> En 1635 Francia declara la guerra a Espa\u00f1a. Las tropas espa\u00f1olas amenazan Par\u00eds y vencen en Fuenterrab\u00eda. Pero en 1640 comienzan sendas rebeliones en Catalu\u00f1a y en Portugal, apoyadas por Francia e Inglaterra. Para aliviar la presi\u00f3n francesa sobre Catalu\u00f1a, los espa\u00f1oles invaden el norte de Francia desde Flandes. El gran enfrentamiento se producir\u00e1 en 1643, en los campos de Rocroi.<\/p>\n<p><a href=\"https:\/\/blogs.ua.es\/ejercitoenepocamoderna\/files\/2011\/01\/Rocroi.jpg\"><img loading=\"lazy\" decoding=\"async\" class=\"alignnone size-medium wp-image-76\" src=\"https:\/\/blogs.ua.es\/ejercitoenepocamoderna\/files\/2011\/01\/Rocroi-300x244.jpg\" alt=\"\" width=\"300\" height=\"244\" srcset=\"https:\/\/blogs.ua.es\/ejercitoenepocamoderna\/files\/2011\/01\/Rocroi-300x244.jpg 300w, https:\/\/blogs.ua.es\/ejercitoenepocamoderna\/files\/2011\/01\/Rocroi.jpg 939w\" sizes=\"auto, (max-width: 300px) 100vw, 300px\" \/><\/a><\/p>\n<p>El campo de batalla era una llanura, entre un bosque y un pantano. All\u00ed los franceses situaron a sus 23.000 hombres, con la infanter\u00eda en el centro y la caballer\u00eda a los lados, apoyados por la potente artiller\u00eda. Los espa\u00f1oles, por su parte, contaban con unos 22.000 efectivos. En el centro formaron los famosos tercios y la infanter\u00eda, con las alas protegidas por la caballer\u00eda. En primera l\u00ednea, los ca\u00f1ones.<\/p>\n<p><a href=\"https:\/\/blogs.ua.es\/ejercitoenepocamoderna\/files\/2011\/01\/recroi-II1.jpg\"><img loading=\"lazy\" decoding=\"async\" class=\"alignnone size-medium wp-image-78\" src=\"https:\/\/blogs.ua.es\/ejercitoenepocamoderna\/files\/2011\/01\/recroi-II1-300x246.jpg\" alt=\"\" width=\"300\" height=\"246\" srcset=\"https:\/\/blogs.ua.es\/ejercitoenepocamoderna\/files\/2011\/01\/recroi-II1-300x246.jpg 300w, https:\/\/blogs.ua.es\/ejercitoenepocamoderna\/files\/2011\/01\/recroi-II1.jpg 931w\" sizes=\"auto, (max-width: 300px) 100vw, 300px\" \/><\/a><\/p>\n<p>Al amanecer del d\u00eda 19 la caballer\u00eda francesa ataca el flanco izquierdo espa\u00f1ol, pero es rechazada. Una segunda carga, sin embargo, cae sobre la caballer\u00eda espa\u00f1ola del ala izquierda, que se rompe. Entre tanto, el flanco izquierdo franc\u00e9s realiza una nueva carga, rechazada por los espa\u00f1oles, que toman ventaja por ese lado. Sin embargo, la debilidad del ala izquierda espa\u00f1ola permite a la caballer\u00eda francesa caer directamente sobre los tercios imperiales, que apenas pueden sino resistir. En una maniobra sorprendente, la caballer\u00eda francesa ataca la retaguardia espa\u00f1ola, que se ve acosada por dos lados, pues la izquierda francesa se ha rehecho y ha conseguido lanzar su ataque. Rodeados, los tercios no tardan en caer.<br \/>\nLas bajas entre los imperiales debieron cifrarse en unos cuatro mil muertos, la mayor\u00eda espa\u00f1oles, y entre 2.000 y 2.500 prisioneros. En el bando franc\u00e9s fueron unos 2.500 muertos.<\/p>\n","protected":false},"excerpt":{"rendered":"<p>\u00a0Batalla de Pavia: La Monarqu\u00eda hisp\u00e1nica habr\u00e1 de enfrentarse a numerosos frentes externos, siendo Francia, con su rey Francisco I a la cabeza, su principal rival. Entre 1521 y 1526 suceder\u00e1 la primera guerra entre Espa\u00f1a y Francia. La causa: &hellip; <a href=\"https:\/\/blogs.ua.es\/ejercitoenepocamoderna\/principales-batallas\/\">Continue reading <span class=\"meta-nav\">&rarr;<\/span><\/a><\/p>\n","protected":false},"author":1978,"featured_media":0,"parent":0,"menu_order":0,"comment_status":"open","ping_status":"open","template":"","meta":{"footnotes":""},"class_list":["post-67","page","type-page","status-publish","hentry"],"_links":{"self":[{"href":"https:\/\/blogs.ua.es\/ejercitoenepocamoderna\/wp-json\/wp\/v2\/pages\/67","targetHints":{"allow":["GET"]}}],"collection":[{"href":"https:\/\/blogs.ua.es\/ejercitoenepocamoderna\/wp-json\/wp\/v2\/pages"}],"about":[{"href":"https:\/\/blogs.ua.es\/ejercitoenepocamoderna\/wp-json\/wp\/v2\/types\/page"}],"author":[{"embeddable":true,"href":"https:\/\/blogs.ua.es\/ejercitoenepocamoderna\/wp-json\/wp\/v2\/users\/1978"}],"replies":[{"embeddable":true,"href":"https:\/\/blogs.ua.es\/ejercitoenepocamoderna\/wp-json\/wp\/v2\/comments?post=67"}],"version-history":[{"count":10,"href":"https:\/\/blogs.ua.es\/ejercitoenepocamoderna\/wp-json\/wp\/v2\/pages\/67\/revisions"}],"predecessor-version":[{"id":69,"href":"https:\/\/blogs.ua.es\/ejercitoenepocamoderna\/wp-json\/wp\/v2\/pages\/67\/revisions\/69"}],"wp:attachment":[{"href":"https:\/\/blogs.ua.es\/ejercitoenepocamoderna\/wp-json\/wp\/v2\/media?parent=67"}],"curies":[{"name":"wp","href":"https:\/\/api.w.org\/{rel}","templated":true}]}}