{"id":119,"date":"2013-01-17T09:22:37","date_gmt":"2013-01-17T09:22:37","guid":{"rendered":"https:\/\/blogs.ua.es\/ejercitomoderno\/?page_id=119"},"modified":"2013-01-17T09:22:37","modified_gmt":"2013-01-17T09:22:37","slug":"presentacion","status":"publish","type":"page","link":"https:\/\/blogs.ua.es\/ejercitomoderno\/presentacion\/","title":{"rendered":"Presentaci\u00f3n"},"content":{"rendered":"<p>Bienvenido a todos, me llamo Robin y soy belga.<br \/>\nEstoy estudiando la traducci\u00f3n en la Universidad de Alicante.<br \/>\nAll\u00ed, tengo un curso de historia moderna y ten\u00eda que elegir un sujeto para presentar bajo la forma de un blog. Elig\u00ed eso &#8220;El ej\u00e9rcito moderno en los siglos XV y XVI&#8221;<br \/>\nOs dejo descubrir lo que hay \ud83d\ude09<\/p>\n","protected":false},"excerpt":{"rendered":"<p>Bienvenido a todos, me llamo Robin y soy belga. Estoy estudiando la traducci\u00f3n en la Universidad de Alicante. All\u00ed, tengo un curso de historia moderna y ten\u00eda que elegir un sujeto para presentar bajo la forma de un blog. Elig\u00ed eso &#8220;El ej\u00e9rcito moderno en los siglos XV y XVI&#8221; Os dejo descubrir lo que [&hellip;]<\/p>\n","protected":false},"author":2772,"featured_media":0,"parent":0,"menu_order":0,"comment_status":"open","ping_status":"open","template":"","meta":{"footnotes":""},"class_list":["post-119","page","type-page","status-publish","hentry"],"_links":{"self":[{"href":"https:\/\/blogs.ua.es\/ejercitomoderno\/wp-json\/wp\/v2\/pages\/119","targetHints":{"allow":["GET"]}}],"collection":[{"href":"https:\/\/blogs.ua.es\/ejercitomoderno\/wp-json\/wp\/v2\/pages"}],"about":[{"href":"https:\/\/blogs.ua.es\/ejercitomoderno\/wp-json\/wp\/v2\/types\/page"}],"author":[{"embeddable":true,"href":"https:\/\/blogs.ua.es\/ejercitomoderno\/wp-json\/wp\/v2\/users\/2772"}],"replies":[{"embeddable":true,"href":"https:\/\/blogs.ua.es\/ejercitomoderno\/wp-json\/wp\/v2\/comments?post=119"}],"version-history":[{"count":1,"href":"https:\/\/blogs.ua.es\/ejercitomoderno\/wp-json\/wp\/v2\/pages\/119\/revisions"}],"predecessor-version":[{"id":120,"href":"https:\/\/blogs.ua.es\/ejercitomoderno\/wp-json\/wp\/v2\/pages\/119\/revisions\/120"}],"wp:attachment":[{"href":"https:\/\/blogs.ua.es\/ejercitomoderno\/wp-json\/wp\/v2\/media?parent=119"}],"curies":[{"name":"wp","href":"https:\/\/api.w.org\/{rel}","templated":true}]}}