{"id":121,"date":"2013-01-17T09:35:25","date_gmt":"2013-01-17T09:35:25","guid":{"rendered":"https:\/\/blogs.ua.es\/ejercitomoderno\/?page_id=121"},"modified":"2013-01-17T09:38:47","modified_gmt":"2013-01-17T09:38:47","slug":"bibliografia","status":"publish","type":"page","link":"https:\/\/blogs.ua.es\/ejercitomoderno\/bibliografia\/","title":{"rendered":"Bibliogr\u00e1fia"},"content":{"rendered":"<p>En la universidad de Alicante, tengo una enorme Bibli\u00f3teca, por eso, decid\u00ed tomar esos libros :<\/p>\n<p>-La Orden de Santiago en el siglo XV, Pedro Andr\u00e9s Porras Arboledas<br \/>\n-Los monjes de la guerra, Desmond Seward<br \/>\n-La Orden Militar de Calatrava en el siglo XVI, Francisco Fern\u00e1ndez Izquierdo<br \/>\n&#8211; Els Ordes Eq\u00fcestres Militars i Mar\u00edtims i Les Marines Menors de la Mediterr\u00e0nina durante els segles XIII-XVII, Universitat de Barcelona Publications<br \/>\n&#8211; Las ordenes militares en el mediterraneo occidental siglos XIII-XVIII, Casa de Velazquez instituto de estudios manchegos<\/p>\n<p>&nbsp;<\/p>\n","protected":false},"excerpt":{"rendered":"<p>En la universidad de Alicante, tengo una enorme Bibli\u00f3teca, por eso, decid\u00ed tomar esos libros : -La Orden de Santiago en el siglo XV, Pedro Andr\u00e9s Porras Arboledas -Los monjes de la guerra, Desmond Seward -La Orden Militar de Calatrava en el siglo XVI, Francisco Fern\u00e1ndez Izquierdo &#8211; Els Ordes Eq\u00fcestres Militars i Mar\u00edtims i [&hellip;]<\/p>\n","protected":false},"author":2772,"featured_media":0,"parent":0,"menu_order":0,"comment_status":"open","ping_status":"open","template":"","meta":{"footnotes":""},"class_list":["post-121","page","type-page","status-publish","hentry"],"_links":{"self":[{"href":"https:\/\/blogs.ua.es\/ejercitomoderno\/wp-json\/wp\/v2\/pages\/121","targetHints":{"allow":["GET"]}}],"collection":[{"href":"https:\/\/blogs.ua.es\/ejercitomoderno\/wp-json\/wp\/v2\/pages"}],"about":[{"href":"https:\/\/blogs.ua.es\/ejercitomoderno\/wp-json\/wp\/v2\/types\/page"}],"author":[{"embeddable":true,"href":"https:\/\/blogs.ua.es\/ejercitomoderno\/wp-json\/wp\/v2\/users\/2772"}],"replies":[{"embeddable":true,"href":"https:\/\/blogs.ua.es\/ejercitomoderno\/wp-json\/wp\/v2\/comments?post=121"}],"version-history":[{"count":3,"href":"https:\/\/blogs.ua.es\/ejercitomoderno\/wp-json\/wp\/v2\/pages\/121\/revisions"}],"predecessor-version":[{"id":123,"href":"https:\/\/blogs.ua.es\/ejercitomoderno\/wp-json\/wp\/v2\/pages\/121\/revisions\/123"}],"wp:attachment":[{"href":"https:\/\/blogs.ua.es\/ejercitomoderno\/wp-json\/wp\/v2\/media?parent=121"}],"curies":[{"name":"wp","href":"https:\/\/api.w.org\/{rel}","templated":true}]}}