{"id":31,"date":"2013-12-12T08:41:27","date_gmt":"2013-12-12T08:41:27","guid":{"rendered":"https:\/\/blogs.ua.es\/elcampello2\/?page_id=31"},"modified":"2013-12-19T08:35:25","modified_gmt":"2013-12-19T08:35:25","slug":"historia-de-campello","status":"publish","type":"page","link":"https:\/\/blogs.ua.es\/elcampello2\/historia-de-campello\/","title":{"rendered":"Historia de Campello"},"content":{"rendered":"<p style=\"text-align: justify\">Despr\u00e9s de la\u00a0<a title=\"Reconquesta\" href=\"http:\/\/ca.wikipedia.org\/wiki\/Reconquesta\">conquesta cristiana<\/a>\u00a0de la zona pel rei\u00a0<a title=\"Corona de Castella\" href=\"http:\/\/ca.wikipedia.org\/wiki\/Corona_de_Castella\">castell\u00e0<\/a>\u00a0<a title=\"Alfons X el Savi\" href=\"http:\/\/ca.wikipedia.org\/wiki\/Alfons_X_el_Savi\">Alfons X el Savi<\/a>\u00a0a mitjans del\u00a0<a title=\"Segle XIII\" href=\"http:\/\/ca.wikipedia.org\/wiki\/Segle_XIII\">segle XIII<\/a>, el terme del Campello, pel que sembla sense nuclis de poblaci\u00f3 significatius, va passar a formar part del terme de la vila d\u2019<a title=\"Alacant\" href=\"http:\/\/ca.wikipedia.org\/wiki\/Alacant\">Alacant<\/a>, dins de la\u00a0<a title=\"Corona de Castella\" href=\"http:\/\/ca.wikipedia.org\/wiki\/Corona_de_Castella\">Corona de Castella<\/a>. La frontera entre les corones castellanes i aragoneses es trobaven en la zona nord del municipi; arran d\u2019esta condici\u00f3 fronterera inicial, entre les localitats del Campello i La Vila Joiosa (17\u00a0<a title=\"Quil\u00f2metre\" href=\"http:\/\/ca.wikipedia.org\/wiki\/Quil%C3%B2metre\">km<\/a>\u00a0al nord) no es troba cap nucli de poblaci\u00f3 (llevat de les zones de urbanitzacions constru\u00efdes a finals del<a title=\"Segle XX\" href=\"http:\/\/ca.wikipedia.org\/wiki\/Segle_XX\">segle XX<\/a>), el que contrasta amb l\u2019alta densitat de poblaci\u00f3 de la\u00a0<a title=\"Prov\u00edncia d'Alacant\" href=\"http:\/\/ca.wikipedia.org\/wiki\/Prov%C3%ADncia_d%27Alacant\">prov\u00edncia d\u2019Alacant<\/a>. En\u00a0<a title=\"1304\" href=\"http:\/\/ca.wikipedia.org\/wiki\/1304\">1304<\/a>\u00a0la frontera de la\u00a0<a title=\"Corona d'Arag\u00f3\" href=\"http:\/\/ca.wikipedia.org\/wiki\/Corona_d%27Arag%C3%B3\">Corona d\u2019Arag\u00f3<\/a>\u00a0es va despla\u00e7ar cap al sud, de forma que El Campello va passar a dependre, junt a\u00a0<a title=\"Alacant\" href=\"http:\/\/ca.wikipedia.org\/wiki\/Alacant\">Alacant<\/a>, del\u00a0<a title=\"Regne de Val\u00e8ncia\" href=\"http:\/\/ca.wikipedia.org\/wiki\/Regne_de_Val%C3%A8ncia\">Regne de Val\u00e8ncia<\/a>\u00a0per la\u00a0<a title=\"Sent\u00e8ncia Arbitral de Torrellas\" href=\"http:\/\/ca.wikipedia.org\/wiki\/Sent%C3%A8ncia_Arbitral_de_Torrellas\">Sent\u00e8ncia Arbitral de Torrellas<\/a>. En\u00a0<a title=\"1475\" href=\"http:\/\/ca.wikipedia.org\/wiki\/1475\">1475<\/a>, tots els terrenys del terme apareixien formant un senyoriu propietat de don Alfonso Mart\u00ednez de Vera, descendent dels Reis de\u00a0<a title=\"Regne de Navarra\" href=\"http:\/\/ca.wikipedia.org\/wiki\/Regne_de_Navarra\">Navarra<\/a>, dins sempre de la jurisdicci\u00f3 d\u2019Alacant.<\/p>\n<p style=\"text-align: justify\">Les nombroses incursions de\u00a0<a title=\"Pirateria mar\u00edtima\" href=\"http:\/\/ca.wikipedia.org\/wiki\/Pirateria_mar%C3%ADtima\">pirates<\/a>\u00a0<a title=\"Berbers\" href=\"http:\/\/ca.wikipedia.org\/wiki\/Berbers\">berbers<\/a>, que durant el\u00a0<a title=\"Segle XVI\" href=\"http:\/\/ca.wikipedia.org\/wiki\/Segle_XVI\">segle XVI<\/a>\u00a0assetjaven cont\u00ednuament tota la costa mediterr\u00e0nia, provocaren la construcci\u00f3, entre\u00a0<a title=\"1554\" href=\"http:\/\/ca.wikipedia.org\/wiki\/1554\">1554<\/a>\u00a0i\u00a0<a title=\"1557\" href=\"http:\/\/ca.wikipedia.org\/wiki\/1557\">1557<\/a>, d\u2019una torre de vigil\u00e0ncia; encara en peu, es troba en una elevaci\u00f3 a l\u2019altura del port.<\/p>\n<p style=\"text-align: justify\">Despr\u00e9s de passar per diverses mans, en el\u00a0<a title=\"Segle XVIII\" href=\"http:\/\/ca.wikipedia.org\/wiki\/Segle_XVIII\">segle XVIII<\/a>\u00a0la primogenitura va acabar sent propietat de don Nicol\u00e1s P\u00e9rez de Sarri\u00f3, qui va comen\u00e7ar a colonitzar les terres municipals, i en\u00a0<a title=\"1775\" href=\"http:\/\/ca.wikipedia.org\/wiki\/1775\">1775<\/a>\u00a0es firmaren les bases per a crear un poble en el lloc. En\u00a0<a title=\"1795\" href=\"http:\/\/ca.wikipedia.org\/wiki\/1795\">1795<\/a>, es va establir una drassana en la desembocadura del\u00a0<a title=\"Riu Montnegre\" href=\"http:\/\/ca.wikipedia.org\/wiki\/Riu_Montnegre\">Riu Montnegre<\/a>, donant aix\u00ed un gran impuls al Barri de Pescadors. En\u00a0<a title=\"1827\" href=\"http:\/\/ca.wikipedia.org\/wiki\/1827\">1827<\/a>, el servici religi\u00f3s va passar a dependre de la parr\u00f2quia de\u00a0<a title=\"Sant Joan d'Alacant\" href=\"http:\/\/ca.wikipedia.org\/wiki\/Sant_Joan_d%27Alacant\">Sant Joan<\/a>, fins a l\u2019establiment d\u2019una parr\u00f2quia pr\u00f2pia en\u00a0<a title=\"1873\" href=\"http:\/\/ca.wikipedia.org\/wiki\/1873\">1873<\/a>. El Campello constitu\u00efa una partida rural d\u2019Alacant fins la seua segregaci\u00f3 d\u2019aquest municipi en\u00a0<a title=\"1901\" href=\"http:\/\/ca.wikipedia.org\/wiki\/1901\">1901<\/a>, constituint-se des d\u2019en\u00e7\u00e0 com a\u00a0<a title=\"Ajuntament\" href=\"http:\/\/ca.wikipedia.org\/wiki\/Ajuntament\">ajuntament<\/a>\u00a0propi.<\/p>\n<p style=\"text-align: justify\">En\u00a0<a title=\"1914\" href=\"http:\/\/ca.wikipedia.org\/wiki\/1914\">1914<\/a>, es va construir la l\u00ednia de ferrocarril\u00a0<a title=\"Alacant\" href=\"http:\/\/ca.wikipedia.org\/wiki\/Alacant\">Alacant<\/a>&#8211;<a title=\"D\u00e9nia\" href=\"http:\/\/ca.wikipedia.org\/wiki\/D%C3%A9nia\">D\u00e9nia<\/a>\u00a0(el descendent del qual \u00e9s el\u00a0<a title=\"TRAM Metropolit\u00e0 d'Alacant\" href=\"http:\/\/ca.wikipedia.org\/wiki\/TRAM_Metropolit%C3%A0_d%27Alacant\">TRAM Metropolit\u00e0 d\u2019Alacant<\/a>) que passava per la localitat, contribuint en gran mesura al desenvolupament econ\u00f2mic i urban\u00edstic del municipi. A partir dels\u00a0<a title=\"Anys 50\" href=\"http:\/\/ca.wikipedia.org\/wiki\/Anys_50\">anys 50<\/a>, el turisme i la proximitat d\u2019<a title=\"Alacant\" href=\"http:\/\/ca.wikipedia.org\/wiki\/Alacant\">Alacant<\/a>\u00a0han canviat profundament la fisonomia del municipi amb un important\u00a0<i>boom<\/i>\u00a0urban\u00edstic.<\/p>\n<figure id=\"attachment_17\" aria-describedby=\"caption-attachment-17\" style=\"width: 300px\" class=\"wp-caption alignnone\"><a href=\"https:\/\/blogs.ua.es\/elcampello2\/files\/2013\/11\/illetaaerea2.jpg\"><img loading=\"lazy\" decoding=\"async\" class=\"size-medium wp-image-17\" alt=\"Yacimiento arqueol\u00f3gico de la Illeta del Campello. Restos del  neol\u00edtico, \u00e9poca \u00edbera, romana y medieval.\" src=\"https:\/\/blogs.ua.es\/elcampello2\/files\/2013\/11\/illetaaerea2-300x212.jpg\" width=\"300\" height=\"212\" srcset=\"https:\/\/blogs.ua.es\/elcampello2\/files\/2013\/11\/illetaaerea2-300x212.jpg 300w, https:\/\/blogs.ua.es\/elcampello2\/files\/2013\/11\/illetaaerea2.jpg 450w\" sizes=\"auto, (max-width: 300px) 100vw, 300px\" \/><\/a><figcaption id=\"caption-attachment-17\" class=\"wp-caption-text\">Yacimiento arqueol\u00f3gico de la Illeta del Campello. Restos del neol\u00edtico, \u00e9poca \u00edbera, romana y medieval.<\/figcaption><\/figure>\n","protected":false},"excerpt":{"rendered":"<p>Despr\u00e9s de la\u00a0conquesta cristiana\u00a0de la zona pel rei\u00a0castell\u00e0\u00a0Alfons X el Savi\u00a0a mitjans del\u00a0segle XIII, el terme del Campello, pel que sembla sense nuclis de poblaci\u00f3 significatius, va passar a formar part del terme de la vila d\u2019Alacant, dins de la\u00a0Corona de Castella. La frontera entre les corones castellanes i aragoneses es trobaven en la zona &hellip; <a href=\"https:\/\/blogs.ua.es\/elcampello2\/historia-de-campello\/\" class=\"more-link\">Continue reading <span class=\"screen-reader-text\">Historia de Campello<\/span> <span class=\"meta-nav\">&rarr;<\/span><\/a><\/p>\n","protected":false},"author":3272,"featured_media":0,"parent":0,"menu_order":0,"comment_status":"open","ping_status":"open","template":"","meta":{"footnotes":""},"class_list":["post-31","page","type-page","status-publish","hentry"],"_links":{"self":[{"href":"https:\/\/blogs.ua.es\/elcampello2\/wp-json\/wp\/v2\/pages\/31","targetHints":{"allow":["GET"]}}],"collection":[{"href":"https:\/\/blogs.ua.es\/elcampello2\/wp-json\/wp\/v2\/pages"}],"about":[{"href":"https:\/\/blogs.ua.es\/elcampello2\/wp-json\/wp\/v2\/types\/page"}],"author":[{"embeddable":true,"href":"https:\/\/blogs.ua.es\/elcampello2\/wp-json\/wp\/v2\/users\/3272"}],"replies":[{"embeddable":true,"href":"https:\/\/blogs.ua.es\/elcampello2\/wp-json\/wp\/v2\/comments?post=31"}],"version-history":[{"count":3,"href":"https:\/\/blogs.ua.es\/elcampello2\/wp-json\/wp\/v2\/pages\/31\/revisions"}],"predecessor-version":[{"id":39,"href":"https:\/\/blogs.ua.es\/elcampello2\/wp-json\/wp\/v2\/pages\/31\/revisions\/39"}],"wp:attachment":[{"href":"https:\/\/blogs.ua.es\/elcampello2\/wp-json\/wp\/v2\/media?parent=31"}],"curies":[{"name":"wp","href":"https:\/\/api.w.org\/{rel}","templated":true}]}}