{"id":7,"date":"2013-11-15T09:24:57","date_gmt":"2013-11-15T09:24:57","guid":{"rendered":"https:\/\/blogs.ua.es\/elcampello2\/?page_id=7"},"modified":"2014-01-13T19:00:01","modified_gmt":"2014-01-13T19:00:01","slug":"explicacion","status":"publish","type":"page","link":"https:\/\/blogs.ua.es\/elcampello2\/explicacion\/","title":{"rendered":"Explicaci\u00f3n"},"content":{"rendered":"<p>Este blog se trata de un trabajo que hemos tenido que hacer los alumnos de\u00a0<em>Fuentes y Documentos para la Historia<\/em>\u00a0de la Universidad de Alicante. El trabajo consist\u00eda en hacer fotograf\u00edas a escrituras expuestas situadas en el municipio que hab\u00edamos elegido. Una vez hecho eso deb\u00edamos de colgarlas en el blog, a\u00f1adiendo su categor\u00eda correspondiente, la fecha en la que se realiz\u00f3 la foto y donde est\u00e1 situada la escritura. Adem\u00e1s deb\u00edamos de poner un peque\u00f1o comentario de la foto.<\/p>\n","protected":false},"excerpt":{"rendered":"<p>Este blog se trata de un trabajo que hemos tenido que hacer los alumnos de\u00a0Fuentes y Documentos para la Historia\u00a0de la Universidad de Alicante. El trabajo consist\u00eda en hacer fotograf\u00edas a escrituras expuestas situadas en el municipio que hab\u00edamos elegido. Una vez hecho eso deb\u00edamos de colgarlas en el blog, a\u00f1adiendo su categor\u00eda correspondiente, la &hellip; <a href=\"https:\/\/blogs.ua.es\/elcampello2\/explicacion\/\" class=\"more-link\">Continue reading <span class=\"screen-reader-text\">Explicaci\u00f3n<\/span> <span class=\"meta-nav\">&rarr;<\/span><\/a><\/p>\n","protected":false},"author":3256,"featured_media":0,"parent":0,"menu_order":1,"comment_status":"open","ping_status":"open","template":"","meta":{"footnotes":""},"class_list":["post-7","page","type-page","status-publish","hentry"],"_links":{"self":[{"href":"https:\/\/blogs.ua.es\/elcampello2\/wp-json\/wp\/v2\/pages\/7","targetHints":{"allow":["GET"]}}],"collection":[{"href":"https:\/\/blogs.ua.es\/elcampello2\/wp-json\/wp\/v2\/pages"}],"about":[{"href":"https:\/\/blogs.ua.es\/elcampello2\/wp-json\/wp\/v2\/types\/page"}],"author":[{"embeddable":true,"href":"https:\/\/blogs.ua.es\/elcampello2\/wp-json\/wp\/v2\/users\/3256"}],"replies":[{"embeddable":true,"href":"https:\/\/blogs.ua.es\/elcampello2\/wp-json\/wp\/v2\/comments?post=7"}],"version-history":[{"count":3,"href":"https:\/\/blogs.ua.es\/elcampello2\/wp-json\/wp\/v2\/pages\/7\/revisions"}],"predecessor-version":[{"id":167,"href":"https:\/\/blogs.ua.es\/elcampello2\/wp-json\/wp\/v2\/pages\/7\/revisions\/167"}],"wp:attachment":[{"href":"https:\/\/blogs.ua.es\/elcampello2\/wp-json\/wp\/v2\/media?parent=7"}],"curies":[{"name":"wp","href":"https:\/\/api.w.org\/{rel}","templated":true}]}}