{"id":9,"date":"2013-11-15T09:26:34","date_gmt":"2013-11-15T09:26:34","guid":{"rendered":"https:\/\/blogs.ua.es\/elcampello2\/?page_id=9"},"modified":"2014-01-13T19:02:08","modified_gmt":"2014-01-13T19:02:08","slug":"valoracion","status":"publish","type":"page","link":"https:\/\/blogs.ua.es\/elcampello2\/valoracion\/","title":{"rendered":"Valoraci\u00f3n"},"content":{"rendered":"<p>El trabajo me ha parecido interesante, pero me ha resultado complicado realizar el comentario de algunas fotograf\u00edas porque no sab\u00eda que decir. Aun as\u00ed pienso que ha estado entretenido. Y puedo decir que Campello cuenta con con pr\u00e1cticamente todas las categor\u00edas que nos asignaron.<\/p>\n","protected":false},"excerpt":{"rendered":"<p>El trabajo me ha parecido interesante, pero me ha resultado complicado realizar el comentario de algunas fotograf\u00edas porque no sab\u00eda que decir. Aun as\u00ed pienso que ha estado entretenido. Y puedo decir que Campello cuenta con con pr\u00e1cticamente todas las categor\u00edas que nos asignaron.<\/p>\n","protected":false},"author":3256,"featured_media":0,"parent":0,"menu_order":2,"comment_status":"open","ping_status":"open","template":"","meta":{"footnotes":""},"class_list":["post-9","page","type-page","status-publish","hentry"],"_links":{"self":[{"href":"https:\/\/blogs.ua.es\/elcampello2\/wp-json\/wp\/v2\/pages\/9","targetHints":{"allow":["GET"]}}],"collection":[{"href":"https:\/\/blogs.ua.es\/elcampello2\/wp-json\/wp\/v2\/pages"}],"about":[{"href":"https:\/\/blogs.ua.es\/elcampello2\/wp-json\/wp\/v2\/types\/page"}],"author":[{"embeddable":true,"href":"https:\/\/blogs.ua.es\/elcampello2\/wp-json\/wp\/v2\/users\/3256"}],"replies":[{"embeddable":true,"href":"https:\/\/blogs.ua.es\/elcampello2\/wp-json\/wp\/v2\/comments?post=9"}],"version-history":[{"count":3,"href":"https:\/\/blogs.ua.es\/elcampello2\/wp-json\/wp\/v2\/pages\/9\/revisions"}],"predecessor-version":[{"id":169,"href":"https:\/\/blogs.ua.es\/elcampello2\/wp-json\/wp\/v2\/pages\/9\/revisions\/169"}],"wp:attachment":[{"href":"https:\/\/blogs.ua.es\/elcampello2\/wp-json\/wp\/v2\/media?parent=9"}],"curies":[{"name":"wp","href":"https:\/\/api.w.org\/{rel}","templated":true}]}}