{"id":10,"date":"2013-11-15T11:50:02","date_gmt":"2013-11-15T11:50:02","guid":{"rendered":"https:\/\/blogs.ua.es\/elche5\/?page_id=10"},"modified":"2014-01-11T11:59:10","modified_gmt":"2014-01-11T11:59:10","slug":"valoracion","status":"publish","type":"page","link":"https:\/\/blogs.ua.es\/elche5\/valoracion\/","title":{"rendered":"Valoraci\u00f3n"},"content":{"rendered":"<p><span style=\"color: #333333\"><span style=\"font-family: Georgia, 'Times New Roman', 'Bitstream Charter', Times, serif\"><span>La motivaci\u00f3n principal ha sido mostrar el graffiti no s\u00f3lo como expresi\u00f3n art\u00edstica que sobrepasa los l\u00edmites de las superficies de plasmaci\u00f3n convencionales sino tambi\u00e9n, como una cultura y forma de pensamiento que surge en los a\u00f1os 60 y adquiere gran relevancia hasta nuestros d\u00edas.<\/span><\/span><\/span><\/p>\n<p><span style=\"color: #333333\"><span style=\"font-family: Georgia, 'Times New Roman', 'Bitstream Charter', Times, serif\"><span>El arte urbano no es s\u00f3lo algo que hacer en los ratos libres sino que muchos de estos writers, nombre por el que tambi\u00e9n se conoce a los graffiteros, poseen estudios en diferentes disciplinas art\u00edsticas e intentan hacer de sus capacidades un modo de vida e introducirse en el mundo laboral. Desafortunadamente, como todos sabemos, el arte es una de las disciplinas m\u00e1s subjetivas y obtener reconocimiento en \u00e9l va a depender de factores tan dispares como \u00e9pocas hist\u00f3ricas ha habido, corrientes de pensamiento y tendencias.<\/span><\/span><\/span><\/p>\n<p><span style=\"color: #333333\"><span style=\"font-family: Georgia, 'Times New Roman', 'Bitstream Charter', Times, serif\"><span>Probablemente el aspecto m\u00e1s importante a destacar en la elaboraci\u00f3n del trabajo sea la dificultad para la documentaci\u00f3n a causa de la escasez de fuentes y la necesaria interpretaci\u00f3n de aquello que se muestra.\u00a0<\/span><\/span><\/span><\/p>\n<p><span style=\"color: #333333\"><span style=\"font-family: Georgia, 'Times New Roman', 'Bitstream Charter', Times, serif\"><span>Nos gustar\u00eda hacer una menci\u00f3n especial a determinadas personas que han hecho m\u00e1s f\u00e1cil la realizaci\u00f3n de este blog. Por un lado el personal directivo del Instituto Carr\u00fas formado por Ana Guilabert, jefa de estudios del nocturno y Mois\u00e9s Navarro, vicedirector del centro, que han permitido la localizaci\u00f3n de las personas a cargo de la elaboraci\u00f3n del mural del centro. <\/span><\/span><\/span><\/p>\n<p><span style=\"color: #333333\"><span style=\"font-family: Georgia, 'Times New Roman', 'Bitstream Charter', Times, serif\"><span>Adri\u00e1n Parra y Adri\u00e1n Girona y el graffitero Mise no s\u00f3lo nos han ayudado a entender el contenido de un mural sino que en gran medida han colaborado en la creaci\u00f3n de este blog permiti\u00e9ndonos entrar en un conocimiento m\u00e1s profundo de esta cultura y nos proporcionaron numerosas localizaciones y conceptos claves para entender aquello que ve\u00edamos.<\/span><\/span><\/span><\/p>\n<p><span style=\"color: #333333\"><span style=\"font-family: Georgia, 'Times New Roman', 'Bitstream Charter', Times, serif\"><span>Por otra parte empresas como &#8221;<\/span><\/span><\/span><span style=\"color: #333333\"><span style=\"font-family: Georgia, 'Times New Roman', 'Bitstream Charter', Times, serif\"><span>Muebles Meseguer S.L.&#8221; y &#8221;Ad\u00e1n y Eva&#8221;, las cuales<\/span><\/span><\/span><span style=\"color: #333333\"><span style=\"font-family: Georgia, 'Times New Roman', 'Bitstream Charter', Times, serif\"><span> han mostrado una gran predisposici\u00f3n a colaborar dej\u00e1ndonos fotografiar elementos de su empresa.<\/span><\/span><\/span><\/p>\n<p><span style=\"color: #333333\"><span style=\"font-family: Georgia, 'Times New Roman', 'Bitstream Charter', Times, serif\"><span>Otras personas como amigos y familia que siempre est\u00e1n ah\u00ed para darnos un consejo, mostrar una visi\u00f3n cr\u00edtica del trabajo y por supuesto a Antonio Carrasco por su orientaci\u00f3n acad\u00e9mica.<\/span><\/span><\/span><\/p>\n","protected":false},"excerpt":{"rendered":"<p>La motivaci\u00f3n principal ha sido mostrar el graffiti no s\u00f3lo como expresi\u00f3n art\u00edstica que sobrepasa los l\u00edmites de las superficies de plasmaci\u00f3n convencionales sino tambi\u00e9n, como una cultura y forma de pensamiento que surge en los a\u00f1os 60 y adquiere gran relevancia hasta nuestros d\u00edas. El arte urbano no es s\u00f3lo algo que hacer en [&hellip;]<\/p>\n","protected":false},"author":1933,"featured_media":0,"parent":0,"menu_order":2,"comment_status":"open","ping_status":"open","template":"","meta":{"footnotes":""},"class_list":["post-10","page","type-page","status-publish","hentry"],"_links":{"self":[{"href":"https:\/\/blogs.ua.es\/elche5\/wp-json\/wp\/v2\/pages\/10","targetHints":{"allow":["GET"]}}],"collection":[{"href":"https:\/\/blogs.ua.es\/elche5\/wp-json\/wp\/v2\/pages"}],"about":[{"href":"https:\/\/blogs.ua.es\/elche5\/wp-json\/wp\/v2\/types\/page"}],"author":[{"embeddable":true,"href":"https:\/\/blogs.ua.es\/elche5\/wp-json\/wp\/v2\/users\/1933"}],"replies":[{"embeddable":true,"href":"https:\/\/blogs.ua.es\/elche5\/wp-json\/wp\/v2\/comments?post=10"}],"version-history":[{"count":8,"href":"https:\/\/blogs.ua.es\/elche5\/wp-json\/wp\/v2\/pages\/10\/revisions"}],"predecessor-version":[{"id":793,"href":"https:\/\/blogs.ua.es\/elche5\/wp-json\/wp\/v2\/pages\/10\/revisions\/793"}],"wp:attachment":[{"href":"https:\/\/blogs.ua.es\/elche5\/wp-json\/wp\/v2\/media?parent=10"}],"curies":[{"name":"wp","href":"https:\/\/api.w.org\/{rel}","templated":true}]}}