{"id":6,"date":"2013-11-15T11:48:44","date_gmt":"2013-11-15T11:48:44","guid":{"rendered":"https:\/\/blogs.ua.es\/elche5\/?page_id=6"},"modified":"2014-01-10T17:40:24","modified_gmt":"2014-01-10T17:40:24","slug":"pagina-de-presentacion","status":"publish","type":"page","link":"https:\/\/blogs.ua.es\/elche5\/pagina-de-presentacion\/","title":{"rendered":"Presentaci\u00f3n"},"content":{"rendered":"<p>Un grupo de alumnos de la <a title=\"Universidad de Alicante\" href=\"http:\/\/www.ua.es\" target=\"_blank\">Universidad de Alicante<\/a>\u00a0compuesto por\u00a0<strong>Alejandro S\u00e1nchez Esp\u00edn<\/strong>, <strong>Hermenegildo Rodr\u00edguez Calero<\/strong>, <strong>Rosa G\u00f3mez Ferri<\/strong> y <strong>Saray Pons Valero <\/strong>de 1\u00ba curso del\u00a0grado de Historia vamos a\u00a0desarrollar un Blog de escrituras expuestas para la asignatura de<em> Fuentes y Documentos para la Historia.<\/em><\/p>\n<p>Este blog est\u00e1 orientado al arte urbano, concretamente graffitis textuales,\u00a0de la\u00a0ciudad alicantina de Elche, desde una perspectiva hist\u00f3rica y siguiendo unas pautas de localizaci\u00f3n, interpretaci\u00f3n, documentaci\u00f3n y difusi\u00f3n.<\/p>\n","protected":false},"excerpt":{"rendered":"<p>Un grupo de alumnos de la Universidad de Alicante\u00a0compuesto por\u00a0Alejandro S\u00e1nchez Esp\u00edn, Hermenegildo Rodr\u00edguez Calero, Rosa G\u00f3mez Ferri y Saray Pons Valero de 1\u00ba curso del\u00a0grado de Historia vamos a\u00a0desarrollar un Blog de escrituras expuestas para la asignatura de Fuentes y Documentos para la Historia. Este blog est\u00e1 orientado al arte urbano, concretamente graffitis textuales,\u00a0de [&hellip;]<\/p>\n","protected":false},"author":1933,"featured_media":0,"parent":0,"menu_order":0,"comment_status":"open","ping_status":"open","template":"","meta":{"footnotes":""},"class_list":["post-6","page","type-page","status-publish","hentry"],"_links":{"self":[{"href":"https:\/\/blogs.ua.es\/elche5\/wp-json\/wp\/v2\/pages\/6","targetHints":{"allow":["GET"]}}],"collection":[{"href":"https:\/\/blogs.ua.es\/elche5\/wp-json\/wp\/v2\/pages"}],"about":[{"href":"https:\/\/blogs.ua.es\/elche5\/wp-json\/wp\/v2\/types\/page"}],"author":[{"embeddable":true,"href":"https:\/\/blogs.ua.es\/elche5\/wp-json\/wp\/v2\/users\/1933"}],"replies":[{"embeddable":true,"href":"https:\/\/blogs.ua.es\/elche5\/wp-json\/wp\/v2\/comments?post=6"}],"version-history":[{"count":4,"href":"https:\/\/blogs.ua.es\/elche5\/wp-json\/wp\/v2\/pages\/6\/revisions"}],"predecessor-version":[{"id":748,"href":"https:\/\/blogs.ua.es\/elche5\/wp-json\/wp\/v2\/pages\/6\/revisions\/748"}],"wp:attachment":[{"href":"https:\/\/blogs.ua.es\/elche5\/wp-json\/wp\/v2\/media?parent=6"}],"curies":[{"name":"wp","href":"https:\/\/api.w.org\/{rel}","templated":true}]}}