{"id":8,"date":"2013-11-15T11:49:51","date_gmt":"2013-11-15T11:49:51","guid":{"rendered":"https:\/\/blogs.ua.es\/elche5\/?page_id=8"},"modified":"2014-01-10T20:44:14","modified_gmt":"2014-01-10T20:44:14","slug":"explicacion","status":"publish","type":"page","link":"https:\/\/blogs.ua.es\/elche5\/explicacion\/","title":{"rendered":"Explicaci\u00f3n"},"content":{"rendered":"<p><span style=\"color: #333333\"><span style=\"font-family: Georgia, 'Times New Roman', 'Bitstream Charter', Times, serif\"><span>Para la realizaci\u00f3n de este blog se ha llevado a cabo un trabajo conjunto entre los cuatro colaboradores, Alejandro S\u00e1nchez, Rosa G\u00f3mez, Hermenegildo Rodr\u00edguez y Saray Pons, tanto de investigaci\u00f3n y captaci\u00f3n de las im\u00e1genes e informaci\u00f3n como de redacci\u00f3n de la misma.<\/span><\/span><\/span><\/p>\n<p><span style=\"color: #333333\"><span style=\"font-family: Georgia, 'Times New Roman', 'Bitstream Charter', Times, serif\"><span>Durante nuestro periodo de investigaci\u00f3n pudimos entablar contacto con graffiteros ilicitanos que nos explicaron que &#8221;un te quiero&#8221; no forma parte de esta cultura pero a\u00fan as\u00ed sigue siendo un tipo de escritura expuesta dentro del concepto de &#8221;expresionismo callejero&#8221; que no debe ser confundido con el &#8221;arte urbano&#8221;.<\/span><\/span><\/span><\/p>\n<p><span style=\"color: #333333\"><span style=\"font-family: Georgia, 'Times New Roman', 'Bitstream Charter', Times, serif\"><span>Ambos conceptos van de la mano y son coet\u00e1neos en el tiempo pero el primero surge como forma de manifestaci\u00f3n anti-sistema y el segundo se centra en la pretensi\u00f3n de dejar constancia ante los dem\u00e1s de nuestra presencia en el mundo.<\/span><\/span><\/span><\/p>\n<p><span style=\"color: #333333\"><span style=\"font-family: Georgia, 'Times New Roman', 'Bitstream Charter', Times, serif\"><span>Nuestra b\u00fasqueda del graffiti nos ha llevado a pasear entre v\u00edas de tren, saltar muros y verjas con grandes carteles de &#8221;prohibido&#8221;, vernos allanando la casa de alg\u00fan indigente o siendo observados por transe\u00fantes intrigados como si no pudieran ver en la &#8221;pintada&#8221; aquello que tanto atra\u00eda nuestra atenci\u00f3n.<\/span><\/span><\/span><\/p>\n<p><span style=\"color: #333333\"><span style=\"font-family: Georgia, 'Times New Roman', 'Bitstream Charter', Times, serif\"><span>La elaboraci\u00f3n del blog no ha sido \u00fanicamente un trabajo de campo sino tambi\u00e9n de interpretaci\u00f3n y de documentaci\u00f3n a trav\u00e9s de referencias bibliogr\u00e1ficas diversas e incluso orales mediante entrevistas a personas relacionadas con la cultura del graffiti.<\/span><\/span><\/span><\/p>\n","protected":false},"excerpt":{"rendered":"<p>Para la realizaci\u00f3n de este blog se ha llevado a cabo un trabajo conjunto entre los cuatro colaboradores, Alejandro S\u00e1nchez, Rosa G\u00f3mez, Hermenegildo Rodr\u00edguez y Saray Pons, tanto de investigaci\u00f3n y captaci\u00f3n de las im\u00e1genes e informaci\u00f3n como de redacci\u00f3n de la misma. Durante nuestro periodo de investigaci\u00f3n pudimos entablar contacto con graffiteros ilicitanos que [&hellip;]<\/p>\n","protected":false},"author":1933,"featured_media":0,"parent":0,"menu_order":1,"comment_status":"open","ping_status":"open","template":"","meta":{"footnotes":""},"class_list":["post-8","page","type-page","status-publish","hentry"],"_links":{"self":[{"href":"https:\/\/blogs.ua.es\/elche5\/wp-json\/wp\/v2\/pages\/8","targetHints":{"allow":["GET"]}}],"collection":[{"href":"https:\/\/blogs.ua.es\/elche5\/wp-json\/wp\/v2\/pages"}],"about":[{"href":"https:\/\/blogs.ua.es\/elche5\/wp-json\/wp\/v2\/types\/page"}],"author":[{"embeddable":true,"href":"https:\/\/blogs.ua.es\/elche5\/wp-json\/wp\/v2\/users\/1933"}],"replies":[{"embeddable":true,"href":"https:\/\/blogs.ua.es\/elche5\/wp-json\/wp\/v2\/comments?post=8"}],"version-history":[{"count":4,"href":"https:\/\/blogs.ua.es\/elche5\/wp-json\/wp\/v2\/pages\/8\/revisions"}],"predecessor-version":[{"id":780,"href":"https:\/\/blogs.ua.es\/elche5\/wp-json\/wp\/v2\/pages\/8\/revisions\/780"}],"wp:attachment":[{"href":"https:\/\/blogs.ua.es\/elche5\/wp-json\/wp\/v2\/media?parent=8"}],"curies":[{"name":"wp","href":"https:\/\/api.w.org\/{rel}","templated":true}]}}