{"id":4,"date":"2013-11-15T11:48:38","date_gmt":"2013-11-15T11:48:38","guid":{"rendered":"https:\/\/blogs.ua.es\/elche8\/?page_id=4"},"modified":"2013-11-15T11:48:38","modified_gmt":"2013-11-15T11:48:38","slug":"presentacion","status":"publish","type":"page","link":"https:\/\/blogs.ua.es\/elche8\/presentacion\/","title":{"rendered":"Presentaci\u00f3n"},"content":{"rendered":"<p>Hola, somos los alumnos\u00a0<strong>C\u00e9sar Feij\u00f3o, Christian S\u00e1nchez y Juan Antonio Ramos. <\/strong>Estamos cursando primer curso del grado de Geograf\u00eda y ordenaci\u00f3n del territorio de la<a href=\"http:\/\/www.ua.es\" target=\"_blank\"> Universidad de Alicante<\/a>. Presentamos este trabajo de la asignatura de Fuentes y documentos para la historia, sobre \u00a0escrituras expuestas de la poblaci\u00f3n de Elche. En este trabajo nos corresponde la categor\u00eda \u00a08, donde trataremos el tema de la publicidad fija \u00a0y est\u00e1tica en todo el t\u00e9rmino municipal ilicitano.<\/p>\n","protected":false},"excerpt":{"rendered":"<p>Hola, somos los alumnos\u00a0C\u00e9sar Feij\u00f3o, Christian S\u00e1nchez y Juan Antonio Ramos. Estamos cursando primer curso del grado de Geograf\u00eda y ordenaci\u00f3n del territorio de la Universidad de Alicante. Presentamos este trabajo de la asignatura de Fuentes y documentos para la historia, sobre \u00a0escrituras expuestas de la poblaci\u00f3n de Elche. En este trabajo nos corresponde la [&hellip;]<\/p>\n","protected":false},"author":3328,"featured_media":0,"parent":0,"menu_order":0,"comment_status":"open","ping_status":"open","template":"","meta":{"footnotes":""},"class_list":["post-4","page","type-page","status-publish","hentry"],"_links":{"self":[{"href":"https:\/\/blogs.ua.es\/elche8\/wp-json\/wp\/v2\/pages\/4","targetHints":{"allow":["GET"]}}],"collection":[{"href":"https:\/\/blogs.ua.es\/elche8\/wp-json\/wp\/v2\/pages"}],"about":[{"href":"https:\/\/blogs.ua.es\/elche8\/wp-json\/wp\/v2\/types\/page"}],"author":[{"embeddable":true,"href":"https:\/\/blogs.ua.es\/elche8\/wp-json\/wp\/v2\/users\/3328"}],"replies":[{"embeddable":true,"href":"https:\/\/blogs.ua.es\/elche8\/wp-json\/wp\/v2\/comments?post=4"}],"version-history":[{"count":2,"href":"https:\/\/blogs.ua.es\/elche8\/wp-json\/wp\/v2\/pages\/4\/revisions"}],"predecessor-version":[{"id":6,"href":"https:\/\/blogs.ua.es\/elche8\/wp-json\/wp\/v2\/pages\/4\/revisions\/6"}],"wp:attachment":[{"href":"https:\/\/blogs.ua.es\/elche8\/wp-json\/wp\/v2\/media?parent=4"}],"curies":[{"name":"wp","href":"https:\/\/api.w.org\/{rel}","templated":true}]}}